{"id":564,"date":"2025-08-23T22:35:48","date_gmt":"2025-08-23T21:35:48","guid":{"rendered":"https:\/\/megamillionsticketonline.com\/ev\/"},"modified":"2025-08-23T22:35:48","modified_gmt":"2025-08-23T21:35:48","slug":"ev","status":"publish","type":"page","link":"https:\/\/megamillionsticketonline.com\/tr\/","title":{"rendered":"Ev"},"content":{"rendered":"<p>Mega Millions Lotto, ABD&#8217;deki en \u00fcnl\u00fc piyangolardan biridir. Kazanman\u0131n bir\u00e7ok yolu ve 10 ila 600 M\u0130LYON dolar aras\u0131nda de\u011fi\u015febilen B\u00dcY\u00dcK bir ikramiye \u00f6d\u00fcl\u00fc sunar! 2012 y\u0131l\u0131nda bu piyangonun b\u00fcy\u00fck ikramiyesini toplam sekiz ki\u015fi kazanm\u0131\u015ft\u0131r. Ancak, 2018&#8217;de 1.550 milyon dolarl\u0131k \u015fa\u015f\u0131rt\u0131c\u0131 bir Mega Millions ikramiyesi kazan\u0131lm\u0131\u015ft\u0131r &#8211; bir piyango \u00f6d\u00fcl\u00fc i\u00e7in d\u00fcnya rekoru!<\/p>\n<p>Mega Millions piyangosunun sundu\u011fu ikramiyeler rakipsizdir ve di\u011fer piyangolar\u0131n en yo\u011fun d\u00f6nemlerinde sunduklar\u0131yla ayn\u0131 b\u00fcy\u00fckl\u00fcktedir. En fazla oyuncu ABD&#8217;den gelse ve piyango bu \u00fclke sakinleri i\u00e7in tasarlanm\u0131\u015f olsa da, d\u00fcnyan\u0131n her yerinden oynamak m\u00fcmk\u00fcnd\u00fcr! <strong><span style=\"text-decoration: underline;\"><a href=\"https:\/\/redfoxlotto.com\/?ref=A8564250A2&amp;medium=memicom\" target=\"_blank\" rel=\"noopener\">RedFoxLotto&#8217;nun yard\u0131m\u0131yla Mega Millions biletlerini online sat\u0131n alabilirsiniz &#8211; ziyaret etmek i\u00e7in buraya t\u0131klay\u0131n &#8211;<\/a><\/span><\/strong> bu \u015firket, ABD&#8217;de sizin ad\u0131n\u0131za biletleri sat\u0131n almay\u0131 ve ard\u0131ndan size iletmeyi teklif ediyor.<\/p>\n<p>Bilet hizmetiyle art\u0131k <span style=\"text-decoration: underline;\"><a href=\"http:\/\/www.onlinelotto365.com\" target=\"_blank\" rel=\"noopener\">\u00e7evrimi\u00e7i t\u00fcm uluslararas\u0131 piyangolara<\/a><\/span> kat\u0131labilirsiniz &#8211; hizmetlerini 30&#8217;dan fazla uluslararas\u0131 piyango i\u00e7in sunuyorlar. Bu, yerel piyangonuza k\u0131yasla Mega Millions&#8217;da b\u00fcy\u00fck miktarlarda para kazanma \u015fans\u0131n\u0131z\u0131 \u00e7ok daha fazla art\u0131r\u0131yor.<\/p>\n<h2>Peki, nas\u0131l \u00e7al\u0131\u015f\u0131yor?<\/h2>\n<p>Asl\u0131nda 5 kolay ad\u0131m var ve Mega Millions loto biletiniz size e-posta ile g\u00f6nderilecek:<\/p>\n<ul>\n<li>Yan s\u00fctundaki listeden Mega Millions lotosunu se\u00e7in veya bu makalenin \u00fczerindeki widget&#8217;a t\u0131klay\u0131n<\/li>\n<li>\u015eansl\u0131 numaralar\u0131n\u0131z\u0131 girin veya yaz\u0131l\u0131m\u0131n sizin i\u00e7in yapmas\u0131na izin verin (rastgele say\u0131 \u00fcreteci, yani &#8220;H\u0131zl\u0131 Se\u00e7im&#8221; ile).<\/li>\n<li>Piyango bileti almak istedi\u011finiz hat ve \u00e7ekili\u015f say\u0131s\u0131n\u0131 se\u00e7in.<\/li>\n<li>Sipari\u015finizi tamamlad\u0131ktan sonra, RedFoxLotto&#8217;dan bir temsilci, sipari\u015f etti\u011finiz bileti sizin ad\u0131n\u0131za ve ad\u0131n\u0131z\u0131 yazarak sat\u0131n alacakt\u0131r.<\/li>\n<li>Biletinizi daha sonra m\u00fc\u015fteri hesab\u0131n\u0131zda bulabilirsiniz.<\/li>\n<\/ul>\n<p>RedFoxLotto&#8217;nun hizmetleri d\u00fcnya \u00e7ap\u0131nda milyonlarca ki\u015fi taraf\u0131ndan kullan\u0131l\u0131yor. Oyuncular\u0131 milyonlarca dolar kazand\u0131 ve \u00f6d\u00fcllerinin teslim edilmesiyle ilgili hi\u00e7bir zaman sorun ya\u015famad\u0131lar. Bilet, se\u00e7ilen say\u0131lar\u0131n \u00fczerinde tam ad\u0131n\u0131z\u0131 g\u00f6sterir. Haberiniz olmadan para \u00e7ekmek m\u00fcmk\u00fcn de\u011fildir, nokta.<\/p>\n<h2>Mega Millions, RedFoxLotto&#8217;nun piyango bileti sundu\u011fu tek oyun de\u011fildir.<\/h2>\n<p>PowerBall Lotto, El Gordo, Superenalotto, Euro Millions Piyangosu ve daha bir\u00e7ok piyangoya da kat\u0131labilirsiniz. En b\u00fcy\u00fck avantaj\u0131, kendinizi \u015fansl\u0131 hissetti\u011finizde, her zaman en az bir veya birka\u00e7 piyango ikramiyesinin ger\u00e7ekten b\u00fcy\u00fck oldu\u011funu g\u00f6rebilmenizdir. Bilet i\u00e7in daha fazla \u00f6deme yapmadan daha b\u00fcy\u00fck ikramiye i\u00e7in oynamak (daha k\u00fc\u00e7\u00fck ikramiyeli bir piyangoya k\u0131yasla), b\u00fcy\u00fck para kazanma \u015fans\u0131n\u0131z\u0131 matematiksel olarak art\u0131r\u0131r!<\/p>\n<h2>Mega Millions Piyango \u00c7ekili\u015fleri<\/h2>\n<p>Bu etkinli\u011fin \u00e7ekili\u015fleri haftada iki g\u00fcn, her Sal\u0131 ve Cuma, Do\u011fu Saati ile 23:00&#8217;te yap\u0131l\u0131r. Her seferinde, toplam 59 top i\u00e7eren bir tamburdan 5 beyaz top \u00e7ekilir. Ayr\u0131ca, 46 sar\u0131 topun bulundu\u011fu bir tamburdan bir say\u0131 \u00e7ekilir. Sar\u0131 toplar &#8220;MegaToplar&#8221; olarak da bilinir.<\/p>\n<p>\u00c7ekili\u015fler, Georgia, Atlanta&#8217;da bulunan WSB-TV taraf\u0131ndan yay\u0131nlanmaktad\u0131r. \u00c7evrimi\u00e7i bir Mega Millions bileti sat\u0131n ald\u0131ktan sonra kazan\u00e7lar\u0131n\u0131z\u0131 ka\u00e7\u0131rma konusunda endi\u015felenmenize gerek yok &#8211; RedFoxLotto hizmetlerine e-posta yoluyla kazan\u00e7 bildirimi dahildir!<\/p>\n<h2>Kazanma Yollar\u0131<\/h2>\n<p>Mega Millions 9 farkl\u0131 \u00f6d\u00fcl seviyesi sunar. B\u00fcy\u00fck \u00d6d\u00fcl olarak da bilinen ikramiyeyi kazanmak i\u00e7in, 5 beyaz top numaras\u0131n\u0131 ve Mega Topu do\u011fru tahmin etmeniz gerekir. Bunun ger\u00e7ekle\u015fme olas\u0131l\u0131\u011f\u0131 yakla\u015f\u0131k 175.711.536.0000&#8217;de 1&#8217;dir. G\u00f6rd\u00fc\u011f\u00fcn\u00fcz gibi, bu uzak bir ihtimal, ancak imkans\u0131z de\u011fil. Sonu\u00e7ta birinin piyangoyu kazanmas\u0131 gerekiyor, de\u011fil mi?<\/p>\n<p>Ortalama B\u00fcy\u00fck \u00d6d\u00fcl yakla\u015f\u0131k 60 milyon dolard\u0131r ve kazanman\u0131z durumunda, loto \u00f6d\u00fcl\u00fcn\u00fcz size birka\u00e7 y\u0131l boyunca \u00f6denecektir. Alternatif olarak, \u00f6d\u00fcl\u00fcn\u00fcz\u00fc toplu olarak almay\u0131 da se\u00e7ebilirsiniz, ancak bu durumda \u00f6deme biraz daha d\u00fc\u015f\u00fck olacakt\u0131r.<\/p>\n<p>B\u00fcy\u00fck \u00d6d\u00fcl&#8217;e ek olarak, Megamillions&#8217;da kazanabilece\u011finiz 8 \u00f6d\u00fcl daha bulunmaktad\u0131r. Herhangi bir \u00f6d\u00fcl\u00fc kazanma olas\u0131l\u0131\u011f\u0131 39,89&#8217;da 1&#8217;dir.<\/p>\n<p>Olas\u0131 Mega Millions nakit \u00f6d\u00fcllerinin ve bunlar\u0131 kazanma ko\u015fullar\u0131n\u0131n tam bir \u00f6zetini a\u015fa\u011f\u0131da bulabilirsiniz:<\/p>\n<ul>\n<li>5 Beyaz Top + Mega Top &#8211; B\u00fcy\u00fck \u00d6d\u00fcl (Jackpot)<\/li>\n<li>5 Beyaz Top &#8211; 250.000$<\/li>\n<li>4 Beyaz Top + Mega Top &#8211; 10.000$<\/li>\n<li>4 Beyaz Top &#8211; 150$<\/li>\n<li>3 Beyaz Top + Mega Top &#8211; 150$<\/li>\n<li>3 Beyaz Top &#8211; 7$<\/li>\n<li>2 Beyaz Top + Mega Top &#8211; 10$<\/li>\n<li>1 Beyaz Top + Mega Top &#8211; 3$<\/li>\n<li>Sadece Mega Top &#8211; 2$<\/li>\n<\/ul>\n<p>Mega Millions Lotto ayr\u0131ca ek bir \u00f6zellik olan MegaPlier&#8217;\u0131 da sunar. Her \u00e7ekili\u015ften \u00f6nce bir MegaPlier kullan\u0131l\u0131r.r, 2x, 3x veya 4x olabilen bir sonraki \u00e7ekili\u015f i\u00e7in se\u00e7ilir. Bu \u00e7arpan, b\u00fcy\u00fck ikramiye hari\u00e7 kazan\u0131lan t\u00fcm \u00f6d\u00fcllere uygulan\u0131r. Bu \u00f6zellikten yararlanmak i\u00e7in bilet sat\u0131n al\u0131rken 1$ eklemeniz gerekir.<\/p>\n<h2>Mega Millions&#8217;\u0131 \u00fclkemden oynayabilir miyim?<\/h2>\n<p>Mega Millions biletleri \u015fu anda ABD&#8217;nin 42 eyaletinde geleneksel y\u00f6ntemlerle sat\u0131n al\u0131nabiliyor; bu da herhangi bir yerel piyango bayisinden bilet sat\u0131n alabilece\u011finiz anlam\u0131na geliyor. Ancak, bu piyangoyu d\u00fcnyan\u0131n herhangi bir yerinden de oynayabilirsiniz. Bu, Mega Millions Piyango Biletleri de dahil olmak \u00fczere gezegendeki en pop\u00fcler t\u00fcm piyangolar i\u00e7in \u00e7evrimi\u00e7i bilet sat\u0131n alabilece\u011finiz RedFoxLotto&#8217;yu kullanarak yap\u0131labilir.<\/p>\n","protected":false},"excerpt":{"rendered":"<p>Mega Millions Lotto, ABD&#8217;deki en \u00fcnl\u00fc piyangolardan biridir. Kazanman\u0131n bir\u00e7ok yolu ve 10 ila 600 M\u0130LYON dolar aras\u0131nda de\u011fi\u015febilen B\u00dcY\u00dcK bir ikramiye \u00f6d\u00fcl\u00fc sunar! 2012 y\u0131l\u0131nda bu piyangonun b\u00fcy\u00fck ikramiyesini toplam sekiz ki\u015fi kazanm\u0131\u015ft\u0131r. Ancak, 2018&#8217;de 1.550 milyon dolarl\u0131k \u015fa\u015f\u0131rt\u0131c\u0131 bir Mega Millions ikramiyesi kazan\u0131lm\u0131\u015ft\u0131r &#8211; bir piyango \u00f6d\u00fcl\u00fc i\u00e7in d\u00fcnya rekoru! Mega Millions piyangosunun&hellip;<\/p>\n","protected":false},"author":1,"featured_media":565,"parent":0,"menu_order":1,"comment_status":"closed","ping_status":"closed","template":"","meta":{"footnotes":""},"class_list":["post-564","page","type-page","status-publish","has-post-thumbnail","hentry"],"yoast_head":"<!-- This site is optimized with the Yoast SEO plugin v25.9 - https:\/\/yoast.com\/wordpress\/plugins\/seo\/ -->\n<title>Mega Millions Biletini Online Al\u0131n ve B\u00fcy\u00fck \u0130kramiyeler Kazan\u0131n!<\/title>\n<meta name=\"description\" content=\"Mega Millions biletini online sat\u0131n alabilirsiniz - Nerede ya\u015fad\u0131\u011f\u0131n\u0131z \u00f6nemli de\u011fil!\" \/>\n<meta name=\"robots\" content=\"index, follow, max-snippet:-1, max-image-preview:large, max-video-preview:-1\" \/>\n<link rel=\"canonical\" href=\"https:\/\/megamillionsticketonline.com\/tr\/\" \/>\n<meta property=\"og:locale\" content=\"tr_TR\" \/>\n<meta property=\"og:type\" content=\"article\" \/>\n<meta property=\"og:title\" content=\"Mega Millions Biletini Online Al\u0131n ve B\u00fcy\u00fck \u0130kramiyeler Kazan\u0131n!\" \/>\n<meta property=\"og:description\" content=\"Mega Millions biletini online sat\u0131n alabilirsiniz - Nerede ya\u015fad\u0131\u011f\u0131n\u0131z \u00f6nemli de\u011fil!\" \/>\n<meta property=\"og:url\" content=\"https:\/\/megamillionsticketonline.com\/tr\/\" \/>\n<meta property=\"og:image\" content=\"https:\/\/megamillionsticketonline.com\/wp-content\/uploads\/2022\/03\/2020-landscape-1.png\" \/>\n\t<meta property=\"og:image:width\" content=\"1200\" \/>\n\t<meta property=\"og:image:height\" content=\"769\" \/>\n\t<meta property=\"og:image:type\" content=\"image\/png\" \/>\n<meta name=\"twitter:card\" content=\"summary_large_image\" \/>\n<meta name=\"twitter:label1\" content=\"Tahmini okuma s\u00fcresi\" \/>\n\t<meta name=\"twitter:data1\" content=\"4 dakika\" \/>\n<script type=\"application\/ld+json\" class=\"yoast-schema-graph\">{\"@context\":\"https:\/\/schema.org\",\"@graph\":[{\"@type\":\"WebPage\",\"@id\":\"https:\/\/megamillionsticketonline.com\/tr\/\",\"url\":\"https:\/\/megamillionsticketonline.com\/tr\/\",\"name\":\"Mega Millions Biletini Online Al\u0131n ve B\u00fcy\u00fck \u0130kramiyeler Kazan\u0131n!\",\"isPartOf\":{\"@id\":\"https:\/\/megamillionsticketonline.com\/tr\/#website\"},\"primaryImageOfPage\":{\"@id\":\"https:\/\/megamillionsticketonline.com\/tr\/#primaryimage\"},\"image\":{\"@id\":\"https:\/\/megamillionsticketonline.com\/tr\/#primaryimage\"},\"thumbnailUrl\":\"https:\/\/megamillionsticketonline.com\/wp-content\/uploads\/2022\/03\/2020-landscape-1.png\",\"datePublished\":\"2025-08-23T21:35:48+00:00\",\"description\":\"Mega Millions biletini online sat\u0131n alabilirsiniz - Nerede ya\u015fad\u0131\u011f\u0131n\u0131z \u00f6nemli de\u011fil!\",\"inLanguage\":\"tr\",\"potentialAction\":[{\"@type\":\"ReadAction\",\"target\":[\"https:\/\/megamillionsticketonline.com\/tr\/\"]}]},{\"@type\":\"ImageObject\",\"inLanguage\":\"tr\",\"@id\":\"https:\/\/megamillionsticketonline.com\/tr\/#primaryimage\",\"url\":\"https:\/\/megamillionsticketonline.com\/wp-content\/uploads\/2022\/03\/2020-landscape-1.png\",\"contentUrl\":\"https:\/\/megamillionsticketonline.com\/wp-content\/uploads\/2022\/03\/2020-landscape-1.png\",\"width\":1200,\"height\":769},{\"@type\":\"WebSite\",\"@id\":\"https:\/\/megamillionsticketonline.com\/tr\/#website\",\"url\":\"https:\/\/megamillionsticketonline.com\/tr\/\",\"name\":\"\",\"description\":\"\",\"potentialAction\":[{\"@type\":\"SearchAction\",\"target\":{\"@type\":\"EntryPoint\",\"urlTemplate\":\"https:\/\/megamillionsticketonline.com\/tr\/?s={search_term_string}\"},\"query-input\":{\"@type\":\"PropertyValueSpecification\",\"valueRequired\":true,\"valueName\":\"search_term_string\"}}],\"inLanguage\":\"tr\"}]}<\/script>\n<!-- \/ Yoast SEO plugin. -->","yoast_head_json":{"title":"Mega Millions Biletini Online Al\u0131n ve B\u00fcy\u00fck \u0130kramiyeler Kazan\u0131n!","description":"Mega Millions biletini online sat\u0131n alabilirsiniz - Nerede ya\u015fad\u0131\u011f\u0131n\u0131z \u00f6nemli de\u011fil!","robots":{"index":"index","follow":"follow","max-snippet":"max-snippet:-1","max-image-preview":"max-image-preview:large","max-video-preview":"max-video-preview:-1"},"canonical":"https:\/\/megamillionsticketonline.com\/tr\/","og_locale":"tr_TR","og_type":"article","og_title":"Mega Millions Biletini Online Al\u0131n ve B\u00fcy\u00fck \u0130kramiyeler Kazan\u0131n!","og_description":"Mega Millions biletini online sat\u0131n alabilirsiniz - Nerede ya\u015fad\u0131\u011f\u0131n\u0131z \u00f6nemli de\u011fil!","og_url":"https:\/\/megamillionsticketonline.com\/tr\/","og_image":[{"width":1200,"height":769,"url":"https:\/\/megamillionsticketonline.com\/wp-content\/uploads\/2022\/03\/2020-landscape-1.png","type":"image\/png"}],"twitter_card":"summary_large_image","twitter_misc":{"Tahmini okuma s\u00fcresi":"4 dakika"},"schema":{"@context":"https:\/\/schema.org","@graph":[{"@type":"WebPage","@id":"https:\/\/megamillionsticketonline.com\/tr\/","url":"https:\/\/megamillionsticketonline.com\/tr\/","name":"Mega Millions Biletini Online Al\u0131n ve B\u00fcy\u00fck \u0130kramiyeler Kazan\u0131n!","isPartOf":{"@id":"https:\/\/megamillionsticketonline.com\/tr\/#website"},"primaryImageOfPage":{"@id":"https:\/\/megamillionsticketonline.com\/tr\/#primaryimage"},"image":{"@id":"https:\/\/megamillionsticketonline.com\/tr\/#primaryimage"},"thumbnailUrl":"https:\/\/megamillionsticketonline.com\/wp-content\/uploads\/2022\/03\/2020-landscape-1.png","datePublished":"2025-08-23T21:35:48+00:00","description":"Mega Millions biletini online sat\u0131n alabilirsiniz - Nerede ya\u015fad\u0131\u011f\u0131n\u0131z \u00f6nemli de\u011fil!","inLanguage":"tr","potentialAction":[{"@type":"ReadAction","target":["https:\/\/megamillionsticketonline.com\/tr\/"]}]},{"@type":"ImageObject","inLanguage":"tr","@id":"https:\/\/megamillionsticketonline.com\/tr\/#primaryimage","url":"https:\/\/megamillionsticketonline.com\/wp-content\/uploads\/2022\/03\/2020-landscape-1.png","contentUrl":"https:\/\/megamillionsticketonline.com\/wp-content\/uploads\/2022\/03\/2020-landscape-1.png","width":1200,"height":769},{"@type":"WebSite","@id":"https:\/\/megamillionsticketonline.com\/tr\/#website","url":"https:\/\/megamillionsticketonline.com\/tr\/","name":"","description":"","potentialAction":[{"@type":"SearchAction","target":{"@type":"EntryPoint","urlTemplate":"https:\/\/megamillionsticketonline.com\/tr\/?s={search_term_string}"},"query-input":{"@type":"PropertyValueSpecification","valueRequired":true,"valueName":"search_term_string"}}],"inLanguage":"tr"}]}},"_links":{"self":[{"href":"https:\/\/megamillionsticketonline.com\/tr\/wp-json\/wp\/v2\/pages\/564","targetHints":{"allow":["GET"]}}],"collection":[{"href":"https:\/\/megamillionsticketonline.com\/tr\/wp-json\/wp\/v2\/pages"}],"about":[{"href":"https:\/\/megamillionsticketonline.com\/tr\/wp-json\/wp\/v2\/types\/page"}],"author":[{"embeddable":true,"href":"https:\/\/megamillionsticketonline.com\/tr\/wp-json\/wp\/v2\/users\/1"}],"replies":[{"embeddable":true,"href":"https:\/\/megamillionsticketonline.com\/tr\/wp-json\/wp\/v2\/comments?post=564"}],"version-history":[{"count":0,"href":"https:\/\/megamillionsticketonline.com\/tr\/wp-json\/wp\/v2\/pages\/564\/revisions"}],"wp:featuredmedia":[{"embeddable":true,"href":"https:\/\/megamillionsticketonline.com\/tr\/wp-json\/wp\/v2\/media\/565"}],"wp:attachment":[{"href":"https:\/\/megamillionsticketonline.com\/tr\/wp-json\/wp\/v2\/media?parent=564"}],"curies":[{"name":"wp","href":"https:\/\/api.w.org\/{rel}","templated":true}]}}