{"id":582,"date":"2025-08-23T22:46:33","date_gmt":"2025-08-23T21:46:33","guid":{"rendered":"https:\/\/megamillionsticketonline.com\/domov\/"},"modified":"2025-08-23T22:46:33","modified_gmt":"2025-08-23T21:46:33","slug":"domov","status":"publish","type":"page","link":"https:\/\/megamillionsticketonline.com\/sl\/","title":{"rendered":"Domov"},"content":{"rendered":"<p>Mega Millions Lotto je ena najbolj znanih loterij v ZDA. Ponuja ve\u010d na\u010dinov za zmago in OGROMEN glavni dobitek, ki lahko zna\u0161a od 10 do 600 milijonov dolarjev! Leta 2012 je glavni dobitek te loterije osvojilo skupno osem ljudi. Vendar pa je bil leta 2018 osvojen osupljiv glavni dobitek Mega Millions v vi\u0161ini 1550 milijonov dolarjev \u2013 svetovni rekord za loterijsko nagrado!<\/p>\n<p>Glavne dobitke, ki jih ponuja loterija Mega Millions, ni mogo\u010de primerjati z ni\u010demer drugim, saj so enake velikosti kot druge loterije v \u010dasu najve\u010dje aktivnosti. \u010ceprav je najve\u010d igralcev iz ZDA in je loterija namenjena prebivalcem te dr\u017eave, jo je mogo\u010de igrati od koder koli na svetu! <strong><span style=\"text-decoration: underline;\"><a href=\"https:\/\/redfoxlotto.com\/?ref=A8564250A2&amp;medium=memicom\" target=\"_blank\" rel=\"noopener\">Sre\u010dke za Mega Millions lahko kupite na spletu s pomo\u010djo RedFoxLotto &#8211; kliknite tukaj za obisk &#8211;<\/a><\/span><\/strong> to podjetje ponuja nakup sre\u010dk v va\u0161em imenu v ZDA in vam jih nato posreduje.<\/p>\n<p>Z njihovo storitvijo za prodajo sre\u010dk lahko zdaj sodelujete v <span style=\"text-decoration: underline;\"><a href=\"http:\/\/www.onlinelotto365.com\" target=\"_blank\" rel=\"noopener\">kateri koli mednarodni spletni loteriji<\/a><\/span> &#8211; svojo storitev ponujajo za ve\u010d kot 30 mednarodnih loterij. To vam daje veliko ve\u010djo mo\u017enost, da pri Mega Millions osvojite ogromne vsote denarja v primerjavi z va\u0161o lokalno loterijo.<\/p>\n<h2>Kako torej deluje?<\/h2>\n<p>Pravzaprav je treba narediti 5 preprostih korakov in po e-po\u0161ti vam bomo poslali svojo sre\u010dko za loto Mega Millions:<\/p>\n<ul>\n<li>Izberite loterijo Mega Millions s seznama v stranskem stolpcu ali kliknite pripomo\u010dek nad tem \u010dlankom<\/li>\n<li>Vnesite svoje sre\u010dne \u0161tevilke ali pustite, da to stori programska oprema (z generatorjem naklju\u010dnih \u0161tevil, tako imenovanim &#8220;Quick Pick&#8221;)<\/li>\n<li>Izberite \u0161tevilo linij in \u017erebanj, za katere \u017eelite kupiti sre\u010dko za loto<\/li>\n<li>Ko boste zaklju\u010dili naro\u010dilo, bo agent podjetja RedFoxLotto v va\u0161em imenu in z va\u0161im imenom kupil naro\u010deno sre\u010dko<\/li>\n<li>Svojo sre\u010dko boste kasneje na\u0161li v svojem uporabni\u0161kem ra\u010dunu<\/li>\n<\/ul>\n<p>Storitve RedFoxLotto uporabljajo milijoni ljudi po vsem svetu. Njihovi igralci so osvojili milijone dolarjev in nikoli niso imeli te\u017eav z dostavo svojih nagrad. Na sre\u010dki je poleg izbranih \u0161tevilk prikazano va\u0161e polno ime. Dvigovanje sredstev brez va\u0161ega obvestila ni mogo\u010de, pika.<\/p>\n<h2>Mega Millions ni edina igra, za katero RedFoxLotto ponuja loterijske sre\u010dke<\/h2>\n<p>Sodelujete lahko tudi v loterijah, kot so PowerBall Lotto, El Gordo, SuperEnalotto, Euro Millions Lottery in \u0161tevilne druge. Velika prednost je, da boste vedno, kadar koli boste imeli sre\u010do, na\u0161li vsaj enega ali ve\u010d loto jackpotov, ki so resni\u010dno veliki. Igranje za ve\u010dji dobitek, ne da bi pla\u010dali ve\u010d za sre\u010dko (v primerjavi z loterijo z manj\u0161im jackpotom), pove\u010da va\u0161e matemati\u010dne mo\u017enosti za osvojitev velikega denarja!<\/p>\n<h2>\u017drebanja nagrad loterije Mega Millions<\/h2>\n<p>\u017drebanja nagrad za ta dogodek potekajo dva dni na teden \u2013 vsak torek in petek ob 23.00 po vzhodnoameri\u0161kem \u010dasu. Vsaki\u010d se iz bobna iz\u017ereba 5 belih kroglic, ki imajo skupno 59 kroglic. Poleg tega se iz\u017ereba ena \u0161tevilka iz bobna s 46 rumenimi kroglicami. Rumene kroglice so znane tudi kot \u00bbMegaBalls\u00ab.<\/p>\n<p>\u017drebanja prena\u0161a WSB-TV s sede\u017eem v Georgii v Atlanti. Po spletnem nakupu sre\u010dke Mega Millions vam ni treba skrbeti, da bi zamudili svoje dobitke \u2013 obvestilo o dobitku po e-po\u0161ti je vklju\u010deno v storitve RedFoxLotto!<\/p>\n<h2>Na\u010dini za zmago<\/h2>\n<p>Mega Millions ponuja 9 razli\u010dnih ravni nagrad. \u010ce \u017eelite osvojiti jackpot, znan tudi kot glavna nagrada, morate pravilno uganiti 5 \u0161tevilk belih kroglic in Mega kroglico. Verjetnost, da se to zgodi, je pribli\u017eno 1 proti 175.711.536,0000. Kot lahko vidite, je to majhna verjetnost, vendar ne nemogo\u010da. Navsezadnje mora nekdo zmagati na loteriji, kajne?<\/p>\n<p>Povpre\u010dna glavna nagrada je pribli\u017eno 60 milijonov dolarjev in \u010de zmagate, vam bo nagrada na loteriji izpla\u010dana v nekaj letih. Lahko pa se odlo\u010dite, da nagrado prejmete v celoti v enkratnem znesku, vendar bo izpla\u010dilo nekoliko ni\u017eje.<\/p>\n<p>Poleg glavne nagrade je v Megamillions mogo\u010de osvojiti \u0161e 8 nagrad. Skupna verjetnost za osvojitev katere koli nagrade je 1 proti 39,89.<\/p>\n<p>Celoten pregled mo\u017enih denarnih nagrad Mega Millions in pogojev za njihovo osvojitev najdete spodaj:<\/p>\n<ul>\n<li>5 belih kroglic + Mega kroglica \u2013 glavna nagrada (jackpot)<\/li>\n<li>5 belih kroglic \u2013 250.000 $<\/li>\n<li>4 bele kroglice + Mega kroglica \u2013 10.000 $<\/li>\n<li>4 bele kroglice \u2013 150 $<\/li>\n<li>3 bele kroglice + Mega kroglica \u2013 150 $<\/li>\n<li>3 bele kroglice \u2013 7 $<\/li>\n<li>2 beli kroglici + Mega kroglica \u2013 10 $<\/li>\n<li>1 bela kroglica + Mega kroglica \u2013 3 $<\/li>\n<li>Samo Mega kroglica \u2013 2 $<\/li>\n<\/ul>\n<p>Lotto Mega Millions ponuja tudi dodatno funkcijo \u2013 MegaPlie. Pred vsakim \u017erebanjem se izvede MegaPlie.Za naslednje \u017erebanje, ki je lahko 2x, 3x ali 4x, je izbran r. Ta mno\u017eitelj se nato uporabi za vse osvojene nagrade, razen za jackpot. \u010ce \u017eelite izkoristiti to funkcijo, morate pri nakupu sre\u010dke dodati 1 $.<\/p>\n<h2>Ali lahko igram Mega Millions iz svoje dr\u017eave?<\/h2>\n<p>Sre\u010dke za Mega Millions je trenutno mogo\u010de kupiti na tradicionalen na\u010din v 42 zveznih dr\u017eavah ZDA, kar pomeni, da lahko sre\u010dke kupite pri katerem koli lokalnem prodajalcu loterij. Vendar pa lahko to loterijo igrate tudi od koder koli drugje na svetu. To lahko storite z uporabo RedFoxLotto, kjer lahko na spletu kupite sre\u010dke za vse najbolj priljubljene loterije na planetu, vklju\u010dno z sre\u010dkami za Megamillions.<\/p>\n","protected":false},"excerpt":{"rendered":"<p>Mega Millions Lotto je ena najbolj znanih loterij v ZDA. Ponuja ve\u010d na\u010dinov za zmago in OGROMEN glavni dobitek, ki lahko zna\u0161a od 10 do 600 milijonov dolarjev! Leta 2012 je glavni dobitek te loterije osvojilo skupno osem ljudi. Vendar pa je bil leta 2018 osvojen osupljiv glavni dobitek Mega Millions v vi\u0161ini 1550 milijonov&hellip;<\/p>\n","protected":false},"author":1,"featured_media":583,"parent":0,"menu_order":1,"comment_status":"closed","ping_status":"closed","template":"","meta":{"footnotes":""},"class_list":["post-582","page","type-page","status-publish","has-post-thumbnail","hentry"],"yoast_head":"<!-- This site is optimized with the Yoast SEO plugin v25.9 - https:\/\/yoast.com\/wordpress\/plugins\/seo\/ -->\n<title>Pridobite sre\u010dko Mega Millions na spletu in osvojite ogromne jackpote!<\/title>\n<meta name=\"description\" content=\"Vstopnico za Mega Millions lahko kupite na spletu \u2013 ni pomembno, kje \u017eivite!\" \/>\n<meta name=\"robots\" content=\"index, follow, max-snippet:-1, max-image-preview:large, max-video-preview:-1\" \/>\n<link rel=\"canonical\" href=\"https:\/\/megamillionsticketonline.com\/sl\/\" \/>\n<meta property=\"og:locale\" content=\"sl_SI\" \/>\n<meta property=\"og:type\" content=\"article\" \/>\n<meta property=\"og:title\" content=\"Pridobite sre\u010dko Mega Millions na spletu in osvojite ogromne jackpote!\" \/>\n<meta property=\"og:description\" content=\"Vstopnico za Mega Millions lahko kupite na spletu \u2013 ni pomembno, kje \u017eivite!\" \/>\n<meta property=\"og:url\" content=\"https:\/\/megamillionsticketonline.com\/sl\/\" \/>\n<meta property=\"og:image\" content=\"https:\/\/megamillionsticketonline.com\/wp-content\/uploads\/2022\/03\/2020-landscape-1.png\" \/>\n\t<meta property=\"og:image:width\" content=\"1200\" \/>\n\t<meta property=\"og:image:height\" content=\"769\" \/>\n\t<meta property=\"og:image:type\" content=\"image\/png\" \/>\n<meta name=\"twitter:card\" content=\"summary_large_image\" \/>\n<meta name=\"twitter:label1\" content=\"Est. reading time\" \/>\n\t<meta name=\"twitter:data1\" content=\"4 minute\" \/>\n<script type=\"application\/ld+json\" class=\"yoast-schema-graph\">{\"@context\":\"https:\/\/schema.org\",\"@graph\":[{\"@type\":\"WebPage\",\"@id\":\"https:\/\/megamillionsticketonline.com\/sl\/\",\"url\":\"https:\/\/megamillionsticketonline.com\/sl\/\",\"name\":\"Pridobite sre\u010dko Mega Millions na spletu in osvojite ogromne jackpote!\",\"isPartOf\":{\"@id\":\"https:\/\/megamillionsticketonline.com\/sl\/#website\"},\"primaryImageOfPage\":{\"@id\":\"https:\/\/megamillionsticketonline.com\/sl\/#primaryimage\"},\"image\":{\"@id\":\"https:\/\/megamillionsticketonline.com\/sl\/#primaryimage\"},\"thumbnailUrl\":\"https:\/\/megamillionsticketonline.com\/wp-content\/uploads\/2022\/03\/2020-landscape-1.png\",\"datePublished\":\"2025-08-23T21:46:33+00:00\",\"description\":\"Vstopnico za Mega Millions lahko kupite na spletu \u2013 ni pomembno, kje \u017eivite!\",\"inLanguage\":\"sl-SI\",\"potentialAction\":[{\"@type\":\"ReadAction\",\"target\":[\"https:\/\/megamillionsticketonline.com\/sl\/\"]}]},{\"@type\":\"ImageObject\",\"inLanguage\":\"sl-SI\",\"@id\":\"https:\/\/megamillionsticketonline.com\/sl\/#primaryimage\",\"url\":\"https:\/\/megamillionsticketonline.com\/wp-content\/uploads\/2022\/03\/2020-landscape-1.png\",\"contentUrl\":\"https:\/\/megamillionsticketonline.com\/wp-content\/uploads\/2022\/03\/2020-landscape-1.png\",\"width\":1200,\"height\":769},{\"@type\":\"WebSite\",\"@id\":\"https:\/\/megamillionsticketonline.com\/sl\/#website\",\"url\":\"https:\/\/megamillionsticketonline.com\/sl\/\",\"name\":\"\",\"description\":\"\",\"potentialAction\":[{\"@type\":\"SearchAction\",\"target\":{\"@type\":\"EntryPoint\",\"urlTemplate\":\"https:\/\/megamillionsticketonline.com\/sl\/?s={search_term_string}\"},\"query-input\":{\"@type\":\"PropertyValueSpecification\",\"valueRequired\":true,\"valueName\":\"search_term_string\"}}],\"inLanguage\":\"sl-SI\"}]}<\/script>\n<!-- \/ Yoast SEO plugin. -->","yoast_head_json":{"title":"Pridobite sre\u010dko Mega Millions na spletu in osvojite ogromne jackpote!","description":"Vstopnico za Mega Millions lahko kupite na spletu \u2013 ni pomembno, kje \u017eivite!","robots":{"index":"index","follow":"follow","max-snippet":"max-snippet:-1","max-image-preview":"max-image-preview:large","max-video-preview":"max-video-preview:-1"},"canonical":"https:\/\/megamillionsticketonline.com\/sl\/","og_locale":"sl_SI","og_type":"article","og_title":"Pridobite sre\u010dko Mega Millions na spletu in osvojite ogromne jackpote!","og_description":"Vstopnico za Mega Millions lahko kupite na spletu \u2013 ni pomembno, kje \u017eivite!","og_url":"https:\/\/megamillionsticketonline.com\/sl\/","og_image":[{"width":1200,"height":769,"url":"https:\/\/megamillionsticketonline.com\/wp-content\/uploads\/2022\/03\/2020-landscape-1.png","type":"image\/png"}],"twitter_card":"summary_large_image","twitter_misc":{"Est. reading time":"4 minute"},"schema":{"@context":"https:\/\/schema.org","@graph":[{"@type":"WebPage","@id":"https:\/\/megamillionsticketonline.com\/sl\/","url":"https:\/\/megamillionsticketonline.com\/sl\/","name":"Pridobite sre\u010dko Mega Millions na spletu in osvojite ogromne jackpote!","isPartOf":{"@id":"https:\/\/megamillionsticketonline.com\/sl\/#website"},"primaryImageOfPage":{"@id":"https:\/\/megamillionsticketonline.com\/sl\/#primaryimage"},"image":{"@id":"https:\/\/megamillionsticketonline.com\/sl\/#primaryimage"},"thumbnailUrl":"https:\/\/megamillionsticketonline.com\/wp-content\/uploads\/2022\/03\/2020-landscape-1.png","datePublished":"2025-08-23T21:46:33+00:00","description":"Vstopnico za Mega Millions lahko kupite na spletu \u2013 ni pomembno, kje \u017eivite!","inLanguage":"sl-SI","potentialAction":[{"@type":"ReadAction","target":["https:\/\/megamillionsticketonline.com\/sl\/"]}]},{"@type":"ImageObject","inLanguage":"sl-SI","@id":"https:\/\/megamillionsticketonline.com\/sl\/#primaryimage","url":"https:\/\/megamillionsticketonline.com\/wp-content\/uploads\/2022\/03\/2020-landscape-1.png","contentUrl":"https:\/\/megamillionsticketonline.com\/wp-content\/uploads\/2022\/03\/2020-landscape-1.png","width":1200,"height":769},{"@type":"WebSite","@id":"https:\/\/megamillionsticketonline.com\/sl\/#website","url":"https:\/\/megamillionsticketonline.com\/sl\/","name":"","description":"","potentialAction":[{"@type":"SearchAction","target":{"@type":"EntryPoint","urlTemplate":"https:\/\/megamillionsticketonline.com\/sl\/?s={search_term_string}"},"query-input":{"@type":"PropertyValueSpecification","valueRequired":true,"valueName":"search_term_string"}}],"inLanguage":"sl-SI"}]}},"_links":{"self":[{"href":"https:\/\/megamillionsticketonline.com\/sl\/wp-json\/wp\/v2\/pages\/582","targetHints":{"allow":["GET"]}}],"collection":[{"href":"https:\/\/megamillionsticketonline.com\/sl\/wp-json\/wp\/v2\/pages"}],"about":[{"href":"https:\/\/megamillionsticketonline.com\/sl\/wp-json\/wp\/v2\/types\/page"}],"author":[{"embeddable":true,"href":"https:\/\/megamillionsticketonline.com\/sl\/wp-json\/wp\/v2\/users\/1"}],"replies":[{"embeddable":true,"href":"https:\/\/megamillionsticketonline.com\/sl\/wp-json\/wp\/v2\/comments?post=582"}],"version-history":[{"count":0,"href":"https:\/\/megamillionsticketonline.com\/sl\/wp-json\/wp\/v2\/pages\/582\/revisions"}],"wp:featuredmedia":[{"embeddable":true,"href":"https:\/\/megamillionsticketonline.com\/sl\/wp-json\/wp\/v2\/media\/583"}],"wp:attachment":[{"href":"https:\/\/megamillionsticketonline.com\/sl\/wp-json\/wp\/v2\/media?parent=582"}],"curies":[{"name":"wp","href":"https:\/\/api.w.org\/{rel}","templated":true}]}}