{"id":580,"date":"2025-08-23T22:45:17","date_gmt":"2025-08-23T21:45:17","guid":{"rendered":"https:\/\/megamillionsticketonline.com\/domov\/"},"modified":"2025-08-23T22:45:17","modified_gmt":"2025-08-23T21:45:17","slug":"domov","status":"publish","type":"page","link":"https:\/\/megamillionsticketonline.com\/sk\/","title":{"rendered":"Domov"},"content":{"rendered":"<p>Mega Millions Lotto je jednou z najzn\u00e1mej\u0161\u00edch lot\u00e9ri\u00ed v USA. Pon\u00faka nieko\u013eko sp\u00f4sobov, ako vyhra\u0165, a OBROVSK\u00dd jackpot, ktor\u00fd sa m\u00f4\u017ee pohybova\u0165 od 10 do 600 MILI\u00d3NOV dol\u00e1rov! V roku 2012 vyhralo jackpot tejto lot\u00e9rie celkovo osem \u013eud\u00ed. Av\u0161ak v roku 2018 bol vyhran\u00fd ohromuj\u00faci jackpot Mega Millions vo v\u00fd\u0161ke 1 550 mili\u00f3nov dol\u00e1rov &#8211; svetov\u00fd rekord pre v\u00fdhru v lot\u00e9rii!<\/p>\n<p>Jackpoty pon\u00fakan\u00e9 lot\u00e9riou Mega Millions s\u00fa bezkonkuren\u010dn\u00e9, za\u010d\u00ednaj\u00fa na ve\u013ekosti, ktor\u00e1 sa rovn\u00e1 tomu, \u010do pon\u00fakaj\u00fa in\u00e9 lot\u00e9rie v \u010dase ich najv\u00e4\u010d\u0161ej popularity. Hoci najv\u00e4\u010d\u0161\u00ed po\u010det hr\u00e1\u010dov poch\u00e1dza z USA a lot\u00e9ria je ur\u010den\u00e1 pre obyvate\u013eov tejto krajiny, je mo\u017en\u00e9 ju hra\u0165 odkia\u013eko\u013evek na svete! <strong><span style=\"text-decoration: underline;\"><a href=\"https:\/\/redfoxlotto.com\/?ref=A8564250A2&amp;medium=memicom\" target=\"_blank\" rel=\"noopener\">L\u00edstky Mega Millions si m\u00f4\u017eete k\u00fapi\u0165 online s pomocou RedFoxLotto &#8211; kliknite sem pre n\u00e1v\u0161tevu &#8211;<\/a><\/span><\/strong> t\u00e1to spolo\u010dnos\u0165 pon\u00faka k\u00fapu l\u00edstkov za v\u00e1s v USA a n\u00e1sledne v\u00e1m ich prepo\u0161le.<\/p>\n<p>S ich slu\u017ebou predaja l\u00edstkov sa teraz m\u00f4\u017eete z\u00fa\u010dastni\u0165 <span style=\"text-decoration: underline;\"><a href=\"http:\/\/www.onlinelotto365.com\" target=\"_blank\" rel=\"noopener\">akejko\u013evek medzin\u00e1rodnej online lot\u00e9rie<\/a><\/span> &#8211; pon\u00fakaj\u00fa svoje slu\u017eby pre viac ako 30 medzin\u00e1rodn\u00fdch lot\u00e9ri\u00ed. To v\u00e1m d\u00e1va ove\u013ea v\u00e4\u010d\u0161iu \u0161ancu vyhra\u0165 obrovsk\u00e9 sumy pe\u0148az\u00ed v Mega Millions v porovnan\u00ed s va\u0161ou miestnou lot\u00e9riou.<\/p>\n<h2>Ako to teda funguje?<\/h2>\n<p>Potom v\u00e1m bude e-mailom zaslan\u00fd tiket do lot\u00e9rie Mega Millions:<\/p>\n<ul>\n<li>Vyberte si lot\u00e9riu Mega Millions zo zoznamu v bo\u010dnom st\u013apci alebo kliknite na widget nad t\u00fdmto \u010dl\u00e1nkom<\/li>\n<li>Zadajte svoje \u0161\u0165astn\u00e9 \u010d\u00edsla alebo nechajte softv\u00e9r, aby to urobil za v\u00e1s (pomocou gener\u00e1tora n\u00e1hodn\u00fdch \u010d\u00edsel, tzv. \u201eR\u00fdchly v\u00fdber\u201c)<\/li>\n<li>Vyberte po\u010det riadkov a \u017erebovan\u00ed, pre ktor\u00e9 chcete k\u00fapi\u0165 tiket do lot\u00e9rie<\/li>\n<li>Po dokon\u010den\u00ed objedn\u00e1vky v\u00e1m agent z RedFoxLotto zak\u00fapi tiket, ktor\u00fd ste si objednali, vo va\u0161om mene a s va\u0161\u00edm menom<\/li>\n<li>Tiket nesk\u00f4r n\u00e1jdete vo svojom z\u00e1kazn\u00edckom \u00fa\u010dte<\/li>\n<\/ul>\n<p>Slu\u017eby RedFoxLotto vyu\u017e\u00edvaj\u00fa mili\u00f3ny \u013eud\u00ed na celom svete. Ich hr\u00e1\u010di vyhrali mili\u00f3ny dol\u00e1rov a nikdy nemali probl\u00e9m s doru\u010den\u00edm svojich v\u00fdhier. Tiket zobrazuje va\u0161e cel\u00e9 meno nad vybran\u00fdmi \u010d\u00edslami. V\u00fdber pe\u0148az\u00ed bez v\u00e1\u0161ho upozornenia nie je mo\u017en\u00fd, bodka.<\/p>\n<h2>Mega Millions nie je jedin\u00e1 hra, na ktor\u00fa RedFoxLotto pon\u00faka tikety<\/h2>\n<p>M\u00f4\u017eete sa tie\u017e z\u00fa\u010dastni\u0165 lot\u00e9ri\u00ed, ako s\u00fa PowerBall Lotto, El Gordo, SuperEnalotto, Euro Millions Lottery a mnoho \u010fal\u0161\u00edch. Ve\u013ekou v\u00fdhodou je, \u017ee kedyko\u013evek budete ma\u0165 \u0161\u0165astie, v\u017edy n\u00e1jdete aspo\u0148 jeden alebo nieko\u013eko jackpotov lot\u00e9rie, ktor\u00e9 s\u00fa naozaj ve\u013ek\u00e9. Hra o v\u00e4\u010d\u0161iu cenu bez toho, aby ste za tiket zaplatili viac (v porovnan\u00ed s lot\u00e9riou s men\u0161\u00edm jackpotom), zvy\u0161uje va\u0161e matematick\u00e9 \u0161ance na v\u00fdhru ve\u013ek\u00fdch pe\u0148az\u00ed!<\/p>\n<h2>\u017drebovania cien lot\u00e9rie Mega Millions<\/h2>\n<p>\u017drebovania cien pre t\u00fato udalos\u0165 sa konaj\u00fa dva dni v t\u00fd\u017edni \u2013 ka\u017ed\u00fd utorok a piatok o 23:00 v\u00fdchodn\u00e9ho \u010dasu. Zaka\u017ed\u00fdm sa z bubna vy\u017erebuje 5 bielych guli\u010diek, ktor\u00e9 obsahuj\u00fa celkovo 59 guli\u010diek. Okrem toho sa vy\u017erebuje jedno \u010d\u00edslo z bubna so 46 \u017elt\u00fdmi gu\u013e\u00f4\u010dkami. \u017dlt\u00e9 gu\u013e\u00f4\u010dky s\u00fa tie\u017e zn\u00e1me ako \u201eMegaBalls\u201c.<\/p>\n<p>\u017drebovania vysiela telev\u00edzia WSB-TV so s\u00eddlom v Georgii v Atlante. Po zak\u00fapen\u00ed tiketu Mega Millions online sa nemus\u00edte ob\u00e1va\u0165, \u017ee o svoje v\u00fdhry pr\u00eddete \u2013 upozornenie na v\u00fdhru prostredn\u00edctvom e-mailu je s\u00fa\u010das\u0165ou slu\u017eieb RedFoxLotto!<\/p>\n<h2>Sp\u00f4soby, ako vyhra\u0165<\/h2>\n<p>Mega Millions pon\u00faka 9 r\u00f4znych \u00farovn\u00ed v\u00fdhier. Ak chcete vyhra\u0165 jackpot, zn\u00e1my aj ako Hlavn\u00e1 cena, mus\u00edte spr\u00e1vne uh\u00e1dnu\u0165 5 \u010d\u00edsel bielych guli\u010diek, ako aj Mega gu\u013e\u00f4\u010dku. \u0160anca, \u017ee sa to stane, je pribli\u017ene 1 ku 175 711 536 0000. Ako vid\u00edte, je to mal\u00e1 \u0161anca, ale nie nemo\u017en\u00e1. Ve\u010f niekto mus\u00ed v lot\u00e9rii vyhra\u0165, v\u0161ak?<\/p>\n<p>Priemern\u00e1 Hlavn\u00e1 cena je pribli\u017ene 60 mili\u00f3nov dol\u00e1rov a v pr\u00edpade, \u017ee vyhr\u00e1te, va\u0161a v\u00fdhra v lot\u00e9rii v\u00e1m bude vypl\u00e1can\u00e1 po\u010das nieko\u013ek\u00fdch rokov. Pr\u00edpadne si m\u00f4\u017eete zvoli\u0165, \u017ee svoju v\u00fdhru dostanete v plnej v\u00fd\u0161ke jednorazovo, ale potom bude v\u00fdplata o nie\u010do ni\u017e\u0161ia.<\/p>\n<p>Okrem hlavnej ceny je v Megamillions mo\u017en\u00e9 vyhra\u0165 \u010fal\u0161\u00edch 8 cien. Celkov\u00e1 \u0161anca na v\u00fdhru akejko\u013evek ceny je 1 ku 39,89.<\/p>\n<p>\u00dapln\u00fd preh\u013ead mo\u017en\u00fdch pe\u0148a\u017en\u00fdch cien v lot\u00e9rii Mega Millions a podmienok na ich v\u00fdhru n\u00e1jdete ni\u017e\u0161ie:<\/p>\n<ul>\n<li>5 bielych guli\u010diek + Mega guli\u010dka \u2013 Hlavn\u00e1 cena (Jackpot)<\/li>\n<li>5 bielych guli\u010diek \u2013 250 000 USD<\/li>\n<li>4 biele guli\u010dky + Mega guli\u010dka \u2013 10 000 USD<\/li>\n<li>4 biele guli\u010dky \u2013 150 USD<\/li>\n<li>3 biele guli\u010dky + Mega guli\u010dka \u2013 150 USD<\/li>\n<li>3 biele guli\u010dky \u2013 7 USD<\/li>\n<li>2 biele guli\u010dky + Mega guli\u010dka \u2013 10 USD<\/li>\n<li>1 biela guli\u010dka + Mega guli\u010dka \u2013 3 USD<\/li>\n<li>Samotn\u00e1 Mega guli\u010dka \u2013 2 USD<\/li>\n<\/ul>\n<p>Lot\u00e9ria Mega Millions pon\u00faka aj \u010fal\u0161iu funkciu \u2013 MegaPlie. Pred ka\u017ed\u00fdm \u017erebovan\u00edm sa spust\u00ed MegaPlie.r je vybran\u00fd pre nasleduj\u00face \u017erebovanie, ktor\u00e9 m\u00f4\u017ee by\u0165 bu\u010f 2x, 3x alebo 4x. Tento multiplik\u00e1tor sa potom pou\u017eije na v\u0161etky vyhran\u00e9 ceny okrem jackpotu. Aby ste mohli t\u00fato funkciu vyu\u017ei\u0165, budete musie\u0165 pri k\u00fape tiketu prida\u0165 1 $.<\/p>\n<h2>M\u00f4\u017eem hra\u0165 Mega Millions z mojej krajiny?<\/h2>\n<p>T\u00edsky Mega Millions je mo\u017en\u00e9 v s\u00fa\u010dasnosti k\u00fapi\u0165 tradi\u010dn\u00fdm sp\u00f4sobom v 42 \u0161t\u00e1toch USA, \u010do znamen\u00e1, \u017ee si ich m\u00f4\u017eete k\u00fapi\u0165 u ktor\u00e9hoko\u013evek miestneho predajcu lot\u00e9ri\u00ed. T\u00fato lot\u00e9riu si v\u0161ak m\u00f4\u017eete zahra\u0165 aj z ktor\u00e9hoko\u013evek in\u00e9ho miesta na svete. To je mo\u017en\u00e9 urobi\u0165 pomocou RedFoxLotto, kde si m\u00f4\u017eete online zak\u00fapi\u0165 tikety pre v\u0161etky najpopul\u00e1rnej\u0161ie lot\u00e9rie na plan\u00e9te vr\u00e1tane tiketov Megamillions.<\/p>\n","protected":false},"excerpt":{"rendered":"<p>Mega Millions Lotto je jednou z najzn\u00e1mej\u0161\u00edch lot\u00e9ri\u00ed v USA. Pon\u00faka nieko\u013eko sp\u00f4sobov, ako vyhra\u0165, a OBROVSK\u00dd jackpot, ktor\u00fd sa m\u00f4\u017ee pohybova\u0165 od 10 do 600 MILI\u00d3NOV dol\u00e1rov! V roku 2012 vyhralo jackpot tejto lot\u00e9rie celkovo osem \u013eud\u00ed. Av\u0161ak v roku 2018 bol vyhran\u00fd ohromuj\u00faci jackpot Mega Millions vo v\u00fd\u0161ke 1 550 mili\u00f3nov dol\u00e1rov &#8211;&hellip;<\/p>\n","protected":false},"author":1,"featured_media":581,"parent":0,"menu_order":1,"comment_status":"closed","ping_status":"closed","template":"","meta":{"footnotes":""},"class_list":["post-580","page","type-page","status-publish","has-post-thumbnail","hentry"],"yoast_head":"<!-- This site is optimized with the Yoast SEO plugin v25.9 - https:\/\/yoast.com\/wordpress\/plugins\/seo\/ -->\n<title>Get A Mega Millions Ticket Online And Win Huge Jackpots!<\/title>\n<meta name=\"description\" content=\"L\u00edstok do Mega Millions si m\u00f4\u017eete k\u00fapi\u0165 online \u2013 nez\u00e1le\u017e\u00ed na tom, kde b\u00fdvate!\" \/>\n<meta name=\"robots\" content=\"index, follow, max-snippet:-1, max-image-preview:large, max-video-preview:-1\" \/>\n<link rel=\"canonical\" href=\"https:\/\/megamillionsticketonline.com\/sk\/\" \/>\n<meta property=\"og:locale\" content=\"sk_SK\" \/>\n<meta property=\"og:type\" content=\"article\" \/>\n<meta property=\"og:title\" content=\"Get A Mega Millions Ticket Online And Win Huge Jackpots!\" \/>\n<meta property=\"og:description\" content=\"L\u00edstok do Mega Millions si m\u00f4\u017eete k\u00fapi\u0165 online \u2013 nez\u00e1le\u017e\u00ed na tom, kde b\u00fdvate!\" \/>\n<meta property=\"og:url\" content=\"https:\/\/megamillionsticketonline.com\/sk\/\" \/>\n<meta property=\"og:image\" content=\"https:\/\/megamillionsticketonline.com\/wp-content\/uploads\/2022\/03\/2020-landscape-1.png\" \/>\n\t<meta property=\"og:image:width\" content=\"1200\" \/>\n\t<meta property=\"og:image:height\" content=\"769\" \/>\n\t<meta property=\"og:image:type\" content=\"image\/png\" \/>\n<meta name=\"twitter:card\" content=\"summary_large_image\" \/>\n<meta name=\"twitter:label1\" content=\"Predpokladan\u00fd \u010das \u010d\u00edtania\" \/>\n\t<meta name=\"twitter:data1\" content=\"5 min\u00fat\" \/>\n<script type=\"application\/ld+json\" class=\"yoast-schema-graph\">{\"@context\":\"https:\/\/schema.org\",\"@graph\":[{\"@type\":\"WebPage\",\"@id\":\"https:\/\/megamillionsticketonline.com\/sk\/\",\"url\":\"https:\/\/megamillionsticketonline.com\/sk\/\",\"name\":\"Get A Mega Millions Ticket Online And Win Huge Jackpots!\",\"isPartOf\":{\"@id\":\"https:\/\/megamillionsticketonline.com\/sk\/#website\"},\"primaryImageOfPage\":{\"@id\":\"https:\/\/megamillionsticketonline.com\/sk\/#primaryimage\"},\"image\":{\"@id\":\"https:\/\/megamillionsticketonline.com\/sk\/#primaryimage\"},\"thumbnailUrl\":\"https:\/\/megamillionsticketonline.com\/wp-content\/uploads\/2022\/03\/2020-landscape-1.png\",\"datePublished\":\"2025-08-23T21:45:17+00:00\",\"description\":\"L\u00edstok do Mega Millions si m\u00f4\u017eete k\u00fapi\u0165 online \u2013 nez\u00e1le\u017e\u00ed na tom, kde b\u00fdvate!\",\"inLanguage\":\"sk-SK\",\"potentialAction\":[{\"@type\":\"ReadAction\",\"target\":[\"https:\/\/megamillionsticketonline.com\/sk\/\"]}]},{\"@type\":\"ImageObject\",\"inLanguage\":\"sk-SK\",\"@id\":\"https:\/\/megamillionsticketonline.com\/sk\/#primaryimage\",\"url\":\"https:\/\/megamillionsticketonline.com\/wp-content\/uploads\/2022\/03\/2020-landscape-1.png\",\"contentUrl\":\"https:\/\/megamillionsticketonline.com\/wp-content\/uploads\/2022\/03\/2020-landscape-1.png\",\"width\":1200,\"height\":769},{\"@type\":\"WebSite\",\"@id\":\"https:\/\/megamillionsticketonline.com\/sk\/#website\",\"url\":\"https:\/\/megamillionsticketonline.com\/sk\/\",\"name\":\"\",\"description\":\"\",\"potentialAction\":[{\"@type\":\"SearchAction\",\"target\":{\"@type\":\"EntryPoint\",\"urlTemplate\":\"https:\/\/megamillionsticketonline.com\/sk\/?s={search_term_string}\"},\"query-input\":{\"@type\":\"PropertyValueSpecification\",\"valueRequired\":true,\"valueName\":\"search_term_string\"}}],\"inLanguage\":\"sk-SK\"}]}<\/script>\n<!-- \/ Yoast SEO plugin. -->","yoast_head_json":{"title":"Get A Mega Millions Ticket Online And Win Huge Jackpots!","description":"L\u00edstok do Mega Millions si m\u00f4\u017eete k\u00fapi\u0165 online \u2013 nez\u00e1le\u017e\u00ed na tom, kde b\u00fdvate!","robots":{"index":"index","follow":"follow","max-snippet":"max-snippet:-1","max-image-preview":"max-image-preview:large","max-video-preview":"max-video-preview:-1"},"canonical":"https:\/\/megamillionsticketonline.com\/sk\/","og_locale":"sk_SK","og_type":"article","og_title":"Get A Mega Millions Ticket Online And Win Huge Jackpots!","og_description":"L\u00edstok do Mega Millions si m\u00f4\u017eete k\u00fapi\u0165 online \u2013 nez\u00e1le\u017e\u00ed na tom, kde b\u00fdvate!","og_url":"https:\/\/megamillionsticketonline.com\/sk\/","og_image":[{"width":1200,"height":769,"url":"https:\/\/megamillionsticketonline.com\/wp-content\/uploads\/2022\/03\/2020-landscape-1.png","type":"image\/png"}],"twitter_card":"summary_large_image","twitter_misc":{"Predpokladan\u00fd \u010das \u010d\u00edtania":"5 min\u00fat"},"schema":{"@context":"https:\/\/schema.org","@graph":[{"@type":"WebPage","@id":"https:\/\/megamillionsticketonline.com\/sk\/","url":"https:\/\/megamillionsticketonline.com\/sk\/","name":"Get A Mega Millions Ticket Online And Win Huge Jackpots!","isPartOf":{"@id":"https:\/\/megamillionsticketonline.com\/sk\/#website"},"primaryImageOfPage":{"@id":"https:\/\/megamillionsticketonline.com\/sk\/#primaryimage"},"image":{"@id":"https:\/\/megamillionsticketonline.com\/sk\/#primaryimage"},"thumbnailUrl":"https:\/\/megamillionsticketonline.com\/wp-content\/uploads\/2022\/03\/2020-landscape-1.png","datePublished":"2025-08-23T21:45:17+00:00","description":"L\u00edstok do Mega Millions si m\u00f4\u017eete k\u00fapi\u0165 online \u2013 nez\u00e1le\u017e\u00ed na tom, kde b\u00fdvate!","inLanguage":"sk-SK","potentialAction":[{"@type":"ReadAction","target":["https:\/\/megamillionsticketonline.com\/sk\/"]}]},{"@type":"ImageObject","inLanguage":"sk-SK","@id":"https:\/\/megamillionsticketonline.com\/sk\/#primaryimage","url":"https:\/\/megamillionsticketonline.com\/wp-content\/uploads\/2022\/03\/2020-landscape-1.png","contentUrl":"https:\/\/megamillionsticketonline.com\/wp-content\/uploads\/2022\/03\/2020-landscape-1.png","width":1200,"height":769},{"@type":"WebSite","@id":"https:\/\/megamillionsticketonline.com\/sk\/#website","url":"https:\/\/megamillionsticketonline.com\/sk\/","name":"","description":"","potentialAction":[{"@type":"SearchAction","target":{"@type":"EntryPoint","urlTemplate":"https:\/\/megamillionsticketonline.com\/sk\/?s={search_term_string}"},"query-input":{"@type":"PropertyValueSpecification","valueRequired":true,"valueName":"search_term_string"}}],"inLanguage":"sk-SK"}]}},"_links":{"self":[{"href":"https:\/\/megamillionsticketonline.com\/sk\/wp-json\/wp\/v2\/pages\/580","targetHints":{"allow":["GET"]}}],"collection":[{"href":"https:\/\/megamillionsticketonline.com\/sk\/wp-json\/wp\/v2\/pages"}],"about":[{"href":"https:\/\/megamillionsticketonline.com\/sk\/wp-json\/wp\/v2\/types\/page"}],"author":[{"embeddable":true,"href":"https:\/\/megamillionsticketonline.com\/sk\/wp-json\/wp\/v2\/users\/1"}],"replies":[{"embeddable":true,"href":"https:\/\/megamillionsticketonline.com\/sk\/wp-json\/wp\/v2\/comments?post=580"}],"version-history":[{"count":0,"href":"https:\/\/megamillionsticketonline.com\/sk\/wp-json\/wp\/v2\/pages\/580\/revisions"}],"wp:featuredmedia":[{"embeddable":true,"href":"https:\/\/megamillionsticketonline.com\/sk\/wp-json\/wp\/v2\/media\/581"}],"wp:attachment":[{"href":"https:\/\/megamillionsticketonline.com\/sk\/wp-json\/wp\/v2\/media?parent=580"}],"curies":[{"name":"wp","href":"https:\/\/api.w.org\/{rel}","templated":true}]}}