{"id":227,"date":"2025-04-26T11:13:49","date_gmt":"2025-04-26T10:13:49","guid":{"rendered":"https:\/\/megamillionsticketonline.com\/acasa\/"},"modified":"2025-04-26T11:13:49","modified_gmt":"2025-04-26T10:13:49","slug":"acasa","status":"publish","type":"page","link":"https:\/\/megamillionsticketonline.com\/ro\/","title":{"rendered":"Acas\u0103"},"content":{"rendered":"<p>Loteria Mega Millions este una dintre cele mai faimoase loterii din SUA. Ofer\u0103 mai multe modalit\u0103\u021bi de c\u00e2\u0219tig \u0219i un premiu Jackpot URIA\u0218, care poate varia \u00eentre 10 \u0219i 600 de milioane de dolari! \u00cen anul 2012, un total de opt persoane au c\u00e2\u0219tigat jackpotul acestei loterii. Cu toate acestea, un **jackpot Mega Millions uluitor de 1550 de milioane de dolari** a fost c\u00e2\u0219tigat \u00een 2018 &#8211; un record mondial pentru un premiu de loterie!<\/p>\n<p>Jackpoturile oferite de loteria Mega Millions sunt de neegalat, acestea \u00eencep\u00e2nd de la o dimensiune egal\u0103 cu ceea ce ofer\u0103 alte loterii \u00een perioadele lor de v\u00e2rf. De\u0219i cel mai mare num\u0103r de juc\u0103tori sunt din SUA, iar loteria este conceput\u0103 pentru reziden\u021bii acestei \u021b\u0103ri, este posibil s\u0103 juca\u021bi de oriunde din lume! <strong><span style=\"text-decoration: underline;\"><a href=\"https:\/\/redfoxlotto.com\/?ref=A8564250A2&amp;medium=memicom\" target=\"_blank\" rel=\"noopener\">Pute\u021bi cump\u0103ra bilete Mega Millions online cu ajutorul RedFoxLotto &#8211; face\u021bi clic aici pentru a vizita &#8211;<\/a><\/span><\/strong> aceast\u0103 companie se ofer\u0103 s\u0103 cumpere biletele \u00een numele dvs. \u00een SUA \u0219i apoi vi le transmite.<\/p>\n<p>Cu serviciul lor de bilete, acum pute\u021bi participa la <span style=\"text-decoration: underline;\"><a href=\"http:\/\/www.onlinelotto365.com\" target=\"_blank\" rel=\"noopener\">orice loterie interna\u021bional\u0103 online<\/a><\/span> &#8211; \u00ee\u0219i ofer\u0103 serviciul pentru peste 30 de loterii interna\u021bionale. Acest lucru v\u0103 ofer\u0103 o \u0219ans\u0103 mult mai bun\u0103 de a c\u00e2\u0219tiga sume enorme de bani la Mega Millions \u00een compara\u021bie cu loteria dvs. local\u0103.<\/p>\n<h2>Deci, cum func\u021bioneaz\u0103?<\/h2>\n<p>De fapt, exist\u0103 5 pa\u0219i simpli de urmat \u0219i ve\u021bi primi biletul de loto Mega Millions prin e-mail:<\/p>\n<ul>\n<li>Alege\u021bi loteria Mega Millions din lista din coloana lateral\u0103 sau face\u021bi clic pe widgetul de deasupra acestui articol<\/li>\n<li>Introduce\u021bi numerele dvs. norocoase sau l\u0103sa\u021bi software-ul s\u0103 o fac\u0103 pentru dvs. (prin generatorul de numere aleatorii, a\u0219a-numitul \u201eAlegere rapid\u0103\u201d)<\/li>\n<li>Selecta\u021bi num\u0103rul de linii \u0219i extrageri pentru care dori\u021bi s\u0103 cump\u0103ra\u021bi un bilet de loto<\/li>\n<li>Dup\u0103 ce a\u021bi finalizat comanda, un agent de la RedFoxLotto va achizi\u021biona biletul comandat, \u00een numele dvs. \u0219i cu numele dvs. pe el<\/li>\n<li>Ve\u021bi g\u0103si ulterior biletul \u00een contul dvs. de client<\/li>\n<\/ul>\n<p>Serviciile RedFoxLotto sunt utilizate de milioane de oameni din \u00eentreaga lume. Juc\u0103torii lor au c\u00e2\u0219tigat milioane de dolari \u0219i nu au avut niciodat\u0103 probleme cu livrarea premiilor. Biletul afi\u0219eaz\u0103 numele dumneavoastr\u0103 complet, deasupra numerelor alese. \u00cencasarea fondurilor f\u0103r\u0103 notificarea dumneavoastr\u0103 nu este posibil\u0103, punct.<\/p>\n<h2>Mega Millions nu este singurul joc pentru care RedFoxLotto ofer\u0103 bilete de loterie<\/h2>\n<p>De asemenea, pute\u021bi participa la loterii precum PowerBall Lotto, El Gordo, Superenalotto, Loteria Euro Millions \u0219i multe altele. Marele avantaj este c\u0103, ori de c\u00e2te ori v\u0103 sim\u021bi\u021bi norocos, ve\u021bi g\u0103si \u00eentotdeauna cel pu\u021bin unul sau mai multe jackpoturi loto cu adev\u0103rat mari. Jucarea pentru premiul mai mare f\u0103r\u0103 a pl\u0103ti mai mult pentru bilet (comparativ cu o loterie cu un jackpot mai mic) v\u0103 cre\u0219te \u0219ansele matematice de a c\u00e2\u0219tiga bani mul\u021bi!<\/p>\n<h2>Extrageri la Loteria Mega Millions<\/h2>\n<p>Extragerile pentru acest eveniment au loc dou\u0103 zile pe s\u0103pt\u0103m\u00e2n\u0103 &#8211; \u00een fiecare mar\u021bi \u0219i vineri, la ora 23:00, ora estic\u0103. De fiecare dat\u0103, se extrag 5 bile albe dintr-un tambur, care con\u021bine un total de 59 de bile. \u00cen plus, se extrage un num\u0103r dintr-un tambur cu 46 de bile galbene. Bilele galbene sunt cunoscute \u0219i sub numele de \u201eMegaBalls\u201d.<\/p>\n<p>Tragerile sunt transmise de WSB-TV, care se afl\u0103 \u00een Georgia, Atlanta. Nu trebuie s\u0103 v\u0103 face\u021bi griji c\u0103 ve\u021bi pierde c\u00e2\u0219tigurile dup\u0103 ce cump\u0103ra\u021bi un bilet Mega Millions online &#8211; notificarea c\u00e2\u0219tigului prin e-mail este inclus\u0103 \u00een serviciile RedFoxLotto!<\/p>\n<h2>Modalit\u0103\u021bi de c\u00e2\u0219tig<\/h2>\n<p>Mega Millions ofer\u0103 9 niveluri diferite de premii. Pentru a c\u00e2\u0219tiga jackpotul, cunoscut \u0219i sub numele de Marele Premiu, va trebui s\u0103 nimeri\u021bi corect cele 5 numere ale bilelor albe, precum \u0219i Mega Ball. \u0218ansele ca acest lucru s\u0103 se \u00eent\u00e2mple sunt de aproximativ 1 la 175.711.536,0000. Dup\u0103 cum pute\u021bi vedea, este o \u0219ans\u0103 mic\u0103, dar nu imposibil\u0103. La urma urmei, cineva trebuie s\u0103 c\u00e2\u0219tige la loterie, nu-i a\u0219a?<\/p>\n<p>Marele Premiu mediu este de aproximativ 60 de milioane de dolari, iar \u00een cazul \u00een care c\u00e2\u0219tiga\u021bi, premiul loto v\u0103 va fi pl\u0103tit pe parcursul mai multor ani. Alternativ, pute\u021bi alege s\u0103 primi\u021bi premiul integral \u00eentr-o singur\u0103 sum\u0103, dar atunci plata va fi ceva mai mic\u0103.<\/p>\n<p>Pe l\u00e2ng\u0103 Marele Premiu, exist\u0103 \u00eenc\u0103 8 premii care pot fi c\u00e2\u0219tigate la Megamillions. \u0218ansele totale de a c\u00e2\u0219tiga orice premiu sunt de 1 la 39,89.<\/p>\n<p>G\u0103si\u021bi mai jos o prezentare complet\u0103 a posibilelor premii \u00een bani Mega Millions \u0219i a cerin\u021belor pentru a le c\u00e2\u0219tiga:<\/p>\n<ul>\n<li>5 Bile Albe + Mega Bila \u2013 Marele Premiu (Jackpot)<\/li>\n<li>5 Bile Albe &#8211; 250.000 USD<\/li>\n<li>4 Bile Albe + Mega Bila &#8211; 10.000 USD<\/li>\n<li>4 Bile Albe &#8211; 150 USD<\/li>\n<li>3 Bile Albe + Mega Bila &#8211; 150 USD<\/li>\n<li>3 Bile Albe &#8211; 7 USD<\/li>\n<li>2 Bile Albe + Mega Bila &#8211; 10 USD<\/li>\n<li>1 Bil\u0103 Alb\u0103 + Mega Bila &#8211; 3 USD<\/li>\n<li>Doar Mega Bila &#8211; 2 USD<\/li>\n<\/ul>\n<p>Loteria Mega Millions ofer\u0103 \u0219i o func\u021bie suplimentar\u0103 \u2013 MegaPlier. \u00cenainte de fiecare extragere, se face un MegaPlier.r este selectat pentru extragerea urm\u0103toare, care poate fi fie 2x, 3x, fie 4x. Acest multiplicator este apoi aplicat tuturor premiilor c\u00e2\u0219tigate, cu excep\u021bia jackpotului. Pentru a profita de aceast\u0103 func\u021bie, va trebui s\u0103 ad\u0103uga\u021bi 1 dolar la achizi\u021bionarea unui bilet.<\/p>\n<h2>Pot juca Mega Millions din \u021bara mea?<\/h2>\n<p>Biletele Mega Millions pot fi cump\u0103rate \u00een prezent \u00een mod tradi\u021bional \u00een 42 de state ale SUA, ceea ce \u00eenseamn\u0103 c\u0103 pute\u021bi achizi\u021biona bilete de la orice comerciant local de loterie. Cu toate acestea, pute\u021bi juca la aceast\u0103 loterie \u0219i din orice alt loc din lume. Acest lucru se poate face utiliz\u00e2nd RedFoxLotto, unde pute\u021bi achizi\u021biona bilete online pentru toate cele mai populare loterii de pe planet\u0103, inclusiv bilete de loterie Megamillions.<\/p>\n","protected":false},"excerpt":{"rendered":"<p>Loteria Mega Millions este una dintre cele mai faimoase loterii din SUA. Ofer\u0103 mai multe modalit\u0103\u021bi de c\u00e2\u0219tig \u0219i un premiu Jackpot URIA\u0218, care poate varia \u00eentre 10 \u0219i 600 de milioane de dolari! \u00cen anul 2012, un total de opt persoane au c\u00e2\u0219tigat jackpotul acestei loterii. Cu toate acestea, un **jackpot Mega Millions uluitor&hellip;<\/p>\n","protected":false},"author":1,"featured_media":95,"parent":0,"menu_order":1,"comment_status":"closed","ping_status":"closed","template":"","meta":{"footnotes":""},"class_list":["post-227","page","type-page","status-publish","has-post-thumbnail","hentry"],"yoast_head":"<!-- This site is optimized with the Yoast SEO plugin v25.9 - https:\/\/yoast.com\/wordpress\/plugins\/seo\/ -->\n<title>Ob\u021bine un bilet Mega Millions online \u0219i c\u00e2\u0219tig\u0103 jackpoturi uria\u0219e!<\/title>\n<meta name=\"description\" content=\"Po\u021bi cump\u0103ra un bilet Mega Millions online - Nu conteaz\u0103 unde locuie\u0219ti!\" \/>\n<meta name=\"robots\" content=\"index, follow, max-snippet:-1, max-image-preview:large, max-video-preview:-1\" \/>\n<link rel=\"canonical\" href=\"https:\/\/megamillionsticketonline.com\/ro\/\" \/>\n<meta property=\"og:locale\" content=\"ro_RO\" \/>\n<meta property=\"og:type\" content=\"article\" \/>\n<meta property=\"og:title\" content=\"Ob\u021bine un bilet Mega Millions online \u0219i c\u00e2\u0219tig\u0103 jackpoturi uria\u0219e!\" \/>\n<meta property=\"og:description\" content=\"Po\u021bi cump\u0103ra un bilet Mega Millions online - Nu conteaz\u0103 unde locuie\u0219ti!\" \/>\n<meta property=\"og:url\" content=\"https:\/\/megamillionsticketonline.com\/ro\/\" \/>\n<meta property=\"og:image\" content=\"https:\/\/megamillionsticketonline.com\/wp-content\/uploads\/2022\/03\/2020-landscape-1.png\" \/>\n\t<meta property=\"og:image:width\" content=\"1200\" \/>\n\t<meta property=\"og:image:height\" content=\"769\" \/>\n\t<meta property=\"og:image:type\" content=\"image\/png\" \/>\n<meta name=\"twitter:card\" content=\"summary_large_image\" \/>\n<meta name=\"twitter:label1\" content=\"Timp estimat pentru citire\" \/>\n\t<meta name=\"twitter:data1\" content=\"5 minute\" \/>\n<script type=\"application\/ld+json\" class=\"yoast-schema-graph\">{\"@context\":\"https:\/\/schema.org\",\"@graph\":[{\"@type\":\"WebPage\",\"@id\":\"https:\/\/megamillionsticketonline.com\/ro\/\",\"url\":\"https:\/\/megamillionsticketonline.com\/ro\/\",\"name\":\"Ob\u021bine un bilet Mega Millions online \u0219i c\u00e2\u0219tig\u0103 jackpoturi uria\u0219e!\",\"isPartOf\":{\"@id\":\"https:\/\/megamillionsticketonline.com\/ro\/#website\"},\"primaryImageOfPage\":{\"@id\":\"https:\/\/megamillionsticketonline.com\/ro\/#primaryimage\"},\"image\":{\"@id\":\"https:\/\/megamillionsticketonline.com\/ro\/#primaryimage\"},\"thumbnailUrl\":\"https:\/\/megamillionsticketonline.com\/wp-content\/uploads\/2022\/03\/2020-landscape-1.png\",\"datePublished\":\"2025-04-26T10:13:49+00:00\",\"description\":\"Po\u021bi cump\u0103ra un bilet Mega Millions online - Nu conteaz\u0103 unde locuie\u0219ti!\",\"inLanguage\":\"ro-RO\",\"potentialAction\":[{\"@type\":\"ReadAction\",\"target\":[\"https:\/\/megamillionsticketonline.com\/ro\/\"]}]},{\"@type\":\"ImageObject\",\"inLanguage\":\"ro-RO\",\"@id\":\"https:\/\/megamillionsticketonline.com\/ro\/#primaryimage\",\"url\":\"https:\/\/megamillionsticketonline.com\/wp-content\/uploads\/2022\/03\/2020-landscape-1.png\",\"contentUrl\":\"https:\/\/megamillionsticketonline.com\/wp-content\/uploads\/2022\/03\/2020-landscape-1.png\",\"width\":1200,\"height\":769},{\"@type\":\"WebSite\",\"@id\":\"https:\/\/megamillionsticketonline.com\/ro\/#website\",\"url\":\"https:\/\/megamillionsticketonline.com\/ro\/\",\"name\":\"\",\"description\":\"\",\"potentialAction\":[{\"@type\":\"SearchAction\",\"target\":{\"@type\":\"EntryPoint\",\"urlTemplate\":\"https:\/\/megamillionsticketonline.com\/ro\/?s={search_term_string}\"},\"query-input\":{\"@type\":\"PropertyValueSpecification\",\"valueRequired\":true,\"valueName\":\"search_term_string\"}}],\"inLanguage\":\"ro-RO\"}]}<\/script>\n<!-- \/ Yoast SEO plugin. -->","yoast_head_json":{"title":"Ob\u021bine un bilet Mega Millions online \u0219i c\u00e2\u0219tig\u0103 jackpoturi uria\u0219e!","description":"Po\u021bi cump\u0103ra un bilet Mega Millions online - Nu conteaz\u0103 unde locuie\u0219ti!","robots":{"index":"index","follow":"follow","max-snippet":"max-snippet:-1","max-image-preview":"max-image-preview:large","max-video-preview":"max-video-preview:-1"},"canonical":"https:\/\/megamillionsticketonline.com\/ro\/","og_locale":"ro_RO","og_type":"article","og_title":"Ob\u021bine un bilet Mega Millions online \u0219i c\u00e2\u0219tig\u0103 jackpoturi uria\u0219e!","og_description":"Po\u021bi cump\u0103ra un bilet Mega Millions online - Nu conteaz\u0103 unde locuie\u0219ti!","og_url":"https:\/\/megamillionsticketonline.com\/ro\/","og_image":[{"width":1200,"height":769,"url":"https:\/\/megamillionsticketonline.com\/wp-content\/uploads\/2022\/03\/2020-landscape-1.png","type":"image\/png"}],"twitter_card":"summary_large_image","twitter_misc":{"Timp estimat pentru citire":"5 minute"},"schema":{"@context":"https:\/\/schema.org","@graph":[{"@type":"WebPage","@id":"https:\/\/megamillionsticketonline.com\/ro\/","url":"https:\/\/megamillionsticketonline.com\/ro\/","name":"Ob\u021bine un bilet Mega Millions online \u0219i c\u00e2\u0219tig\u0103 jackpoturi uria\u0219e!","isPartOf":{"@id":"https:\/\/megamillionsticketonline.com\/ro\/#website"},"primaryImageOfPage":{"@id":"https:\/\/megamillionsticketonline.com\/ro\/#primaryimage"},"image":{"@id":"https:\/\/megamillionsticketonline.com\/ro\/#primaryimage"},"thumbnailUrl":"https:\/\/megamillionsticketonline.com\/wp-content\/uploads\/2022\/03\/2020-landscape-1.png","datePublished":"2025-04-26T10:13:49+00:00","description":"Po\u021bi cump\u0103ra un bilet Mega Millions online - Nu conteaz\u0103 unde locuie\u0219ti!","inLanguage":"ro-RO","potentialAction":[{"@type":"ReadAction","target":["https:\/\/megamillionsticketonline.com\/ro\/"]}]},{"@type":"ImageObject","inLanguage":"ro-RO","@id":"https:\/\/megamillionsticketonline.com\/ro\/#primaryimage","url":"https:\/\/megamillionsticketonline.com\/wp-content\/uploads\/2022\/03\/2020-landscape-1.png","contentUrl":"https:\/\/megamillionsticketonline.com\/wp-content\/uploads\/2022\/03\/2020-landscape-1.png","width":1200,"height":769},{"@type":"WebSite","@id":"https:\/\/megamillionsticketonline.com\/ro\/#website","url":"https:\/\/megamillionsticketonline.com\/ro\/","name":"","description":"","potentialAction":[{"@type":"SearchAction","target":{"@type":"EntryPoint","urlTemplate":"https:\/\/megamillionsticketonline.com\/ro\/?s={search_term_string}"},"query-input":{"@type":"PropertyValueSpecification","valueRequired":true,"valueName":"search_term_string"}}],"inLanguage":"ro-RO"}]}},"_links":{"self":[{"href":"https:\/\/megamillionsticketonline.com\/ro\/wp-json\/wp\/v2\/pages\/227","targetHints":{"allow":["GET"]}}],"collection":[{"href":"https:\/\/megamillionsticketonline.com\/ro\/wp-json\/wp\/v2\/pages"}],"about":[{"href":"https:\/\/megamillionsticketonline.com\/ro\/wp-json\/wp\/v2\/types\/page"}],"author":[{"embeddable":true,"href":"https:\/\/megamillionsticketonline.com\/ro\/wp-json\/wp\/v2\/users\/1"}],"replies":[{"embeddable":true,"href":"https:\/\/megamillionsticketonline.com\/ro\/wp-json\/wp\/v2\/comments?post=227"}],"version-history":[{"count":0,"href":"https:\/\/megamillionsticketonline.com\/ro\/wp-json\/wp\/v2\/pages\/227\/revisions"}],"wp:featuredmedia":[{"embeddable":true,"href":"https:\/\/megamillionsticketonline.com\/ro\/wp-json\/wp\/v2\/media\/95"}],"wp:attachment":[{"href":"https:\/\/megamillionsticketonline.com\/ro\/wp-json\/wp\/v2\/media?parent=227"}],"curies":[{"name":"wp","href":"https:\/\/api.w.org\/{rel}","templated":true}]}}