{"id":238,"date":"2025-04-26T11:24:40","date_gmt":"2025-04-26T10:24:40","guid":{"rendered":"https:\/\/megamillionsticketonline.com\/casa\/"},"modified":"2025-04-26T11:24:40","modified_gmt":"2025-04-26T10:24:40","slug":"casa","status":"publish","type":"page","link":"https:\/\/megamillionsticketonline.com\/pt-pt\/","title":{"rendered":"Casa"},"content":{"rendered":"<p>A Mega Millions Lotto \u00e9 uma das lotarias mais famosas dos EUA. Oferece v\u00e1rias formas de ganhar e um pr\u00e9mio ENORME, que pode variar entre os 10 e os 600 MILH\u00d5ES de d\u00f3lares! No ano de 2012, um total de oito pessoas ganhou o pr\u00e9mio principal desta lotaria. No entanto, um <strong>impressionante pr\u00e9mio da Mega Millions de 1.550 milh\u00f5es de d\u00f3lares foi ganho em 2018<\/strong> &#8211; um recorde mundial para um pr\u00e9mio de lotaria!<\/p>\n<p>Os pr\u00e9mios oferecidos pela lotaria Mega Millions s\u00e3o inigual\u00e1veis \u200b\u200be come\u00e7am num tamanho igual ao que outras lotarias oferecem nos seus hor\u00e1rios de pico. Embora a maior parte dos jogadores seja dos EUA e a lotaria seja destinada aos residentes deste pa\u00eds, \u00e9 poss\u00edvel jogar de qualquer parte do mundo! <strong><span style=\"text-decoration: underline;\"><a href=\"https:\/\/redfoxlotto.com\/?ref=A8564250A2&amp;medium=memicom\" target=\"_blank\" rel=\"noopener\">Pode comprar bilhetes da Mega Millions online com a ajuda da RedFoxLotto &#8211; clique aqui para visitar &#8211;<\/a><\/span><\/strong> esta empresa oferece-se para comprar os bilhetes em seu nome nos EUA e depois encaminha-os para si.<\/p>\n<p>Com o servi\u00e7o de bilhetes, pode agora participar em <span style=\"text-decoration: underline;\"><a href=\"http:\/\/www.onlinelotto365.com\" target=\"_blank\" rel=\"noopener\">qualquer lotaria internacional online<\/a><\/span> &#8211; oferecem o servi\u00e7o a mais de 30 lotarias internacionais. Isto d\u00e1-lhe uma hip\u00f3tese muito maior de ganhar enormes quantias de dinheiro na Mega Millions em compara\u00e7\u00e3o com a sua lotaria local.<\/p>\n<h2>Ent\u00e3o, como funciona?<\/h2>\n<p>Na verdade, s\u00e3o apenas 5 passos f\u00e1ceis que precisa de seguir e receber\u00e1 o seu bilhete de lotaria Mega Millions por e-mail:<\/p>\n<ul>\n<li>Escolha a lotaria Mega Millions na lista na coluna lateral ou clique no widget acima deste artigo<\/li>\n<li>Introduza os seus n\u00fameros da sorte ou deixe que o software o fa\u00e7a por si (atrav\u00e9s do gerador de n\u00fameros aleat\u00f3rios, o chamado &#8220;Quick Pick&#8221;)<\/li>\n<li>Selecione o n\u00famero de linhas e sorteios para os quais pretende comprar um bilhete de lotaria<\/li>\n<li>Ap\u00f3s concluir o seu pedido, um agente da RedFoxLotto comprar\u00e1 o bilhete que encomendou, em seu nome e com o seu nome no mesmo<\/li>\n<li>Encontrar\u00e1 o seu bilhete posteriormente na sua conta de cliente<\/li>\n<\/ul>\n<p>Os servi\u00e7os da RedFoxLotto s\u00e3o utilizados por milh\u00f5es de pessoas em todo o mundo. Os seus jogadores ganharam milh\u00f5es de d\u00f3lares e nunca tiveram problemas em receber os seus pr\u00e9mios. O bilhete exibe o seu nome completo, al\u00e9m dos n\u00fameros escolhidos. N\u00e3o \u00e9 poss\u00edvel levantar fundos sem o seu aviso, ponto final.<\/p>\n<h2>Mega Millions n\u00e3o \u00e9 o \u00fanico jogo para o qual a RedFoxLotto oferece bilhetes de lotaria<\/h2>\n<p>Tamb\u00e9m pode participar em lotarias como PowerBall Lotto, El Gordo, Superenalotto, Euro Millions Lottery e muitas outras. A grande vantagem \u00e9 que sempre que se sentir com sorte, encontrar\u00e1 sempre pelo menos um ou v\u00e1rios pr\u00e9mios de lotaria realmente grandes. Jogar pelo pr\u00e9mio mais alto sem pagar mais pelo bilhete (em compara\u00e7\u00e3o com uma lotaria com um pr\u00e9mio mais baixo) aumenta as suas hip\u00f3teses matem\u00e1ticas de ganhar muito dinheiro!<br \/>\nSorteios da lotaria Mega Millions<br \/>\nOs sorteios para este evento s\u00e3o realizados dois dias por semana \u2013 todas as ter\u00e7as e sextas-feiras, \u00e0s 23h00. Hor\u00e1rio do Leste. De cada vez, s\u00e3o retiradas 5 bolas brancas de um tambor, que cont\u00e9m um total de 59 bolas. Al\u00e9m disso, \u00e9 sorteado um n\u00famero de um tambor com 46 bolas amarelas. As bolas amarelas s\u00e3o tamb\u00e9m conhecidas como &#8221;MegaBalls&#8221;.<\/p>\n<p>Os sorteios est\u00e3o a ser transmitidos pela WSB-TV, localizada na Ge\u00f3rgia, Atlanta. N\u00e3o tem de se preocupar em perder os seus ganhos depois de comprar um bilhete Mega Millions online: a notifica\u00e7\u00e3o de uma vit\u00f3ria por e-mail est\u00e1 inclu\u00edda nos servi\u00e7os RedFoxLotto!<\/p>\n<h2>Formas de Vencer<\/h2>\n<p>A Mega Millions oferece 9 n\u00edveis de pr\u00e9mios diferentes. Para ganhar o jackpot, tamb\u00e9m conhecido como Grande Pr\u00e9mio, ter\u00e1 de acertar nos 5 n\u00fameros da bola branca, bem como na Mega Bola. As probabilidades de tal acontecer s\u00e3o de cerca de 1 em 175.711.536,0000. Como pode ver, \u00e9 uma possibilidade remota, mas n\u00e3o imposs\u00edvel. Afinal, algu\u00e9m tem de ganhar a lotaria, certo?<\/p>\n<p>O Grande Pr\u00e9mio m\u00e9dio \u00e9 de cerca de 60 milh\u00f5es de d\u00f3lares e, caso ganhe, o seu pr\u00e9mio de lotaria ser-lhe-\u00e1 pago ao longo de v\u00e1rios anos. Em alternativa, pode optar por receber o seu pr\u00e9mio na totalidade numa \u00fanica presta\u00e7\u00e3o, mas o pagamento ser\u00e1 um pouco mais baixo.<\/p>\n<p>Para al\u00e9m do Grande Pr\u00e9mio, existem mais 8 pr\u00e9mios que podem ser ganhos no Megamillions. As probabilidades gerais de ganhar qualquer pr\u00e9mio s\u00e3o de 1 em 39,89.<\/p>\n<p>Veja abaixo uma vis\u00e3o geral completa dos poss\u00edveis pr\u00e9mios em dinheiro da Mega Millions e dos requisitos para os ganhar:<\/p>\n<ul>\n<li>5 Bolas Brancas + A Mega Bola \u2013 O Grande Pr\u00e9mio (Jackpot)<\/li>\n<li>5 Bolas Brancas &#8211; $250.000<\/li>\n<li>4 Bolas Brancas + A Mega Bola &#8211; $10.000<\/li>\n<li>4 Bolas Brancas &#8211; $150<\/li>\n<li>3 Bolas Brancas + A Mega Bola &#8211; $150<\/li>\n<li>3 Bolas Brancas &#8211; $7<\/li>\n<li>2 Bolas Brancas + A Mega Bola &#8211; $10<\/li>\n<li>1 Bola Branca + A Mega Bola &#8211;\u00a0$3<\/li>\n<li>A Mega Ball sozinho &#8211; $2<\/li>\n<\/ul>\n<p>A Mega Millions Lotto oferece ainda uma funcionalidade adicional: o MegaPlier. Antes de cada sorteio \u00e9 feito um MegaPlier \u00e9 selecionado para o sorteio seguinte, que pode ser 2x 3x ou 4x. Este multiplicador \u00e9 depois aplicado a todos os pr\u00e9mios ganhos, exceto ao jackpot. Para usufruir desta funcionalidade, ter\u00e1 de adicionar US$ 1 ao comprar um bilhete.<\/p>\n<h2>Posso jogar na Mega Millions do meu pa\u00eds?<\/h2>\n<p>Atualmente, os bilhetes da Mega Millions podem ser comprados da forma tradicional em 42 estados dos EUA, o que significa que pode comprar bilhetes em qualquer loja de lotaria local. No entanto, tamb\u00e9m pode jogar nesta lotaria a partir de qualquer outro lugar do mundo. Isto pode ser feito utilizando o RedFoxLotto, onde pode comprar bilhetes online para todas as lotarias mais populares do planeta, incluindo os bilhetes da lotaria Megamillions.<\/p>\n","protected":false},"excerpt":{"rendered":"<p>A Mega Millions Lotto \u00e9 uma das lotarias mais famosas dos EUA. Oferece v\u00e1rias formas de ganhar e um pr\u00e9mio ENORME, que pode variar entre os 10 e os 600 MILH\u00d5ES de d\u00f3lares! No ano de 2012, um total de oito pessoas ganhou o pr\u00e9mio principal desta lotaria. No entanto, um impressionante pr\u00e9mio da Mega&hellip;<\/p>\n","protected":false},"author":1,"featured_media":94,"parent":0,"menu_order":1,"comment_status":"closed","ping_status":"closed","template":"","meta":{"footnotes":""},"class_list":["post-238","page","type-page","status-publish","has-post-thumbnail","hentry"],"yoast_head":"<!-- This site is optimized with the Yoast SEO plugin v25.9 - https:\/\/yoast.com\/wordpress\/plugins\/seo\/ -->\n<title>Compre um bilhete Mega Millions online e ganhe pr\u00e9mios enormes!<\/title>\n<meta name=\"description\" content=\"Pode comprar um bilhete da Mega Millions online - n\u00e3o importa onde mora!\" \/>\n<meta name=\"robots\" content=\"index, follow, max-snippet:-1, max-image-preview:large, max-video-preview:-1\" \/>\n<link rel=\"canonical\" href=\"https:\/\/megamillionsticketonline.com\/pt-pt\/\" \/>\n<meta property=\"og:locale\" content=\"pt_PT\" \/>\n<meta property=\"og:type\" content=\"article\" \/>\n<meta property=\"og:title\" content=\"Compre um bilhete Mega Millions online e ganhe pr\u00e9mios enormes!\" \/>\n<meta property=\"og:description\" content=\"Pode comprar um bilhete da Mega Millions online - n\u00e3o importa onde mora!\" \/>\n<meta property=\"og:url\" content=\"https:\/\/megamillionsticketonline.com\/pt-pt\/\" \/>\n<meta property=\"og:image\" content=\"https:\/\/megamillionsticketonline.com\/wp-content\/uploads\/2022\/03\/2020-landscape-1.png\" \/>\n\t<meta property=\"og:image:width\" content=\"1200\" \/>\n\t<meta property=\"og:image:height\" content=\"769\" \/>\n\t<meta property=\"og:image:type\" content=\"image\/png\" \/>\n<meta name=\"twitter:card\" content=\"summary_large_image\" \/>\n<meta name=\"twitter:label1\" content=\"Tempo estimado de leitura\" \/>\n\t<meta name=\"twitter:data1\" content=\"5 minutos\" \/>\n<script type=\"application\/ld+json\" class=\"yoast-schema-graph\">{\"@context\":\"https:\/\/schema.org\",\"@graph\":[{\"@type\":\"WebPage\",\"@id\":\"https:\/\/megamillionsticketonline.com\/pt-pt\/\",\"url\":\"https:\/\/megamillionsticketonline.com\/pt-pt\/\",\"name\":\"Compre um bilhete Mega Millions online e ganhe pr\u00e9mios enormes!\",\"isPartOf\":{\"@id\":\"https:\/\/megamillionsticketonline.com\/pt-pt\/#website\"},\"primaryImageOfPage\":{\"@id\":\"https:\/\/megamillionsticketonline.com\/pt-pt\/#primaryimage\"},\"image\":{\"@id\":\"https:\/\/megamillionsticketonline.com\/pt-pt\/#primaryimage\"},\"thumbnailUrl\":\"https:\/\/megamillionsticketonline.com\/wp-content\/uploads\/2022\/03\/2020-landscape-1.png\",\"datePublished\":\"2025-04-26T10:24:40+00:00\",\"description\":\"Pode comprar um bilhete da Mega Millions online - n\u00e3o importa onde mora!\",\"inLanguage\":\"pt-PT\",\"potentialAction\":[{\"@type\":\"ReadAction\",\"target\":[\"https:\/\/megamillionsticketonline.com\/pt-pt\/\"]}]},{\"@type\":\"ImageObject\",\"inLanguage\":\"pt-PT\",\"@id\":\"https:\/\/megamillionsticketonline.com\/pt-pt\/#primaryimage\",\"url\":\"https:\/\/megamillionsticketonline.com\/wp-content\/uploads\/2022\/03\/2020-landscape-1.png\",\"contentUrl\":\"https:\/\/megamillionsticketonline.com\/wp-content\/uploads\/2022\/03\/2020-landscape-1.png\",\"width\":1200,\"height\":769},{\"@type\":\"WebSite\",\"@id\":\"https:\/\/megamillionsticketonline.com\/pt-pt\/#website\",\"url\":\"https:\/\/megamillionsticketonline.com\/pt-pt\/\",\"name\":\"\",\"description\":\"\",\"potentialAction\":[{\"@type\":\"SearchAction\",\"target\":{\"@type\":\"EntryPoint\",\"urlTemplate\":\"https:\/\/megamillionsticketonline.com\/pt-pt\/?s={search_term_string}\"},\"query-input\":{\"@type\":\"PropertyValueSpecification\",\"valueRequired\":true,\"valueName\":\"search_term_string\"}}],\"inLanguage\":\"pt-PT\"}]}<\/script>\n<!-- \/ Yoast SEO plugin. -->","yoast_head_json":{"title":"Compre um bilhete Mega Millions online e ganhe pr\u00e9mios enormes!","description":"Pode comprar um bilhete da Mega Millions online - n\u00e3o importa onde mora!","robots":{"index":"index","follow":"follow","max-snippet":"max-snippet:-1","max-image-preview":"max-image-preview:large","max-video-preview":"max-video-preview:-1"},"canonical":"https:\/\/megamillionsticketonline.com\/pt-pt\/","og_locale":"pt_PT","og_type":"article","og_title":"Compre um bilhete Mega Millions online e ganhe pr\u00e9mios enormes!","og_description":"Pode comprar um bilhete da Mega Millions online - n\u00e3o importa onde mora!","og_url":"https:\/\/megamillionsticketonline.com\/pt-pt\/","og_image":[{"width":1200,"height":769,"url":"https:\/\/megamillionsticketonline.com\/wp-content\/uploads\/2022\/03\/2020-landscape-1.png","type":"image\/png"}],"twitter_card":"summary_large_image","twitter_misc":{"Tempo estimado de leitura":"5 minutos"},"schema":{"@context":"https:\/\/schema.org","@graph":[{"@type":"WebPage","@id":"https:\/\/megamillionsticketonline.com\/pt-pt\/","url":"https:\/\/megamillionsticketonline.com\/pt-pt\/","name":"Compre um bilhete Mega Millions online e ganhe pr\u00e9mios enormes!","isPartOf":{"@id":"https:\/\/megamillionsticketonline.com\/pt-pt\/#website"},"primaryImageOfPage":{"@id":"https:\/\/megamillionsticketonline.com\/pt-pt\/#primaryimage"},"image":{"@id":"https:\/\/megamillionsticketonline.com\/pt-pt\/#primaryimage"},"thumbnailUrl":"https:\/\/megamillionsticketonline.com\/wp-content\/uploads\/2022\/03\/2020-landscape-1.png","datePublished":"2025-04-26T10:24:40+00:00","description":"Pode comprar um bilhete da Mega Millions online - n\u00e3o importa onde mora!","inLanguage":"pt-PT","potentialAction":[{"@type":"ReadAction","target":["https:\/\/megamillionsticketonline.com\/pt-pt\/"]}]},{"@type":"ImageObject","inLanguage":"pt-PT","@id":"https:\/\/megamillionsticketonline.com\/pt-pt\/#primaryimage","url":"https:\/\/megamillionsticketonline.com\/wp-content\/uploads\/2022\/03\/2020-landscape-1.png","contentUrl":"https:\/\/megamillionsticketonline.com\/wp-content\/uploads\/2022\/03\/2020-landscape-1.png","width":1200,"height":769},{"@type":"WebSite","@id":"https:\/\/megamillionsticketonline.com\/pt-pt\/#website","url":"https:\/\/megamillionsticketonline.com\/pt-pt\/","name":"","description":"","potentialAction":[{"@type":"SearchAction","target":{"@type":"EntryPoint","urlTemplate":"https:\/\/megamillionsticketonline.com\/pt-pt\/?s={search_term_string}"},"query-input":{"@type":"PropertyValueSpecification","valueRequired":true,"valueName":"search_term_string"}}],"inLanguage":"pt-PT"}]}},"_links":{"self":[{"href":"https:\/\/megamillionsticketonline.com\/pt-pt\/wp-json\/wp\/v2\/pages\/238","targetHints":{"allow":["GET"]}}],"collection":[{"href":"https:\/\/megamillionsticketonline.com\/pt-pt\/wp-json\/wp\/v2\/pages"}],"about":[{"href":"https:\/\/megamillionsticketonline.com\/pt-pt\/wp-json\/wp\/v2\/types\/page"}],"author":[{"embeddable":true,"href":"https:\/\/megamillionsticketonline.com\/pt-pt\/wp-json\/wp\/v2\/users\/1"}],"replies":[{"embeddable":true,"href":"https:\/\/megamillionsticketonline.com\/pt-pt\/wp-json\/wp\/v2\/comments?post=238"}],"version-history":[{"count":0,"href":"https:\/\/megamillionsticketonline.com\/pt-pt\/wp-json\/wp\/v2\/pages\/238\/revisions"}],"wp:featuredmedia":[{"embeddable":true,"href":"https:\/\/megamillionsticketonline.com\/pt-pt\/wp-json\/wp\/v2\/media\/94"}],"wp:attachment":[{"href":"https:\/\/megamillionsticketonline.com\/pt-pt\/wp-json\/wp\/v2\/media?parent=238"}],"curies":[{"name":"wp","href":"https:\/\/api.w.org\/{rel}","templated":true}]}}