{"id":221,"date":"2025-04-26T11:08:53","date_gmt":"2025-04-26T10:08:53","guid":{"rendered":"https:\/\/megamillionsticketonline.com\/dom\/"},"modified":"2025-04-26T11:08:53","modified_gmt":"2025-04-26T10:08:53","slug":"dom","status":"publish","type":"page","link":"https:\/\/megamillionsticketonline.com\/pl\/","title":{"rendered":"Dom"},"content":{"rendered":"<p>Mega Millions Lotto to jedna z najs\u0142ynniejszych loterii w USA. Oferuje kilka sposob\u00f3w na wygran\u0105 i OGROMN\u0104 nagrod\u0119 g\u0142\u00f3wn\u0105, kt\u00f3ra mo\u017ce wynosi\u0107 od 10 do 600 MILION\u00d3W DOLAR\u00d3W! W roku 2012 nagrod\u0119 g\u0142\u00f3wn\u0105 w tej loterii wygra\u0142o w sumie osiem os\u00f3b. Jednak w 2018 roku wygrano <strong>osza\u0142amiaj\u0105c\u0105 nagrod\u0119 g\u0142\u00f3wn\u0105 Mega Millions w wysoko\u015bci 1550 milion\u00f3w dolar\u00f3w<\/strong> \u2014 \u015bwiatowy rekord nagrody g\u0142\u00f3wnej w loterii!<\/p>\n<p>Nagrody g\u0142\u00f3wne oferowane przez loteri\u0119 Mega Millions s\u0105 niezr\u00f3wnane, zaczynaj\u0105 si\u0119 od wielko\u015bci r\u00f3wnej tym, kt\u00f3re oferuj\u0105 inne loterie w godzinach szczytu. Chocia\u017c najwi\u0119ksza liczba graczy pochodzi ze Stan\u00f3w Zjednoczonych, a loteria jest przeznaczona dla mieszka\u0144c\u00f3w tego kraju, mo\u017cna w ni\u0105 gra\u0107 z dowolnego miejsca na \u015bwiecie! <strong><span style=\"text-decoration: underline;\"><a href=\"https:\/\/redfoxlotto.com\/?ref=A8564250A2&amp;medium=memicom\" target=\"_blank\" rel=\"noopener\">Mo\u017cesz kupi\u0107 bilety Mega Millions online za pomoc\u0105 RedFoxLotto &#8211; kliknij tutaj, aby odwiedzi\u0107 &#8211;<\/a><\/span><\/strong> ta firma oferuje zakup bilet\u00f3w w Twoim imieniu w USA, a nast\u0119pnie przesy\u0142a je do Ciebie.<\/p>\n<p>Dzi\u0119ki ich us\u0142udze biletowej mo\u017cesz teraz uczestniczy\u0107 w <span style=\"text-decoration: underline;\"><a href=\"http:\/\/www.onlinelotto365.com\" target=\"_blank\" rel=\"noopener\">dowolnej mi\u0119dzynarodowej loterii online<\/a><\/span> &#8211; oferuj\u0105 swoje us\u0142ugi dla ponad 30 mi\u0119dzynarodowych loterii. Daje Ci to o wiele wi\u0119ksz\u0105 szans\u0119 na wygranie ogromnych kwot pieni\u0119dzy w Mega Millions w por\u00f3wnaniu z lokalnym lotto.<\/p>\n<h2>Jak to dzia\u0142a?<\/h2>\n<p>W rzeczywisto\u015bci jest 5 prostych krok\u00f3w do wykonania, a Tw\u00f3j los na loteri\u0119 Mega Millions zostanie wys\u0142any do Ciebie e-mailem:<\/p>\n<ul>\n<li>Wybierz loteri\u0119 Mega Millions z listy w kolumnie bocznej lub kliknij wid\u017cet nad tym artyku\u0142em<\/li>\n<li>Wprowad\u017a swoje szcz\u0119\u015bliwe liczby lub pozw\u00f3l oprogramowaniu zrobi\u0107 to za Ciebie (za pomoc\u0105 generatora liczb losowych, tzw. \u201eQuick Pick\u201d)<\/li>\n<li>Wybierz liczb\u0119 linii i losowa\u0144, na kt\u00f3re chcesz kupi\u0107 los na loteri\u0119<\/li>\n<li>Po z\u0142o\u017ceniu zam\u00f3wienia agent RedFoxLotto kupi zam\u00f3wiony przez Ciebie los, w Twoim imieniu i z Twoim nazwiskiem<\/li>\n<li>P\u00f3\u017aniej znajdziesz sw\u00f3j los na swoim koncie klienta<\/li>\n<\/ul>\n<p>Z us\u0142ug RedFoxLotto korzystaj\u0105 miliony ludzi na ca\u0142ym \u015bwiecie. Ich gracze wygrali miliony dolar\u00f3w i nigdy nie mieli problemu z dostarczeniem swoich nagr\u00f3d. Na losie wy\u015bwietlane jest Twoje pe\u0142ne imi\u0119 i nazwisko, na g\u00f3rze wybranych liczb. Wyp\u0142ata \u015brodk\u00f3w bez Twojego powiadomienia nie jest mo\u017cliwa, kropka.<\/p>\n<h2>Mega Millions to nie jedyna gra, na kt\u00f3r\u0105 RedFoxLotto oferuje losy na loteri\u0119<\/h2>\n<p>Mo\u017cesz r\u00f3wnie\u017c wzi\u0105\u0107 udzia\u0142 w loteriach, takich jak PowerBall Lotto, El Gordo, Superenalotto, Euro Millions Lottery i wielu innych. Wielk\u0105 zalet\u0105 jest to, \u017ce kiedykolwiek poczujesz si\u0119 szcz\u0119\u015bliwy, zawsze znajdziesz przynajmniej jedn\u0105 lub kilka loterii jackpot, kt\u00f3re s\u0105 naprawd\u0119 du\u017ce. Gra o wi\u0119ksz\u0105 nagrod\u0119 bez p\u0142acenia wi\u0119cej za los (w por\u00f3wnaniu do loterii z mniejsz\u0105 kumulacj\u0105) zwi\u0119ksza Twoje matematyczne szanse na wygranie du\u017cych pieni\u0119dzy!<\/p>\n<h2>Losowania nagr\u00f3d loterii Mega Millions<\/h2>\n<p>Losowania nagr\u00f3d w tym wydarzeniu odbywaj\u0105 si\u0119 dwa dni w tygodniu \u2013 w ka\u017cdy wtorek i pi\u0105tek o 23:00 czasu wschodniego. Za ka\u017cdym razem z b\u0119bna, w kt\u00f3rym znajduje si\u0119 \u0142\u0105cznie 59 kul, losowanych jest 5 bia\u0142ych kul. Dodatkowo losowana jest jedna liczba z b\u0119bna 46 \u017c\u00f3\u0142tych kul. \u017b\u00f3\u0142te kule s\u0105 r\u00f3wnie\u017c znane jako &#8221;MegaBalls&#8221;.<\/p>\n<p>Losowania s\u0105 transmitowane przez WSB-TV, kt\u00f3re znajduje si\u0119 w Georgii, w Atlancie. Nie musisz si\u0119 martwi\u0107 o utrat\u0119 wygranej po zakupieniu losu Mega Millions online \u2014 powiadomienie o wygranej za po\u015brednictwem poczty e-mail jest zawarte w us\u0142ugach RedFoxLotto!<\/p>\n<h2>Sposoby na wygran\u0105<\/h2>\n<p>Mega Millions oferuje 9 r\u00f3\u017cnych poziom\u00f3w nagr\u00f3d. Aby wygra\u0107 jackpota, znanego r\u00f3wnie\u017c jako Grand Prize, musisz poprawnie wytypowa\u0107 5 bia\u0142ych liczb kul, a tak\u017ce Mega Ball. Szanse na to wynosz\u0105 oko\u0142o 1 do 175 711 536,0000. Jak wida\u0107, jest to strza\u0142 w ciemno, ale nie niemo\u017cliwy. W ko\u0144cu kto\u015b musi wygra\u0107 na loterii, prawda?<\/p>\n<p>\u015arednia nagroda g\u0142\u00f3wna wynosi oko\u0142o 60 milion\u00f3w dolar\u00f3w, a w przypadku wygranej nagroda lotto zostanie wyp\u0142acona w ci\u0105gu kilku lat. Alternatywnie mo\u017cesz wybra\u0107 otrzymanie nagrody w ca\u0142o\u015bci w formie rycza\u0142tu, ale wtedy wyp\u0142ata b\u0119dzie nieco ni\u017csza.<\/p>\n<p>Opr\u00f3cz nagrody g\u0142\u00f3wnej w Megamillions mo\u017cna wygra\u0107 8 innych nagr\u00f3d. Og\u00f3lne szanse na wygranie jakiejkolwiek nagrody wynosz\u0105 1 do 39,89.<\/p>\n<p>Poni\u017cej znajdziesz pe\u0142ny przegl\u0105d mo\u017cliwych nagr\u00f3d pieni\u0119\u017cnych Mega Millions i wymaga\u0144, aby je wygra\u0107:<\/p>\n<ul>\n<li>5 bia\u0142ych kul + Mega Ball \u2013 Nagroda g\u0142\u00f3wna (Jackpot)<\/li>\n<li>5 bia\u0142ych kul &#8211; 250 000 USD<\/li>\n<li>4 bia\u0142e kule + Mega Ball &#8211; 10 000 USD<\/li>\n<li>4 bia\u0142e kule &#8211; 150 USD<\/li>\n<li>3 bia\u0142e kule + Mega Ball &#8211; 150 USD<\/li>\n<li>3 bia\u0142e kule &#8211; 7 USD<\/li>\n<li>2 bia\u0142e kule + Mega Ball &#8211; 10 USD<\/li>\n<li>1 bia\u0142a kula + Mega Ball &#8211; 3 USD<\/li>\n<li>Sama Mega Ball &#8211; 2 USD<\/li>\n<\/ul>\n<p>Lotto Mega Millions oferuje r\u00f3wnie\u017c dodatkow\u0105 funkcj\u0119 \u2013 MegaPlier. Przed ka\u017cdym losowaniem odbywa si\u0119 MegaPlier jest wybierany do nast\u0119pnego losowania, kt\u00f3re mo\u017ce wynosi\u0107 2x, 3x lub 4x. Ten mno\u017cnik jest nast\u0119pnie stosowany do wszystkich wygranych nagr\u00f3d, z wyj\u0105tkiem jackpota. Aby skorzysta\u0107 z tej funkcji, musisz doda\u0107 1$ przy zakupie losu.<\/p>\n<h2>Czy mog\u0119 gra\u0107 w Mega Millions z mojego kraju?<\/h2>\n<p>Obecnie losy Mega Millions mo\u017cna kupi\u0107 w tradycyjny spos\u00f3b w 42 stanach USA, co oznacza, \u017ce \u200b\u200bmo\u017cesz kupi\u0107 losy w dowolnym lokalnym punkcie sprzeda\u017cy loterii. Mo\u017cesz jednak r\u00f3wnie\u017c gra\u0107 w t\u0119 loteri\u0119 z dowolnego innego miejsca na \u015bwiecie. Mo\u017cesz to zrobi\u0107 za pomoc\u0105 RedFoxLotto, gdzie mo\u017cesz kupi\u0107 losy online na wszystkie najpopularniejsze loterie na planecie, w tym losy Megamillions Lottery.<\/p>\n","protected":false},"excerpt":{"rendered":"<p>Mega Millions Lotto to jedna z najs\u0142ynniejszych loterii w USA. Oferuje kilka sposob\u00f3w na wygran\u0105 i OGROMN\u0104 nagrod\u0119 g\u0142\u00f3wn\u0105, kt\u00f3ra mo\u017ce wynosi\u0107 od 10 do 600 MILION\u00d3W DOLAR\u00d3W! W roku 2012 nagrod\u0119 g\u0142\u00f3wn\u0105 w tej loterii wygra\u0142o w sumie osiem os\u00f3b. Jednak w 2018 roku wygrano osza\u0142amiaj\u0105c\u0105 nagrod\u0119 g\u0142\u00f3wn\u0105 Mega Millions w wysoko\u015bci 1550 milion\u00f3w&hellip;<\/p>\n","protected":false},"author":1,"featured_media":93,"parent":0,"menu_order":1,"comment_status":"closed","ping_status":"closed","template":"","meta":{"footnotes":""},"class_list":["post-221","page","type-page","status-publish","has-post-thumbnail","hentry"],"yoast_head":"<!-- This site is optimized with the Yoast SEO plugin v25.9 - https:\/\/yoast.com\/wordpress\/plugins\/seo\/ -->\n<title>Zdob\u0105d\u017a los na Mega Millions online i wygraj ogromne jackpoty!<\/title>\n<meta name=\"description\" content=\"Mo\u017cesz kupi\u0107 los na loteri\u0119 Mega Millions online \u2013 nie ma znaczenia, gdzie mieszkasz!\" \/>\n<meta name=\"robots\" content=\"index, follow, max-snippet:-1, max-image-preview:large, max-video-preview:-1\" \/>\n<link rel=\"canonical\" href=\"https:\/\/megamillionsticketonline.com\/pl\/\" \/>\n<meta property=\"og:locale\" content=\"pl_PL\" \/>\n<meta property=\"og:type\" content=\"article\" \/>\n<meta property=\"og:title\" content=\"Zdob\u0105d\u017a los na Mega Millions online i wygraj ogromne jackpoty!\" \/>\n<meta property=\"og:description\" content=\"Mo\u017cesz kupi\u0107 los na loteri\u0119 Mega Millions online \u2013 nie ma znaczenia, gdzie mieszkasz!\" \/>\n<meta property=\"og:url\" content=\"https:\/\/megamillionsticketonline.com\/pl\/\" \/>\n<meta property=\"og:image\" content=\"https:\/\/megamillionsticketonline.com\/wp-content\/uploads\/2022\/03\/2020-landscape-1.png\" \/>\n\t<meta property=\"og:image:width\" content=\"1200\" \/>\n\t<meta property=\"og:image:height\" content=\"769\" \/>\n\t<meta property=\"og:image:type\" content=\"image\/png\" \/>\n<meta name=\"twitter:card\" content=\"summary_large_image\" \/>\n<meta name=\"twitter:label1\" content=\"Szacowany czas czytania\" \/>\n\t<meta name=\"twitter:data1\" content=\"5 minut\" \/>\n<script type=\"application\/ld+json\" class=\"yoast-schema-graph\">{\"@context\":\"https:\/\/schema.org\",\"@graph\":[{\"@type\":\"WebPage\",\"@id\":\"https:\/\/megamillionsticketonline.com\/pl\/\",\"url\":\"https:\/\/megamillionsticketonline.com\/pl\/\",\"name\":\"Zdob\u0105d\u017a los na Mega Millions online i wygraj ogromne jackpoty!\",\"isPartOf\":{\"@id\":\"https:\/\/megamillionsticketonline.com\/pl\/#website\"},\"primaryImageOfPage\":{\"@id\":\"https:\/\/megamillionsticketonline.com\/pl\/#primaryimage\"},\"image\":{\"@id\":\"https:\/\/megamillionsticketonline.com\/pl\/#primaryimage\"},\"thumbnailUrl\":\"https:\/\/megamillionsticketonline.com\/wp-content\/uploads\/2022\/03\/2020-landscape-1.png\",\"datePublished\":\"2025-04-26T10:08:53+00:00\",\"description\":\"Mo\u017cesz kupi\u0107 los na loteri\u0119 Mega Millions online \u2013 nie ma znaczenia, gdzie mieszkasz!\",\"inLanguage\":\"pl-PL\",\"potentialAction\":[{\"@type\":\"ReadAction\",\"target\":[\"https:\/\/megamillionsticketonline.com\/pl\/\"]}]},{\"@type\":\"ImageObject\",\"inLanguage\":\"pl-PL\",\"@id\":\"https:\/\/megamillionsticketonline.com\/pl\/#primaryimage\",\"url\":\"https:\/\/megamillionsticketonline.com\/wp-content\/uploads\/2022\/03\/2020-landscape-1.png\",\"contentUrl\":\"https:\/\/megamillionsticketonline.com\/wp-content\/uploads\/2022\/03\/2020-landscape-1.png\",\"width\":1200,\"height\":769},{\"@type\":\"WebSite\",\"@id\":\"https:\/\/megamillionsticketonline.com\/pl\/#website\",\"url\":\"https:\/\/megamillionsticketonline.com\/pl\/\",\"name\":\"\",\"description\":\"\",\"potentialAction\":[{\"@type\":\"SearchAction\",\"target\":{\"@type\":\"EntryPoint\",\"urlTemplate\":\"https:\/\/megamillionsticketonline.com\/pl\/?s={search_term_string}\"},\"query-input\":{\"@type\":\"PropertyValueSpecification\",\"valueRequired\":true,\"valueName\":\"search_term_string\"}}],\"inLanguage\":\"pl-PL\"}]}<\/script>\n<!-- \/ Yoast SEO plugin. -->","yoast_head_json":{"title":"Zdob\u0105d\u017a los na Mega Millions online i wygraj ogromne jackpoty!","description":"Mo\u017cesz kupi\u0107 los na loteri\u0119 Mega Millions online \u2013 nie ma znaczenia, gdzie mieszkasz!","robots":{"index":"index","follow":"follow","max-snippet":"max-snippet:-1","max-image-preview":"max-image-preview:large","max-video-preview":"max-video-preview:-1"},"canonical":"https:\/\/megamillionsticketonline.com\/pl\/","og_locale":"pl_PL","og_type":"article","og_title":"Zdob\u0105d\u017a los na Mega Millions online i wygraj ogromne jackpoty!","og_description":"Mo\u017cesz kupi\u0107 los na loteri\u0119 Mega Millions online \u2013 nie ma znaczenia, gdzie mieszkasz!","og_url":"https:\/\/megamillionsticketonline.com\/pl\/","og_image":[{"width":1200,"height":769,"url":"https:\/\/megamillionsticketonline.com\/wp-content\/uploads\/2022\/03\/2020-landscape-1.png","type":"image\/png"}],"twitter_card":"summary_large_image","twitter_misc":{"Szacowany czas czytania":"5 minut"},"schema":{"@context":"https:\/\/schema.org","@graph":[{"@type":"WebPage","@id":"https:\/\/megamillionsticketonline.com\/pl\/","url":"https:\/\/megamillionsticketonline.com\/pl\/","name":"Zdob\u0105d\u017a los na Mega Millions online i wygraj ogromne jackpoty!","isPartOf":{"@id":"https:\/\/megamillionsticketonline.com\/pl\/#website"},"primaryImageOfPage":{"@id":"https:\/\/megamillionsticketonline.com\/pl\/#primaryimage"},"image":{"@id":"https:\/\/megamillionsticketonline.com\/pl\/#primaryimage"},"thumbnailUrl":"https:\/\/megamillionsticketonline.com\/wp-content\/uploads\/2022\/03\/2020-landscape-1.png","datePublished":"2025-04-26T10:08:53+00:00","description":"Mo\u017cesz kupi\u0107 los na loteri\u0119 Mega Millions online \u2013 nie ma znaczenia, gdzie mieszkasz!","inLanguage":"pl-PL","potentialAction":[{"@type":"ReadAction","target":["https:\/\/megamillionsticketonline.com\/pl\/"]}]},{"@type":"ImageObject","inLanguage":"pl-PL","@id":"https:\/\/megamillionsticketonline.com\/pl\/#primaryimage","url":"https:\/\/megamillionsticketonline.com\/wp-content\/uploads\/2022\/03\/2020-landscape-1.png","contentUrl":"https:\/\/megamillionsticketonline.com\/wp-content\/uploads\/2022\/03\/2020-landscape-1.png","width":1200,"height":769},{"@type":"WebSite","@id":"https:\/\/megamillionsticketonline.com\/pl\/#website","url":"https:\/\/megamillionsticketonline.com\/pl\/","name":"","description":"","potentialAction":[{"@type":"SearchAction","target":{"@type":"EntryPoint","urlTemplate":"https:\/\/megamillionsticketonline.com\/pl\/?s={search_term_string}"},"query-input":{"@type":"PropertyValueSpecification","valueRequired":true,"valueName":"search_term_string"}}],"inLanguage":"pl-PL"}]}},"_links":{"self":[{"href":"https:\/\/megamillionsticketonline.com\/pl\/wp-json\/wp\/v2\/pages\/221","targetHints":{"allow":["GET"]}}],"collection":[{"href":"https:\/\/megamillionsticketonline.com\/pl\/wp-json\/wp\/v2\/pages"}],"about":[{"href":"https:\/\/megamillionsticketonline.com\/pl\/wp-json\/wp\/v2\/types\/page"}],"author":[{"embeddable":true,"href":"https:\/\/megamillionsticketonline.com\/pl\/wp-json\/wp\/v2\/users\/1"}],"replies":[{"embeddable":true,"href":"https:\/\/megamillionsticketonline.com\/pl\/wp-json\/wp\/v2\/comments?post=221"}],"version-history":[{"count":0,"href":"https:\/\/megamillionsticketonline.com\/pl\/wp-json\/wp\/v2\/pages\/221\/revisions"}],"wp:featuredmedia":[{"embeddable":true,"href":"https:\/\/megamillionsticketonline.com\/pl\/wp-json\/wp\/v2\/media\/93"}],"wp:attachment":[{"href":"https:\/\/megamillionsticketonline.com\/pl\/wp-json\/wp\/v2\/media?parent=221"}],"curies":[{"name":"wp","href":"https:\/\/api.w.org\/{rel}","templated":true}]}}