{"id":239,"date":"2025-04-26T11:25:55","date_gmt":"2025-04-26T10:25:55","guid":{"rendered":"https:\/\/megamillionsticketonline.com\/hjem\/"},"modified":"2025-04-26T11:25:55","modified_gmt":"2025-04-26T10:25:55","slug":"hjem","status":"publish","type":"page","link":"https:\/\/megamillionsticketonline.com\/no\/","title":{"rendered":"Hjem"},"content":{"rendered":"<p>Mega Millions Lotto er et av de mest ber\u00f8mte lotteriene i USA. Det har flere m\u00e5ter \u00e5 vinne p\u00e5 og en STOR jackpotpremie, som kan v\u00e6re alt fra 10 til 600 MILLIONER dollar! I 2012 vant totalt \u00e5tte personer jackpotpremien i dette lotteriet. Imidlertid ble en svimlende Mega Millions-jackpot p\u00e5 1550 millioner dollar vunnet i 2018 \u2013 en verdensrekord for en lotteripremie!<\/p>\n<p>Jackpottene som tilbys av Mega Millions-lotteriet er uten sidestykke, de starter p\u00e5 en st\u00f8rrelse som tilsvarer det andre lotterier tilbyr i sine mest popul\u00e6re perioder. Selv om det st\u00f8rste antallet spillere er fra USA og lotteriet er designet for innbyggere i dette landet, er det mulig \u00e5 spille det fra hvor som helst i verden! <strong><span style=\"text-decoration: underline;\"><a href=\"https:\/\/redfoxlotto.com\/?ref=A8564250A2&amp;medium=memicom\" target=\"_blank\" rel=\"noopener\">Du kan kj\u00f8pe Mega Millions-kuponger p\u00e5 nett ved hjelp av RedFoxLotto &#8211; klikk her for \u00e5 bes\u00f8ke &#8211;<\/a><\/span><\/strong> dette selskapet tilbyr \u00e5 kj\u00f8pe kuponger p\u00e5 dine vegne i USA og videresender dem deretter til deg.<\/p>\n<p>Med deres billetttjeneste kan du n\u00e5 delta i <span style=\"text-decoration: underline;\"><a href=\"http:\/\/www.onlinelotto365.com\" target=\"_blank\" rel=\"noopener\">hvilket som helst internasjonalt lotteri p\u00e5 nett<\/a><\/span> &#8211; de tilbyr tjenesten sin for over 30 internasjonale lotterier. Det gir deg en mye bedre sjanse til \u00e5 vinne enorme pengesummer hos Mega Millions sammenlignet med ditt lokale lotteri.<\/p>\n<h2>S\u00e5, hvordan fungerer det?<\/h2>\n<p>Det er faktisk 5 enkle trinn \u00e5 gj\u00f8re, og du vil f\u00e5 Mega Millions-lottokupongen din sendt til deg p\u00e5 e-post:<\/p>\n<ul>\n<li>Velg Mega Millions-lotteriet fra listen i sidekolonnen eller klikk p\u00e5 widgeten over denne artikkelen<\/li>\n<li>Skriv inn lykketallene dine, eller la programvaren gj\u00f8re det for deg (via tilfeldighetstallgeneratoren, den s\u00e5kalte &laquo;Quick Pick&raquo;)<\/li>\n<li>Velg antall linjer og trekninger du vil kj\u00f8pe en lottokupong for<\/li>\n<li>Etter at du har fullf\u00f8rt bestillingen, vil en agent fra RedFoxLotto kj\u00f8pe kupongen du bestilte, p\u00e5 dine vegne og med navnet ditt p\u00e5 den<\/li>\n<li>Du finner senere kupongen din i kundekontoen din<\/li>\n<\/ul>\n<p>RedFoxLottos tjenester brukes av millioner av mennesker over hele verden. Spillerne deres har vunnet millioner av dollar og har aldri hatt problemer med \u00e5 f\u00e5 premiene sine levert. Billetten viser ditt fulle navn, opp\u00e5 tallene som er valgt. Det er ikke mulig \u00e5 ta ut penger uten din varsel, punktum.<\/p>\n<h2>Mega Millions er ikke det eneste spillet RedFoxLotto tilbyr lodd for<\/h2>\n<p>Du kan ogs\u00e5 delta i lotterier som PowerBall Lotto, El Gordo, Superenalotto, Euro Millions Lottery og mange andre. Den store fordelen er at n\u00e5r du f\u00f8ler deg heldig, vil du alltid oppdage at minst \u00e9n eller flere lottojackpoter er veldig store. \u00c5 spille om den st\u00f8rre premien uten \u00e5 betale mer for billetten (sammenlignet med et lotteri med en mindre jackpot) \u00f8ker dine matematiske sjanser til \u00e5 vinne store penger!<\/p>\n<h2>Mega Millions Lottery-premietrekninger<\/h2>\n<p>Premietrekningene for denne begivenheten holdes to dager i uken \u2013 hver tirsdag og fredag \u200b\u200bklokken 23.00 \u00f8stlig tid. Hver gang trekkes 5 hvite kuler ut av en trommel, som har totalt 59 kuler. I tillegg trekkes ett tall fra en trommel med 46 gule kuler. Gule baller er ogs\u00e5 kjent som \u00abMegaBalls\u00bb.<\/p>\n<p>Trekningene sendes av WSB-TV, som ligger i Georgia, Atlanta. Du trenger ikke \u00e5 bekymre deg for \u00e5 g\u00e5 glipp av gevinstene dine etter at du har kj\u00f8pt en Mega Millions-kupong p\u00e5 nett \u2013 varsling om en gevinst via e-post er inkludert i RedFoxLottos tjenester!<\/p>\n<h2>M\u00e5ter \u00e5 vinne p\u00e5<\/h2>\n<p>Mega Millions tilbyr 9 forskjellige premieniv\u00e5er. For \u00e5 vinne jackpotten, ogs\u00e5 kjent som hovedpremien, m\u00e5 du f\u00e5 de 5 hvite balltallene riktig, samt Mega Ball. Oddsen for at dette skjer er rundt 1 til 175 711 536 0000. Som du kan se, er det en lang sjanse, men ikke umulig. Tross alt m\u00e5 noen vinne i lotto, ikke sant?<\/p>\n<p>Den gjennomsnittlige hovedpremien er omtrent 60 millioner dollar, og hvis du skulle vinne, vil lottopremien din bli utbetalt til deg over en rekke \u00e5r. Alternativt kan du velge \u00e5 motta hele premien din som et engangsbel\u00f8p, men da vil utbetalingen v\u00e6re noe lavere.<\/p>\n<p>I tillegg til hovedpremien er det 8 premier til som kan vinnes hos Megamillions. Den totale oddsen for \u00e5 vinne en premie er 1 til 39,89.<\/p>\n<p>Finn en fullstendig oversikt over mulige Mega Millions-pengepremier og krav for \u00e5 vinne dem nedenfor:<\/p>\n<ul>\n<li>5 hvite kuler + Megaballen \u2013 Hovedpremien (Jackpot)<\/li>\n<li>5 hvite kuler \u2013 250 000 dollar<\/li>\n<li>4 hvite kuler + Megaballen \u2013 10 000 dollar<\/li>\n<li>4 hvite kuler \u2013 150 dollar<\/li>\n<li>3 hvite kuler + Megaballen \u2013 150 dollar<\/li>\n<li>3 hvite kuler \u2013 7 dollar<\/li>\n<li>2 hvite kuler + Megaballen \u2013 10 dollar<\/li>\n<li>1 hvit kule + Megaballen \u2013 3 dollar<\/li>\n<li>Bare Megaballen \u2013 2 dollar<\/li>\n<\/ul>\n<p>Mega Millions Lotto tilbyr ogs\u00e5 en tilleggsfunksjon \u2013 MegaPlier. F\u00f8r hver trekning gj\u00f8res en MegaPlier.r velges for den p\u00e5f\u00f8lgende trekningen, som enten kan v\u00e6re 2x 3x eller 4x. Denne multiplikatoren brukes deretter p\u00e5 alle gevinstene, bortsett fra jackpotten. For \u00e5 dra nytte av denne funksjonen m\u00e5 du legge til $1 n\u00e5r du kj\u00f8per en billett.<\/p>\n<h2>Kan jeg spille Mega Millions fra landet mitt?<\/h2>\n<p>Mega Millions-billetter kan for \u00f8yeblikket kj\u00f8pes p\u00e5 tradisjonell m\u00e5te i 42 stater i USA, noe som betyr at du kan kj\u00f8pe billetter hos enhver lokal lotteriforhandler. Du kan imidlertid ogs\u00e5 spille dette lotteriet fra et hvilket som helst annet sted i verden. Dette kan gj\u00f8res ved \u00e5 bruke RedFoxLotto, hvor du kan kj\u00f8pe billetter p\u00e5 nett for alle de mest popul\u00e6re lotteriene p\u00e5 planeten, inkludert Mega Millions-lotteribilletter.<\/p>\n","protected":false},"excerpt":{"rendered":"<p>Mega Millions Lotto er et av de mest ber\u00f8mte lotteriene i USA. Det har flere m\u00e5ter \u00e5 vinne p\u00e5 og en STOR jackpotpremie, som kan v\u00e6re alt fra 10 til 600 MILLIONER dollar! I 2012 vant totalt \u00e5tte personer jackpotpremien i dette lotteriet. Imidlertid ble en svimlende Mega Millions-jackpot p\u00e5 1550 millioner dollar vunnet i&hellip;<\/p>\n","protected":false},"author":1,"featured_media":92,"parent":0,"menu_order":1,"comment_status":"closed","ping_status":"closed","template":"","meta":{"footnotes":""},"class_list":["post-239","page","type-page","status-publish","has-post-thumbnail","hentry"],"yoast_head":"<!-- This site is optimized with the Yoast SEO plugin v25.9 - https:\/\/yoast.com\/wordpress\/plugins\/seo\/ -->\n<title>Skaff deg en Mega Millions-kupong p\u00e5 nett og vinn store jackpoter!<\/title>\n<meta name=\"description\" content=\"Du kan kj\u00f8pe en Mega Millions-kupong p\u00e5 nett \u2013 det spiller ingen rolle hvor du bor!\" \/>\n<meta name=\"robots\" content=\"index, follow, max-snippet:-1, max-image-preview:large, max-video-preview:-1\" \/>\n<link rel=\"canonical\" href=\"https:\/\/megamillionsticketonline.com\/no\/\" \/>\n<meta property=\"og:locale\" content=\"nb_NO\" \/>\n<meta property=\"og:type\" content=\"article\" \/>\n<meta property=\"og:title\" content=\"Skaff deg en Mega Millions-kupong p\u00e5 nett og vinn store jackpoter!\" \/>\n<meta property=\"og:description\" content=\"Du kan kj\u00f8pe en Mega Millions-kupong p\u00e5 nett \u2013 det spiller ingen rolle hvor du bor!\" \/>\n<meta property=\"og:url\" content=\"https:\/\/megamillionsticketonline.com\/no\/\" \/>\n<meta property=\"og:image\" content=\"https:\/\/megamillionsticketonline.com\/wp-content\/uploads\/2022\/03\/2020-landscape-1.png\" \/>\n\t<meta property=\"og:image:width\" content=\"1200\" \/>\n\t<meta property=\"og:image:height\" content=\"769\" \/>\n\t<meta property=\"og:image:type\" content=\"image\/png\" \/>\n<meta name=\"twitter:card\" content=\"summary_large_image\" \/>\n<meta name=\"twitter:label1\" content=\"Ansl. lesetid\" \/>\n\t<meta name=\"twitter:data1\" content=\"4 minutter\" \/>\n<script type=\"application\/ld+json\" class=\"yoast-schema-graph\">{\"@context\":\"https:\/\/schema.org\",\"@graph\":[{\"@type\":\"WebPage\",\"@id\":\"https:\/\/megamillionsticketonline.com\/no\/\",\"url\":\"https:\/\/megamillionsticketonline.com\/no\/\",\"name\":\"Skaff deg en Mega Millions-kupong p\u00e5 nett og vinn store jackpoter!\",\"isPartOf\":{\"@id\":\"https:\/\/megamillionsticketonline.com\/no\/#website\"},\"primaryImageOfPage\":{\"@id\":\"https:\/\/megamillionsticketonline.com\/no\/#primaryimage\"},\"image\":{\"@id\":\"https:\/\/megamillionsticketonline.com\/no\/#primaryimage\"},\"thumbnailUrl\":\"https:\/\/megamillionsticketonline.com\/wp-content\/uploads\/2022\/03\/2020-landscape-1.png\",\"datePublished\":\"2025-04-26T10:25:55+00:00\",\"description\":\"Du kan kj\u00f8pe en Mega Millions-kupong p\u00e5 nett \u2013 det spiller ingen rolle hvor du bor!\",\"inLanguage\":\"nb-NO\",\"potentialAction\":[{\"@type\":\"ReadAction\",\"target\":[\"https:\/\/megamillionsticketonline.com\/no\/\"]}]},{\"@type\":\"ImageObject\",\"inLanguage\":\"nb-NO\",\"@id\":\"https:\/\/megamillionsticketonline.com\/no\/#primaryimage\",\"url\":\"https:\/\/megamillionsticketonline.com\/wp-content\/uploads\/2022\/03\/2020-landscape-1.png\",\"contentUrl\":\"https:\/\/megamillionsticketonline.com\/wp-content\/uploads\/2022\/03\/2020-landscape-1.png\",\"width\":1200,\"height\":769},{\"@type\":\"WebSite\",\"@id\":\"https:\/\/megamillionsticketonline.com\/no\/#website\",\"url\":\"https:\/\/megamillionsticketonline.com\/no\/\",\"name\":\"\",\"description\":\"\",\"potentialAction\":[{\"@type\":\"SearchAction\",\"target\":{\"@type\":\"EntryPoint\",\"urlTemplate\":\"https:\/\/megamillionsticketonline.com\/no\/?s={search_term_string}\"},\"query-input\":{\"@type\":\"PropertyValueSpecification\",\"valueRequired\":true,\"valueName\":\"search_term_string\"}}],\"inLanguage\":\"nb-NO\"}]}<\/script>\n<!-- \/ Yoast SEO plugin. -->","yoast_head_json":{"title":"Skaff deg en Mega Millions-kupong p\u00e5 nett og vinn store jackpoter!","description":"Du kan kj\u00f8pe en Mega Millions-kupong p\u00e5 nett \u2013 det spiller ingen rolle hvor du bor!","robots":{"index":"index","follow":"follow","max-snippet":"max-snippet:-1","max-image-preview":"max-image-preview:large","max-video-preview":"max-video-preview:-1"},"canonical":"https:\/\/megamillionsticketonline.com\/no\/","og_locale":"nb_NO","og_type":"article","og_title":"Skaff deg en Mega Millions-kupong p\u00e5 nett og vinn store jackpoter!","og_description":"Du kan kj\u00f8pe en Mega Millions-kupong p\u00e5 nett \u2013 det spiller ingen rolle hvor du bor!","og_url":"https:\/\/megamillionsticketonline.com\/no\/","og_image":[{"width":1200,"height":769,"url":"https:\/\/megamillionsticketonline.com\/wp-content\/uploads\/2022\/03\/2020-landscape-1.png","type":"image\/png"}],"twitter_card":"summary_large_image","twitter_misc":{"Ansl. lesetid":"4 minutter"},"schema":{"@context":"https:\/\/schema.org","@graph":[{"@type":"WebPage","@id":"https:\/\/megamillionsticketonline.com\/no\/","url":"https:\/\/megamillionsticketonline.com\/no\/","name":"Skaff deg en Mega Millions-kupong p\u00e5 nett og vinn store jackpoter!","isPartOf":{"@id":"https:\/\/megamillionsticketonline.com\/no\/#website"},"primaryImageOfPage":{"@id":"https:\/\/megamillionsticketonline.com\/no\/#primaryimage"},"image":{"@id":"https:\/\/megamillionsticketonline.com\/no\/#primaryimage"},"thumbnailUrl":"https:\/\/megamillionsticketonline.com\/wp-content\/uploads\/2022\/03\/2020-landscape-1.png","datePublished":"2025-04-26T10:25:55+00:00","description":"Du kan kj\u00f8pe en Mega Millions-kupong p\u00e5 nett \u2013 det spiller ingen rolle hvor du bor!","inLanguage":"nb-NO","potentialAction":[{"@type":"ReadAction","target":["https:\/\/megamillionsticketonline.com\/no\/"]}]},{"@type":"ImageObject","inLanguage":"nb-NO","@id":"https:\/\/megamillionsticketonline.com\/no\/#primaryimage","url":"https:\/\/megamillionsticketonline.com\/wp-content\/uploads\/2022\/03\/2020-landscape-1.png","contentUrl":"https:\/\/megamillionsticketonline.com\/wp-content\/uploads\/2022\/03\/2020-landscape-1.png","width":1200,"height":769},{"@type":"WebSite","@id":"https:\/\/megamillionsticketonline.com\/no\/#website","url":"https:\/\/megamillionsticketonline.com\/no\/","name":"","description":"","potentialAction":[{"@type":"SearchAction","target":{"@type":"EntryPoint","urlTemplate":"https:\/\/megamillionsticketonline.com\/no\/?s={search_term_string}"},"query-input":{"@type":"PropertyValueSpecification","valueRequired":true,"valueName":"search_term_string"}}],"inLanguage":"nb-NO"}]}},"_links":{"self":[{"href":"https:\/\/megamillionsticketonline.com\/no\/wp-json\/wp\/v2\/pages\/239","targetHints":{"allow":["GET"]}}],"collection":[{"href":"https:\/\/megamillionsticketonline.com\/no\/wp-json\/wp\/v2\/pages"}],"about":[{"href":"https:\/\/megamillionsticketonline.com\/no\/wp-json\/wp\/v2\/types\/page"}],"author":[{"embeddable":true,"href":"https:\/\/megamillionsticketonline.com\/no\/wp-json\/wp\/v2\/users\/1"}],"replies":[{"embeddable":true,"href":"https:\/\/megamillionsticketonline.com\/no\/wp-json\/wp\/v2\/comments?post=239"}],"version-history":[{"count":0,"href":"https:\/\/megamillionsticketonline.com\/no\/wp-json\/wp\/v2\/pages\/239\/revisions"}],"wp:featuredmedia":[{"embeddable":true,"href":"https:\/\/megamillionsticketonline.com\/no\/wp-json\/wp\/v2\/media\/92"}],"wp:attachment":[{"href":"https:\/\/megamillionsticketonline.com\/no\/wp-json\/wp\/v2\/media?parent=239"}],"curies":[{"name":"wp","href":"https:\/\/api.w.org\/{rel}","templated":true}]}}