{"id":570,"date":"2025-08-23T22:39:19","date_gmt":"2025-08-23T21:39:19","guid":{"rendered":"https:\/\/megamillionsticketonline.com\/sakums\/"},"modified":"2025-08-23T22:39:19","modified_gmt":"2025-08-23T21:39:19","slug":"sakums","status":"publish","type":"page","link":"https:\/\/megamillionsticketonline.com\/lv\/","title":{"rendered":"S\u0101kums"},"content":{"rendered":"<p>Mega Millions Lotto ir viena no slaven\u0101kaj\u0101m loterij\u0101m ASV. Taj\u0101 ir vair\u0101ki laim\u0113\u0161anas veidi un MILZ\u012aGA d\u017eekpota balva, kas var b\u016bt no 10 l\u012bdz 600 MILJONIEM USD! 2012. gad\u0101 \u0161\u012bs loterijas d\u017eekpota balvu ieguva kopum\u0101 asto\u0146i cilv\u0113ki. Tom\u0113r **2018. gad\u0101 tika laim\u0113ts satrieco\u0161s Mega Millions d\u017eekpots 1550 miljonu USD apm\u0113r\u0101**\u00a0\u2014 pasaules rekords loterijas balvu zi\u0146\u0101!<\/p>\n<p>**Mega Millions loterijas pied\u0101v\u0101tie d\u017eekpoti ir nep\u0101rsp\u0113jami, to s\u0101kotn\u0113jais lielums ir l\u012bdzv\u0113rt\u012bgs citu loteriju pied\u0101v\u0101tajam to kulmin\u0101cijas laik\u0101. Lai gan liel\u0101kais sp\u0113l\u0113t\u0101ju skaits ir no ASV un loterija ir paredz\u0113ta \u0161\u012bs valsts iedz\u012bvot\u0101jiem, to ir iesp\u0113jams sp\u0113l\u0113t no jebkuras vietas pasaul\u0113! <strong><span style=\"text-decoration: underline;\"><a href=\"https:\/\/redfoxlotto.com\/?ref=A8564250A2&amp;medium=memicom\" target=\"_blank\" rel=\"noopener\">J\u016bs varat ieg\u0101d\u0101ties Mega Millions bi\u013cetes tie\u0161saist\u0113 ar RedFoxLotto pal\u012bdz\u012bbu \u2014 noklik\u0161\u0137iniet \u0161eit, lai apmekl\u0113tu \u2014<\/a><\/span><\/strong> \u0161is uz\u0146\u0113mums pied\u0101v\u0101 ieg\u0101d\u0101ties bi\u013cetes j\u016bsu v\u0101rd\u0101 ASV un p\u0113c tam t\u0101s jums p\u0101rs\u016bta.<\/p>\n<p>Ar vi\u0146u bi\u013ce\u0161u pakalpojumu j\u016bs tagad varat piedal\u012bties <span style=\"text-decoration: underline;\"><a href=\"http:\/\/www.onlinelotto365.com\" target=\"_blank\" rel=\"noopener\">jebkur\u0101 starptautisk\u0101 loterij\u0101 tie\u0161saist\u0113<\/a><\/span> \u2014 vi\u0146i pied\u0101v\u0101 savu pakalpojumu vair\u0101k nek\u0101 30 starptautisk\u0101m loterij\u0101m. Tas dod jums daudz liel\u0101kas iesp\u0113jas laim\u0113t milz\u012bgas naudas summas Mega Millions sal\u012bdzin\u0101jum\u0101 ar j\u016bsu viet\u0113jo loteriju.<\/p>\n<h2>T\u0101tad, k\u0101 tas darbojas?<\/h2>\n<p>Paties\u012bb\u0101 ir j\u0101veic 5 vienk\u0101r\u0161as darb\u012bbas, un j\u016bs sa\u0146emsiet savu Mega Millions loterijas bi\u013ceti pa e-pastu:<\/p>\n<ul>\n<li>Izv\u0113lieties Mega Millions loteriju no saraksta s\u0101nu kolonn\u0101 vai noklik\u0161\u0137iniet uz logr\u012bka virs \u0161\u012b raksta<\/li>\n<li>Ievadiet savus laim\u012bgos skait\u013cus vai \u013caujiet programmat\u016brai to izdar\u012bt j\u016bsu viet\u0101 (izmantojot nejau\u0161o skait\u013cu \u0123eneratoru, t\u0101 saukto &#8220;\u0100tro izv\u0113li&#8221;)<\/li>\n<li>Atlasiet l\u012bniju un izlo\u017eu skaitu, kur\u0101m v\u0113laties ieg\u0101d\u0101ties loterijas bi\u013ceti<\/li>\n<li>P\u0113c pas\u016bt\u012bjuma pabeig\u0161anas RedFoxLotto a\u0123ents ieg\u0101d\u0101sies j\u016bsu pas\u016bt\u012bto bi\u013ceti j\u016bsu v\u0101rd\u0101 un ar j\u016bsu v\u0101rdu<\/li>\n<li>V\u0113l\u0101k j\u016bs atrad\u012bsiet savu bi\u013ceti sav\u0101 klienta kont\u0101<\/li>\n<\/ul>\n<p>RedFoxLotto pakalpojumus izmanto miljoniem cilv\u0113ku vis\u0101 pasaul\u0113. Vi\u0146u sp\u0113l\u0113t\u0101ji ir laim\u0113ju\u0161i miljoniem dol\u0101ru un nekad nav sask\u0101ru\u0161ies ar probl\u0113m\u0101m ar balvu pieg\u0101di. Bi\u013cet\u0113 virs izv\u0113l\u0113tajiem skait\u013ciem ir redzams j\u016bsu pilns v\u0101rds. L\u012bdzek\u013cu iz\u0146em\u0161ana bez j\u016bsu br\u012bdin\u0101juma nav iesp\u0113jama, punkts.<\/p>\n<h2>Mega Millions nav vien\u012bg\u0101 sp\u0113le, kurai RedFoxLotto pied\u0101v\u0101 loterijas bi\u013cetes<\/h2>\n<p>Varat ar\u012b piedal\u012bties t\u0101d\u0101s loterij\u0101s k\u0101 PowerBall Lotto, El Gordo, Superenalotto, Euro Millions Lottery un daudz\u0101s cit\u0101s. Liel\u0101 priek\u0161roc\u012bba ir t\u0101, ka ikreiz, kad j\u016btaties laim\u012bgs, vienm\u0113r atrad\u012bsiet vismaz vienu vai vair\u0101kus loterijas d\u017eekpotus, kas ir patie\u0161\u0101m lieli. Sp\u0113l\u0113jot par liel\u0101ku balvu, nemaks\u0101jot vair\u0101k par bi\u013ceti (sal\u012bdzinot ar loteriju ar maz\u0101ku d\u017eekpotu), palielin\u0101s j\u016bsu matem\u0101tisk\u0101s izredzes laim\u0113t lielu naudu!<\/p>\n<h2>Mega Millions loterijas balvu izlozes<\/h2>\n<p>\u0160\u012b pas\u0101kuma balvu izlozes notiek divas dienas ned\u0113\u013c\u0101 \u2013 katru otrdienu un piektdienu plkst. 23.00 p\u0113c Austrumu laika. Katru reizi no cilindra, kur\u0101 kop\u0101 ir 59 bumbi\u0146as, tiek izvilktas 5 baltas bumbi\u0146as. Turkl\u0101t no cilindra ar 46 dzelten\u0101m bumbi\u0146\u0101m tiek izvilkts viens skaitlis. Dzelten\u0101s bumbi\u0146as sauc ar\u012b par &#8220;MegaBalls&#8221;.<\/p>\n<p>Izlozes p\u0101rraida WSB-TV, kas atrodas D\u017eord\u017eijas \u0161tat\u0101, Atlantas \u0161tat\u0101. P\u0113c Mega Millions bi\u013cetes ieg\u0101des tie\u0161saist\u0113 jums nav j\u0101uztraucas par laimesta zaud\u0113\u0161anu \u2014 pazi\u0146ojums par laimestu pa e-pastu ir iek\u013cauts RedFoxLotto pakalpojumos!<\/p>\n<h2>Veidi, k\u0101 laim\u0113t<\/h2>\n<p>Mega Millions pied\u0101v\u0101 9 da\u017e\u0101dus balvu l\u012bme\u0146us. Lai laim\u0113tu d\u017eekpotu, kas paz\u012bstams ar\u012b k\u0101 Liel\u0101 balva, jums ir pareizi j\u0101atmin 5 balt\u0101s bumbi\u0146as skait\u013ci, k\u0101 ar\u012b Mega bumbi\u0146as skait\u013ci. Iesp\u0113jam\u012bba, ka tas notiks, ir aptuveni 1 no 175\u00a0711\u00a0536,0000. K\u0101 redzat, t\u0101 ir maza iesp\u0113ja, bet ne neiesp\u0113jama. Galu gal\u0101 k\u0101dam ta\u010du ir j\u0101uzvar loterij\u0101, vai ne?<\/p>\n<p>Vid\u0113j\u0101 Liel\u0101 balva ir aptuveni 60 miljoni ASV dol\u0101ru, un, ja j\u016bs laim\u0113siet, j\u016bsu loterijas balva jums tiks izmaks\u0101ta vair\u0101ku gadu laik\u0101. Varat ar\u012b izv\u0113l\u0113ties sa\u0146emt savu balvu piln\u012bb\u0101 vienreiz\u0113j\u0101 maks\u0101jum\u0101, ta\u010du tad izmaksa b\u016bs nedaudz maz\u0101ka.<\/p>\n<p>Papildus galvenajai balvai Megamillions ir v\u0113l 8 balvas, ko var laim\u0113t. Kop\u0113j\u0101 izredzes laim\u0113t jebkuru balvu ir 1 pret 39,89.<\/p>\n<p>Zem\u0101k atrad\u012bsiet pilnu iesp\u0113jamo Mega Millions naudas balvu p\u0101rskatu un pras\u012bbas to laim\u0113\u0161anai:<\/p>\n<ul>\n<li>5 balt\u0101s bumbi\u0146as + Mega bumbi\u0146a \u2013 Galven\u0101 balva (d\u017eekpots)<\/li>\n<li>5 balt\u0101s bumbi\u0146as\u00a0\u2014 250\u00a0000\u00a0USD<\/li>\n<li>4 balt\u0101s bumbi\u0146as + Mega bumbi\u0146a\u00a0\u2014 10\u00a0000\u00a0USD<\/li>\n<li>4 balt\u0101s bumbi\u0146as\u00a0\u2014 150\u00a0USD<\/li>\n<li>3 balt\u0101s bumbi\u0146as + Mega bumbi\u0146a\u00a0\u2014 150\u00a0USD<\/li>\n<li>3 balt\u0101s bumbi\u0146as\u00a0\u2014 7\u00a0USD<\/li>\n<li>2 balt\u0101s bumbi\u0146as + Mega bumbi\u0146a\u00a0\u2014 10\u00a0USD<\/li>\n<li>1 balt\u0101 bumbi\u0146a + Mega bumbi\u0146a\u00a0\u2014 3\u00a0USD<\/li>\n<li>Mega bumbi\u0146a viena pati\u00a0\u2014 2\u00a0USD<\/li>\n<\/ul>\n<p>Mega Millions Lotto pied\u0101v\u0101 ar\u012b papildu funkciju\u00a0\u2014 MegaPlier. Pirms katras izlozes tiek veikta MegaPlier funkcija.N\u0101kamajai izlozei tiek izv\u0113l\u0113ts reizin\u0101t\u0101js r, kas var b\u016bt 2x 3x vai 4x. \u0160is reizin\u0101t\u0101js p\u0113c tam tiek piem\u0113rots vis\u0101m laim\u0113taj\u0101m balv\u0101m, iz\u0146emot d\u017eekpotu. Lai izmantotu \u0161o funkciju, ieg\u0101d\u0101joties bi\u013ceti, jums j\u0101pievieno 1\u00a0ASV dol\u0101rs.<\/p>\n<h2>Vai es varu sp\u0113l\u0113t Mega Millions no savas valsts?<\/h2>\n<p>Mega Millions bi\u013cetes pa\u0161laik var ieg\u0101d\u0101ties tradicion\u0101l\u0101 veid\u0101 42\u00a0ASV \u0161tatos, kas noz\u012bm\u0113, ka bi\u013cetes var ieg\u0101d\u0101ties jebkur\u0101 viet\u0113j\u0101 loterijas veikal\u0101. Tom\u0113r \u0161o loteriju var sp\u0113l\u0113t ar\u012b no jebkuras citas vietas pasaul\u0113. To var izdar\u012bt, izmantojot RedFoxLotto, kur var tie\u0161saist\u0113 ieg\u0101d\u0101ties bi\u013cetes uz vis\u0101m popul\u0101r\u0101kaj\u0101m loterij\u0101m pasaul\u0113, tostarp Megamillions loterijas bi\u013cet\u0113m.<\/p>\n","protected":false},"excerpt":{"rendered":"<p>Mega Millions Lotto ir viena no slaven\u0101kaj\u0101m loterij\u0101m ASV. Taj\u0101 ir vair\u0101ki laim\u0113\u0161anas veidi un MILZ\u012aGA d\u017eekpota balva, kas var b\u016bt no 10 l\u012bdz 600 MILJONIEM USD! 2012. gad\u0101 \u0161\u012bs loterijas d\u017eekpota balvu ieguva kopum\u0101 asto\u0146i cilv\u0113ki. Tom\u0113r **2018. gad\u0101 tika laim\u0113ts satrieco\u0161s Mega Millions d\u017eekpots 1550 miljonu USD apm\u0113r\u0101**\u00a0\u2014 pasaules rekords loterijas balvu zi\u0146\u0101!&hellip;<\/p>\n","protected":false},"author":1,"featured_media":571,"parent":0,"menu_order":1,"comment_status":"closed","ping_status":"closed","template":"","meta":{"footnotes":""},"class_list":["post-570","page","type-page","status-publish","has-post-thumbnail","hentry"],"yoast_head":"<!-- This site is optimized with the Yoast SEO plugin v25.9 - https:\/\/yoast.com\/wordpress\/plugins\/seo\/ -->\n<title>Ieg\u016bsti Mega Millions bi\u013ceti tie\u0161saist\u0113 un laim\u0113 milz\u012bgus d\u017eekpotus!<\/title>\n<meta name=\"description\" content=\"Mega Millions bi\u013ceti var ieg\u0101d\u0101ties tie\u0161saist\u0113 \u2014 nav svar\u012bgi, kur dz\u012bvojat!\" \/>\n<meta name=\"robots\" content=\"index, follow, max-snippet:-1, max-image-preview:large, max-video-preview:-1\" \/>\n<link rel=\"canonical\" href=\"https:\/\/megamillionsticketonline.com\/lv\/\" \/>\n<meta property=\"og:locale\" content=\"lv_LV\" \/>\n<meta property=\"og:type\" content=\"article\" \/>\n<meta property=\"og:title\" content=\"Ieg\u016bsti Mega Millions bi\u013ceti tie\u0161saist\u0113 un laim\u0113 milz\u012bgus d\u017eekpotus!\" \/>\n<meta property=\"og:description\" content=\"Mega Millions bi\u013ceti var ieg\u0101d\u0101ties tie\u0161saist\u0113 \u2014 nav svar\u012bgi, kur dz\u012bvojat!\" \/>\n<meta property=\"og:url\" content=\"https:\/\/megamillionsticketonline.com\/lv\/\" \/>\n<meta property=\"og:image\" content=\"https:\/\/megamillionsticketonline.com\/wp-content\/uploads\/2022\/03\/2020-landscape-1.png\" \/>\n\t<meta property=\"og:image:width\" content=\"1200\" \/>\n\t<meta property=\"og:image:height\" content=\"769\" \/>\n\t<meta property=\"og:image:type\" content=\"image\/png\" \/>\n<meta name=\"twitter:card\" content=\"summary_large_image\" \/>\n<meta name=\"twitter:label1\" content=\"Est. reading time\" \/>\n\t<meta name=\"twitter:data1\" content=\"5 minutes\" \/>\n<script type=\"application\/ld+json\" class=\"yoast-schema-graph\">{\"@context\":\"https:\/\/schema.org\",\"@graph\":[{\"@type\":\"WebPage\",\"@id\":\"https:\/\/megamillionsticketonline.com\/lv\/\",\"url\":\"https:\/\/megamillionsticketonline.com\/lv\/\",\"name\":\"Ieg\u016bsti Mega Millions bi\u013ceti tie\u0161saist\u0113 un laim\u0113 milz\u012bgus d\u017eekpotus!\",\"isPartOf\":{\"@id\":\"https:\/\/megamillionsticketonline.com\/lv\/#website\"},\"primaryImageOfPage\":{\"@id\":\"https:\/\/megamillionsticketonline.com\/lv\/#primaryimage\"},\"image\":{\"@id\":\"https:\/\/megamillionsticketonline.com\/lv\/#primaryimage\"},\"thumbnailUrl\":\"https:\/\/megamillionsticketonline.com\/wp-content\/uploads\/2022\/03\/2020-landscape-1.png\",\"datePublished\":\"2025-08-23T21:39:19+00:00\",\"description\":\"Mega Millions bi\u013ceti var ieg\u0101d\u0101ties tie\u0161saist\u0113 \u2014 nav svar\u012bgi, kur dz\u012bvojat!\",\"inLanguage\":\"lv-LV\",\"potentialAction\":[{\"@type\":\"ReadAction\",\"target\":[\"https:\/\/megamillionsticketonline.com\/lv\/\"]}]},{\"@type\":\"ImageObject\",\"inLanguage\":\"lv-LV\",\"@id\":\"https:\/\/megamillionsticketonline.com\/lv\/#primaryimage\",\"url\":\"https:\/\/megamillionsticketonline.com\/wp-content\/uploads\/2022\/03\/2020-landscape-1.png\",\"contentUrl\":\"https:\/\/megamillionsticketonline.com\/wp-content\/uploads\/2022\/03\/2020-landscape-1.png\",\"width\":1200,\"height\":769},{\"@type\":\"WebSite\",\"@id\":\"https:\/\/megamillionsticketonline.com\/lv\/#website\",\"url\":\"https:\/\/megamillionsticketonline.com\/lv\/\",\"name\":\"\",\"description\":\"\",\"potentialAction\":[{\"@type\":\"SearchAction\",\"target\":{\"@type\":\"EntryPoint\",\"urlTemplate\":\"https:\/\/megamillionsticketonline.com\/lv\/?s={search_term_string}\"},\"query-input\":{\"@type\":\"PropertyValueSpecification\",\"valueRequired\":true,\"valueName\":\"search_term_string\"}}],\"inLanguage\":\"lv-LV\"}]}<\/script>\n<!-- \/ Yoast SEO plugin. -->","yoast_head_json":{"title":"Ieg\u016bsti Mega Millions bi\u013ceti tie\u0161saist\u0113 un laim\u0113 milz\u012bgus d\u017eekpotus!","description":"Mega Millions bi\u013ceti var ieg\u0101d\u0101ties tie\u0161saist\u0113 \u2014 nav svar\u012bgi, kur dz\u012bvojat!","robots":{"index":"index","follow":"follow","max-snippet":"max-snippet:-1","max-image-preview":"max-image-preview:large","max-video-preview":"max-video-preview:-1"},"canonical":"https:\/\/megamillionsticketonline.com\/lv\/","og_locale":"lv_LV","og_type":"article","og_title":"Ieg\u016bsti Mega Millions bi\u013ceti tie\u0161saist\u0113 un laim\u0113 milz\u012bgus d\u017eekpotus!","og_description":"Mega Millions bi\u013ceti var ieg\u0101d\u0101ties tie\u0161saist\u0113 \u2014 nav svar\u012bgi, kur dz\u012bvojat!","og_url":"https:\/\/megamillionsticketonline.com\/lv\/","og_image":[{"width":1200,"height":769,"url":"https:\/\/megamillionsticketonline.com\/wp-content\/uploads\/2022\/03\/2020-landscape-1.png","type":"image\/png"}],"twitter_card":"summary_large_image","twitter_misc":{"Est. reading time":"5 minutes"},"schema":{"@context":"https:\/\/schema.org","@graph":[{"@type":"WebPage","@id":"https:\/\/megamillionsticketonline.com\/lv\/","url":"https:\/\/megamillionsticketonline.com\/lv\/","name":"Ieg\u016bsti Mega Millions bi\u013ceti tie\u0161saist\u0113 un laim\u0113 milz\u012bgus d\u017eekpotus!","isPartOf":{"@id":"https:\/\/megamillionsticketonline.com\/lv\/#website"},"primaryImageOfPage":{"@id":"https:\/\/megamillionsticketonline.com\/lv\/#primaryimage"},"image":{"@id":"https:\/\/megamillionsticketonline.com\/lv\/#primaryimage"},"thumbnailUrl":"https:\/\/megamillionsticketonline.com\/wp-content\/uploads\/2022\/03\/2020-landscape-1.png","datePublished":"2025-08-23T21:39:19+00:00","description":"Mega Millions bi\u013ceti var ieg\u0101d\u0101ties tie\u0161saist\u0113 \u2014 nav svar\u012bgi, kur dz\u012bvojat!","inLanguage":"lv-LV","potentialAction":[{"@type":"ReadAction","target":["https:\/\/megamillionsticketonline.com\/lv\/"]}]},{"@type":"ImageObject","inLanguage":"lv-LV","@id":"https:\/\/megamillionsticketonline.com\/lv\/#primaryimage","url":"https:\/\/megamillionsticketonline.com\/wp-content\/uploads\/2022\/03\/2020-landscape-1.png","contentUrl":"https:\/\/megamillionsticketonline.com\/wp-content\/uploads\/2022\/03\/2020-landscape-1.png","width":1200,"height":769},{"@type":"WebSite","@id":"https:\/\/megamillionsticketonline.com\/lv\/#website","url":"https:\/\/megamillionsticketonline.com\/lv\/","name":"","description":"","potentialAction":[{"@type":"SearchAction","target":{"@type":"EntryPoint","urlTemplate":"https:\/\/megamillionsticketonline.com\/lv\/?s={search_term_string}"},"query-input":{"@type":"PropertyValueSpecification","valueRequired":true,"valueName":"search_term_string"}}],"inLanguage":"lv-LV"}]}},"_links":{"self":[{"href":"https:\/\/megamillionsticketonline.com\/lv\/wp-json\/wp\/v2\/pages\/570","targetHints":{"allow":["GET"]}}],"collection":[{"href":"https:\/\/megamillionsticketonline.com\/lv\/wp-json\/wp\/v2\/pages"}],"about":[{"href":"https:\/\/megamillionsticketonline.com\/lv\/wp-json\/wp\/v2\/types\/page"}],"author":[{"embeddable":true,"href":"https:\/\/megamillionsticketonline.com\/lv\/wp-json\/wp\/v2\/users\/1"}],"replies":[{"embeddable":true,"href":"https:\/\/megamillionsticketonline.com\/lv\/wp-json\/wp\/v2\/comments?post=570"}],"version-history":[{"count":0,"href":"https:\/\/megamillionsticketonline.com\/lv\/wp-json\/wp\/v2\/pages\/570\/revisions"}],"wp:featuredmedia":[{"embeddable":true,"href":"https:\/\/megamillionsticketonline.com\/lv\/wp-json\/wp\/v2\/media\/571"}],"wp:attachment":[{"href":"https:\/\/megamillionsticketonline.com\/lv\/wp-json\/wp\/v2\/media?parent=570"}],"curies":[{"name":"wp","href":"https:\/\/api.w.org\/{rel}","templated":true}]}}