{"id":572,"date":"2025-08-23T22:40:33","date_gmt":"2025-08-23T21:40:33","guid":{"rendered":"https:\/\/megamillionsticketonline.com\/pradzia\/"},"modified":"2025-08-23T22:40:33","modified_gmt":"2025-08-23T21:40:33","slug":"pradzia","status":"publish","type":"page","link":"https:\/\/megamillionsticketonline.com\/lt\/","title":{"rendered":"Prad\u017eia"},"content":{"rendered":"<p>\u201eMega Millions Lotto\u201c yra viena garsiausi\u0173 loterij\u0173 JAV. Joje yra keli laim\u0117jimo b\u016bdai ir DID\u017dIULIS didysis prizas, kuris gali siekti nuo 10 iki 600 MILIJON\u0172 USD! 2012 metais \u0161ios loterijos did\u012fj\u012f priz\u0105 laim\u0117jo i\u0161 viso a\u0161tuoni \u017emon\u0117s. Ta\u010diau **stulbinantis** \u201eMega Millions\u201c didysis prizas buvo laim\u0117tas 2018 m. \u2013 1550 mln. USD \u2013 tai pasaulio rekordas loterijos priz\u0173 srityje!<\/p>\n<p>\u201eMega Millions\u201c loterijos si\u016blomi didieji prizai yra neprilygstami \u2013 j\u0173 dydis prilygsta kit\u0173 loterij\u0173 si\u016blomiems prizams piko metu. Nors daugiausia \u017eaid\u0117j\u0173 yra i\u0161 JAV, o loterija skirta \u0161ios \u0161alies gyventojams, j\u0105 galima \u017eaisti i\u0161 bet kurios pasaulio vietos! <strong><span style=\"text-decoration: underline;\"><a href=\"https:\/\/redfoxlotto.com\/?ref=A8564250A2&amp;medium=memicom\" target=\"_blank\" rel=\"noopener\">\u201eMega Millions\u201c bilietus galite \u012fsigyti internetu su \u201eRedFoxLotto\u201c pagalba \u2013 spustel\u0117kite \u010dia, kad apsilankytum\u0117te \u2013<\/a><\/span><\/strong> \u0161i \u012fmon\u0117 si\u016blo nupirkti bilietus j\u016bs\u0173 vardu JAV ir tada juos persi\u0173sti jums.<\/p>\n<p>Su j\u0173 biliet\u0173 paslauga dabar galite dalyvauti <span style=\"text-decoration: underline;\"><a href=\"http:\/\/www.onlinelotto365.com\" target=\"_blank\" rel=\"noopener\">bet kurioje tarptautin\u0117je loterijoje internetu<\/a><\/span> \u2013 jie si\u016blo savo paslaugas daugiau nei 30 tarptautini\u0173 loterij\u0173. Tai suteikia jums daug didesn\u0119 galimyb\u0119 laim\u0117ti mil\u017eini\u0161kas pinig\u0173 sumas \u201eMega Millions\u201c, palyginti su vietine loterija.<\/p>\n<h2>Taigi, kaip tai veikia?<\/h2>\n<p>Reikia atlikti 5 paprastus veiksmus ir el. pa\u0161tu gausite savo \u201eMega Millions\u201c loterijos biliet\u0105:<\/p>\n<ul>\n<li>Pasirinkite \u201eMega Millions\u201c loterij\u0105 i\u0161 s\u0105ra\u0161o \u0161oniniame stulpelyje arba spustel\u0117kite valdikl\u012f vir\u0161 \u0161io straipsnio<\/li>\n<li>\u012eveskite savo laimingus skai\u010dius arba leiskite programinei \u012frangai tai padaryti u\u017e jus (naudojant atsitiktini\u0173 skai\u010di\u0173 generatori\u0173, vadinam\u0105j\u012f \u201eGreitas pasirinkimas\u201c)<\/li>\n<li>Pasirinkite linij\u0173 ir traukim\u0173 skai\u010di\u0173, kuriems norite \u012fsigyti loterijos biliet\u0105<\/li>\n<li>U\u017ebaigus u\u017esakym\u0105, \u201eRedFoxLotto\u201c agentas nupirks j\u016bs\u0173 u\u017esakyt\u0105 biliet\u0105 j\u016bs\u0173 vardu ir su j\u016bs\u0173 vardu<\/li>\n<li>V\u0117liau savo biliet\u0105 rasite savo kliento paskyroje<\/li>\n<\/ul>\n<p>\u201eRedFoxLotto\u201c paslaugomis naudojasi milijonai \u017emoni\u0173 visame pasaulyje. J\u0173 \u017eaid\u0117jai laim\u0117jo milijonus doleri\u0173 ir niekada netur\u0117jo problem\u0173 d\u0117l priz\u0173 pristatymo. Bilieto vir\u0161uje, \u0161alia pasirinkt\u0173 skai\u010di\u0173, rodomas j\u016bs\u0173 vardas ir pavard\u0117. I\u0161gryninti l\u0117\u0161as be j\u016bs\u0173 \u012fsp\u0117jimo ne\u012fmanoma, ta\u0161kas.<\/p>\n<h2>\u201eMega Millions\u201c n\u0117ra vienintelis \u017eaidimas, kuriam \u201eRedFoxLotto\u201c si\u016blo loterijos bilietus<\/h2>\n<p>Taip pat galite dalyvauti tokiose loterijose kaip \u201ePowerBall Lotto\u201c, \u201eEl Gordo\u201c, \u201eSuperenalotto\u201c, \u201eEuro Millions Lottery\u201c ir daugelyje kit\u0173. Didelis privalumas yra tas, kad kai tik pasiseks, visada rasite bent vien\u0105 ar kelis loterijos kaupiamuosius prizus, kurie bus tikrai dideli. \u017daisdami d\u0117l didesnio prizo nemok\u0117dami daugiau u\u017e biliet\u0105 (palyginti su loterija su ma\u017eesniu kaupiamuoju prizu), padidinsite savo matematines galimybes laim\u0117ti didelius pinigus!<\/p>\n<h2>\u201eMega Millions\u201c loterijos priz\u0173 traukimai<\/h2>\n<p>\u0160io renginio priz\u0173 traukimai vyksta dvi dienas per savait\u0119 \u2013 kiekvien\u0105 antradien\u012f ir penktadien\u012f 23.00 val. Ryt\u0173 laiku. Kiekvien\u0105 kart\u0105 i\u0161 b\u016bgno, kuriame i\u0161 viso yra 59 kamuoliukai, i\u0161traukiami 5 balti kamuoliukai. Be to, i\u0161 b\u016bgno, kuriame yra 46 geltoni kamuoliukai, i\u0161traukiamas vienas skai\u010dius. Geltoni kamuoliukai taip pat \u017einomi kaip \u201eMegaBalls\u201c.<\/p>\n<p>Burt\u0173 traukimus transliuoja WSB-TV, esanti D\u017eord\u017eijoje, Atlantoje. \u012esigij\u0119 \u201eMega Millions\u201c biliet\u0105 internetu, galite nesijaudinti d\u0117l laim\u0117jim\u0173 praradimo \u2013 \u201eRedFoxLotto\u201c paslaugos apima prane\u0161im\u0105 apie laim\u0117jim\u0105 el. pa\u0161tu!<\/p>\n<h2>Laim\u0117jimo b\u016bdai<\/h2>\n<p>\u201eMega Millions\u201c si\u016blo 9 skirtingus priz\u0173 lygius. Nor\u0117dami laim\u0117ti pagrindin\u012f priz\u0105, dar vadinam\u0105 Did\u017eiuoju prizu, turite teisingai atsp\u0117ti 5 baltojo kamuoliuko skai\u010dius ir Mega kamuoliuk\u0105. Tikimyb\u0117, kad tai \u012fvyks, yra ma\u017edaug 1 i\u0161 175 711 536,0000. Kaip matote, tai ma\u017eai tik\u0117tina, bet ne ne\u012fmanoma. Juk ka\u017ekas turi laim\u0117ti loterijoje, tiesa?<\/p>\n<p>Vidutinis didysis prizas yra apie 60 milijon\u0173 doleri\u0173, o jei laim\u0117site, j\u016bs\u0173 loterijos prizas jums bus i\u0161mok\u0117tas per kelerius metus. Arba galite pasirinkti gauti vis\u0105 priz\u0105 vienkartine suma, ta\u010diau tada i\u0161moka bus \u0161iek tiek ma\u017eesn\u0117.<\/p>\n<p>Be pagrindinio prizo, \u201eMegamillions\u201c loterijoje galima laim\u0117ti dar 8 prizus. Bendra tikimyb\u0117 laim\u0117ti bet kur\u012f priz\u0105 yra 1 i\u0161 39,89.<\/p>\n<p>\u017demiau rasite i\u0161sami\u0105 galim\u0173 \u201eMega Millions\u201c pinigini\u0173 priz\u0173 ap\u017evalg\u0105 ir reikalavimus jiems laim\u0117ti:<\/p>\n<ul>\n<li>5 balti kamuoliukai + \u201eMega\u201c kamuoliukas \u2013 Didysis prizas (D\u017eeksponatas)<\/li>\n<li>5 balti kamuoliukai \u2013 250 000 USD<\/li>\n<li>4 balti kamuoliukai + \u201eMega\u201c kamuoliukas \u2013 10 000 USD<\/li>\n<li>4 balti kamuoliukai \u2013 150 USD<\/li>\n<li>3 balti kamuoliukai + \u201eMega\u201c kamuoliukas \u2013 150 USD<\/li>\n<li>3 balti kamuoliukai \u2013 7 USD<\/li>\n<li>2 balti kamuoliukai + \u201eMega\u201c kamuoliukas \u2013 10 USD<\/li>\n<li>1 baltas kamuoliukas + \u201eMega\u201c kamuoliukas \u2013 3 USD<\/li>\n<li>Vien \u201eMega\u201c kamuoliukas \u2013 2 USD<\/li>\n<\/ul>\n<p>\u201eMega Millions\u201c loterija taip pat si\u016blo papildom\u0105 funkcij\u0105 \u2013 \u201eMegaPlier\u201c. Prie\u0161 kiekvien\u0105 traukim\u0105 atliekama \u201eMegaPlier\u201c.Kitam traukimui pasirenkamas r, kuris gali b\u016bti 2x 3x arba 4x. \u0160is daugiklis taikomas visiems laim\u0117tiems prizams, i\u0161skyrus did\u012fj\u012f priz\u0105. Nor\u0117dami pasinaudoti \u0161ia funkcija, pirkdami biliet\u0105 tur\u0117site prid\u0117ti 1 USD.<\/p>\n<h2>Ar galiu \u017eaisti \u201eMega Millions\u201c i\u0161 savo \u0161alies?<\/h2>\n<p>\u201eMega Millions\u201c bilietus \u0161iuo metu galima \u012fsigyti tradiciniu b\u016bdu 42 JAV valstijose, tai rei\u0161kia, kad bilietus galite \u012fsigyti bet kurioje vietin\u0117je loterijos parduotuv\u0117je. Ta\u010diau \u0161i\u0105 loterij\u0105 galite \u017eaisti ir i\u0161 bet kurios kitos pasaulio vietos. Tai galima padaryti naudojantis \u201eRedFoxLotto\u201c, kur galite internetu \u012fsigyti bilietus \u012f visas populiariausias loterijas pasaulyje, \u012fskaitant \u201eMegamillions\u201c loterijos bilietus.<\/p>\n","protected":false},"excerpt":{"rendered":"<p>\u201eMega Millions Lotto\u201c yra viena garsiausi\u0173 loterij\u0173 JAV. Joje yra keli laim\u0117jimo b\u016bdai ir DID\u017dIULIS didysis prizas, kuris gali siekti nuo 10 iki 600 MILIJON\u0172 USD! 2012 metais \u0161ios loterijos did\u012fj\u012f priz\u0105 laim\u0117jo i\u0161 viso a\u0161tuoni \u017emon\u0117s. Ta\u010diau **stulbinantis** \u201eMega Millions\u201c didysis prizas buvo laim\u0117tas 2018 m. \u2013 1550 mln. USD \u2013 tai pasaulio rekordas&hellip;<\/p>\n","protected":false},"author":1,"featured_media":573,"parent":0,"menu_order":1,"comment_status":"closed","ping_status":"closed","template":"","meta":{"footnotes":""},"class_list":["post-572","page","type-page","status-publish","has-post-thumbnail","hentry"],"yoast_head":"<!-- This site is optimized with the Yoast SEO plugin v25.9 - https:\/\/yoast.com\/wordpress\/plugins\/seo\/ -->\n<title>Gaukite \u201eMega Millions\u201c biliet\u0105 internetu ir laim\u0117kite did\u017eiulius prizus!<\/title>\n<meta name=\"description\" content=\"\u201eMega Millions\u201c biliet\u0105 galite \u012fsigyti internetu \u2013 nesvarbu, kur gyvenate!\" \/>\n<meta name=\"robots\" content=\"index, follow, max-snippet:-1, max-image-preview:large, max-video-preview:-1\" \/>\n<link rel=\"canonical\" href=\"https:\/\/megamillionsticketonline.com\/lt\/\" \/>\n<meta property=\"og:locale\" content=\"lt_LT\" \/>\n<meta property=\"og:type\" content=\"article\" \/>\n<meta property=\"og:title\" content=\"Gaukite \u201eMega Millions\u201c biliet\u0105 internetu ir laim\u0117kite did\u017eiulius prizus!\" \/>\n<meta property=\"og:description\" content=\"\u201eMega Millions\u201c biliet\u0105 galite \u012fsigyti internetu \u2013 nesvarbu, kur gyvenate!\" \/>\n<meta property=\"og:url\" content=\"https:\/\/megamillionsticketonline.com\/lt\/\" \/>\n<meta property=\"og:image\" content=\"https:\/\/megamillionsticketonline.com\/wp-content\/uploads\/2022\/03\/2020-landscape-1.png\" \/>\n\t<meta property=\"og:image:width\" content=\"1200\" \/>\n\t<meta property=\"og:image:height\" content=\"769\" \/>\n\t<meta property=\"og:image:type\" content=\"image\/png\" \/>\n<meta name=\"twitter:card\" content=\"summary_large_image\" \/>\n<meta name=\"twitter:label1\" content=\"Est. reading time\" \/>\n\t<meta name=\"twitter:data1\" content=\"4 minut\u0117s\" \/>\n<script type=\"application\/ld+json\" class=\"yoast-schema-graph\">{\"@context\":\"https:\/\/schema.org\",\"@graph\":[{\"@type\":\"WebPage\",\"@id\":\"https:\/\/megamillionsticketonline.com\/lt\/\",\"url\":\"https:\/\/megamillionsticketonline.com\/lt\/\",\"name\":\"Gaukite \u201eMega Millions\u201c biliet\u0105 internetu ir laim\u0117kite did\u017eiulius prizus!\",\"isPartOf\":{\"@id\":\"https:\/\/megamillionsticketonline.com\/lt\/#website\"},\"primaryImageOfPage\":{\"@id\":\"https:\/\/megamillionsticketonline.com\/lt\/#primaryimage\"},\"image\":{\"@id\":\"https:\/\/megamillionsticketonline.com\/lt\/#primaryimage\"},\"thumbnailUrl\":\"https:\/\/megamillionsticketonline.com\/wp-content\/uploads\/2022\/03\/2020-landscape-1.png\",\"datePublished\":\"2025-08-23T21:40:33+00:00\",\"description\":\"\u201eMega Millions\u201c biliet\u0105 galite \u012fsigyti internetu \u2013 nesvarbu, kur gyvenate!\",\"inLanguage\":\"lt-LT\",\"potentialAction\":[{\"@type\":\"ReadAction\",\"target\":[\"https:\/\/megamillionsticketonline.com\/lt\/\"]}]},{\"@type\":\"ImageObject\",\"inLanguage\":\"lt-LT\",\"@id\":\"https:\/\/megamillionsticketonline.com\/lt\/#primaryimage\",\"url\":\"https:\/\/megamillionsticketonline.com\/wp-content\/uploads\/2022\/03\/2020-landscape-1.png\",\"contentUrl\":\"https:\/\/megamillionsticketonline.com\/wp-content\/uploads\/2022\/03\/2020-landscape-1.png\",\"width\":1200,\"height\":769},{\"@type\":\"WebSite\",\"@id\":\"https:\/\/megamillionsticketonline.com\/lt\/#website\",\"url\":\"https:\/\/megamillionsticketonline.com\/lt\/\",\"name\":\"\",\"description\":\"\",\"potentialAction\":[{\"@type\":\"SearchAction\",\"target\":{\"@type\":\"EntryPoint\",\"urlTemplate\":\"https:\/\/megamillionsticketonline.com\/lt\/?s={search_term_string}\"},\"query-input\":{\"@type\":\"PropertyValueSpecification\",\"valueRequired\":true,\"valueName\":\"search_term_string\"}}],\"inLanguage\":\"lt-LT\"}]}<\/script>\n<!-- \/ Yoast SEO plugin. -->","yoast_head_json":{"title":"Gaukite \u201eMega Millions\u201c biliet\u0105 internetu ir laim\u0117kite did\u017eiulius prizus!","description":"\u201eMega Millions\u201c biliet\u0105 galite \u012fsigyti internetu \u2013 nesvarbu, kur gyvenate!","robots":{"index":"index","follow":"follow","max-snippet":"max-snippet:-1","max-image-preview":"max-image-preview:large","max-video-preview":"max-video-preview:-1"},"canonical":"https:\/\/megamillionsticketonline.com\/lt\/","og_locale":"lt_LT","og_type":"article","og_title":"Gaukite \u201eMega Millions\u201c biliet\u0105 internetu ir laim\u0117kite did\u017eiulius prizus!","og_description":"\u201eMega Millions\u201c biliet\u0105 galite \u012fsigyti internetu \u2013 nesvarbu, kur gyvenate!","og_url":"https:\/\/megamillionsticketonline.com\/lt\/","og_image":[{"width":1200,"height":769,"url":"https:\/\/megamillionsticketonline.com\/wp-content\/uploads\/2022\/03\/2020-landscape-1.png","type":"image\/png"}],"twitter_card":"summary_large_image","twitter_misc":{"Est. reading time":"4 minut\u0117s"},"schema":{"@context":"https:\/\/schema.org","@graph":[{"@type":"WebPage","@id":"https:\/\/megamillionsticketonline.com\/lt\/","url":"https:\/\/megamillionsticketonline.com\/lt\/","name":"Gaukite \u201eMega Millions\u201c biliet\u0105 internetu ir laim\u0117kite did\u017eiulius prizus!","isPartOf":{"@id":"https:\/\/megamillionsticketonline.com\/lt\/#website"},"primaryImageOfPage":{"@id":"https:\/\/megamillionsticketonline.com\/lt\/#primaryimage"},"image":{"@id":"https:\/\/megamillionsticketonline.com\/lt\/#primaryimage"},"thumbnailUrl":"https:\/\/megamillionsticketonline.com\/wp-content\/uploads\/2022\/03\/2020-landscape-1.png","datePublished":"2025-08-23T21:40:33+00:00","description":"\u201eMega Millions\u201c biliet\u0105 galite \u012fsigyti internetu \u2013 nesvarbu, kur gyvenate!","inLanguage":"lt-LT","potentialAction":[{"@type":"ReadAction","target":["https:\/\/megamillionsticketonline.com\/lt\/"]}]},{"@type":"ImageObject","inLanguage":"lt-LT","@id":"https:\/\/megamillionsticketonline.com\/lt\/#primaryimage","url":"https:\/\/megamillionsticketonline.com\/wp-content\/uploads\/2022\/03\/2020-landscape-1.png","contentUrl":"https:\/\/megamillionsticketonline.com\/wp-content\/uploads\/2022\/03\/2020-landscape-1.png","width":1200,"height":769},{"@type":"WebSite","@id":"https:\/\/megamillionsticketonline.com\/lt\/#website","url":"https:\/\/megamillionsticketonline.com\/lt\/","name":"","description":"","potentialAction":[{"@type":"SearchAction","target":{"@type":"EntryPoint","urlTemplate":"https:\/\/megamillionsticketonline.com\/lt\/?s={search_term_string}"},"query-input":{"@type":"PropertyValueSpecification","valueRequired":true,"valueName":"search_term_string"}}],"inLanguage":"lt-LT"}]}},"_links":{"self":[{"href":"https:\/\/megamillionsticketonline.com\/lt\/wp-json\/wp\/v2\/pages\/572","targetHints":{"allow":["GET"]}}],"collection":[{"href":"https:\/\/megamillionsticketonline.com\/lt\/wp-json\/wp\/v2\/pages"}],"about":[{"href":"https:\/\/megamillionsticketonline.com\/lt\/wp-json\/wp\/v2\/types\/page"}],"author":[{"embeddable":true,"href":"https:\/\/megamillionsticketonline.com\/lt\/wp-json\/wp\/v2\/users\/1"}],"replies":[{"embeddable":true,"href":"https:\/\/megamillionsticketonline.com\/lt\/wp-json\/wp\/v2\/comments?post=572"}],"version-history":[{"count":0,"href":"https:\/\/megamillionsticketonline.com\/lt\/wp-json\/wp\/v2\/pages\/572\/revisions"}],"wp:featuredmedia":[{"embeddable":true,"href":"https:\/\/megamillionsticketonline.com\/lt\/wp-json\/wp\/v2\/media\/573"}],"wp:attachment":[{"href":"https:\/\/megamillionsticketonline.com\/lt\/wp-json\/wp\/v2\/media?parent=572"}],"curies":[{"name":"wp","href":"https:\/\/api.w.org\/{rel}","templated":true}]}}