{"id":232,"date":"2025-04-26T11:19:54","date_gmt":"2025-04-26T10:19:54","guid":{"rendered":"https:\/\/megamillionsticketonline.com\/casa\/"},"modified":"2025-04-26T11:19:54","modified_gmt":"2025-04-26T10:19:54","slug":"casa","status":"publish","type":"page","link":"https:\/\/megamillionsticketonline.com\/it\/","title":{"rendered":"Casa"},"content":{"rendered":"<p>Mega Millions Lotto \u00e8 una delle lotterie pi\u00f9 famose degli Stati Uniti. Offre diverse modalit\u00e0 di vincita e un ENORME jackpot, che pu\u00f2 variare da 10 a 600 MILIONI di dollari! Nel 2012, un totale di otto persone hanno vinto il jackpot di questa lotteria. Tuttavia, nel 2018 \u00e8 stato vinto un jackpot Mega Millions da ben 1550 milioni di dollari, un record mondiale per un premio della lotteria!<\/p>\n<p>I jackpot offerti da Mega Millions sono ineguagliabili, partendo da un importo pari a quello offerto da altre lotterie nei periodi di punta. Sebbene il maggior numero di giocatori provenga dagli Stati Uniti e la lotteria sia pensata per i residenti di questo Paese, \u00e8 possibile giocarci da qualsiasi parte del mondo! <strong><span style=\"text-decoration: underline;\"><a href=\"https:\/\/redfoxlotto.com\/?ref=A8564250A2&amp;medium=memicom\" target=\"_blank\" rel=\"noopener\">Puoi acquistare i biglietti del Mega Millions online con l&#8217;aiuto di RedFoxLotto &#8211; clicca qui per visitare il sito &#8211;<\/a><\/span><\/strong>. Questa azienda si offre di acquistare i biglietti per tuo conto negli Stati Uniti e di inoltrarteli direttamente a casa.<\/p>\n<p>Con il loro servizio di biglietteria, ora puoi partecipare a <span style=\"text-decoration: underline;\"><a href=\"http:\/\/www.onlinelotto365.com\" target=\"_blank\" rel=\"noopener\">qualsiasi lotteria internazionale online<\/a><\/span>: offrono il loro servizio per oltre 30 lotterie internazionali. Questo ti offre molte pi\u00f9 possibilit\u00e0 di vincere enormi somme di denaro al Mega Millions rispetto alla tua lotteria locale. <\/p>\n<h2>Allora, come funziona?<\/h2>\n<p>Ci sono 5 semplici passaggi da seguire e riceverai il tuo biglietto della lotteria Mega Millions via email:<\/p>\n<ul>\n<li>Scegli la lotteria Mega Millions dall&#8217;elenco nella colonna laterale o clicca sul widget sopra questo articolo<\/li>\n<li>Inserisci i tuoi numeri fortunati o lascia che il software lo faccia per te (tramite il generatore di numeri casuali, il cosiddetto &#8220;Quick Pick&#8221;)<\/li>\n<li>Seleziona il numero di linee e le estrazioni per cui desideri acquistare un biglietto della lotteria<\/li>\n<li>Dopo aver completato l&#8217;ordine, un agente di RedFoxLotto acquister\u00e0 il biglietto ordinato per tuo conto e a tuo nome<\/li>\n<li>Troverai poi il tuo biglietto nel tuo account cliente<\/li>\n<\/ul>\n<p>I servizi di RedFoxLotto sono utilizzati da milioni di persone in tutto il mondo. I loro giocatori hanno vinto milioni di dollari e non hanno mai avuto problemi con la consegna dei premi. Il biglietto mostra il tuo nome completo, sopra i numeri scelti. Non \u00e8 possibile incassare fondi senza il tuo consenso, punto.<\/p>\n<h2>Mega Millions non \u00e8 l&#8217;unico gioco per cui RedFoxLotto offre biglietti della lotteria<\/h2>\n<p>Puoi anche partecipare a lotterie come PowerBall Lotto, El Gordo, Superenalotto, Euro Millions Lottery e molte altre. Il grande vantaggio \u00e8 che, ogni volta che ti senti fortunato, troverai sempre almeno uno o pi\u00f9 jackpot del lotto davvero elevati. Giocare per il premio pi\u00f9 grande senza pagare di pi\u00f9 per il biglietto (rispetto a una lotteria con un jackpot inferiore) aumenta le tue probabilit\u00e0 matematiche di vincere un sacco di soldi!<\/p>\n<h2>Estrazioni dei premi della lotteria Mega Millions<\/h2>\n<p>Le estrazioni dei premi per questo evento si tengono due giorni a settimana: ogni marted\u00ec e venerd\u00ec alle 23:00 (ora della costa orientale). Ogni volta vengono estratte 5 palline bianche da un tamburo, che contiene un totale di 59 palline. Inoltre, viene estratto un numero da un tamburo di 46 palline gialle. Le palline gialle sono anche conosciute come &#8220;MegaBalls&#8221;.<\/p>\n<p>Le estrazioni sono trasmesse da WSB-TV, con sede ad Atlanta, in Georgia. Non devi preoccuparti di perdere le tue vincite dopo aver acquistato un biglietto Mega Millions online: la notifica di una vincita via e-mail \u00e8 inclusa nei servizi di RedFoxLotto!<\/p>\n<h2>Modi per vincere<\/h2>\n<p>Mega Millions offre 9 diversi livelli di premio. Per vincere il jackpot, noto anche come Gran Premio, dovrai indovinare i 5 numeri delle palline bianche e la Mega Ball. Le probabilit\u00e0 che ci\u00f2 accada sono di circa 1 su 175.711.536,0000. Come puoi vedere, \u00e8 un&#8217;impresa improbabile, ma non impossibile. Dopotutto, qualcuno deve pur vincere alla lotteria, giusto?<\/p>\n<p>Il Gran Premio medio \u00e8 di circa 60 milioni di dollari e, in caso di vincita, il premio della lotteria ti verr\u00e0 corrisposto in diversi anni. In alternativa, puoi scegliere di ricevere l&#8217;intero premio in un&#8217;unica soluzione, ma in tal caso la vincita sar\u00e0 leggermente inferiore.<\/p>\n<p>Oltre al Gran Premio, ci sono altri 8 premi che si possono vincere al Megamillions. Le probabilit\u00e0 complessive di vincere un premio sono 1 su 39,89.<\/p>\n<p>Di seguito una panoramica completa dei possibili premi in denaro del Mega Millions e dei requisiti per vincerli:<\/p>\n<ul>\n<li>5 Palline Bianche + La Mega Ball &#8211; Il Gran Premio (Jackpot)<\/li>\n<li>5 Palline Bianche &#8211; $250.000<\/li>\n<li>4 Palline Bianche + La Mega Ball &#8211; $10.000<\/li>\n<li>4 Palline Bianche &#8211; $150<\/li>\n<li>3 Palline Bianche + La Mega Ball &#8211; $150<\/li>\n<li>3 Palline Bianche &#8211; $7<\/li>\n<li>2 Palline Bianche + La Mega Ball &#8211; $10<\/li>\n<li>1 Pallina Bianca + La Mega Ball &#8211; $3<\/li>\n<li>Solo la Mega Ball &#8211; $2<\/li>\n<\/ul>\n<p>Il Mega Millions Lotto offre anche una funzione aggiuntiva: MegaPlier. Prima di ogni estrazione, viene visualizzato un MegaPlier.r viene selezionato per l&#8217;estrazione successiva, che pu\u00f2 essere 2x, 3x o 4x. Questo moltiplicatore viene quindi applicato a tutti i premi vinti, ad eccezione del jackpot. Per usufruire di questa funzione, \u00e8 necessario aggiungere 1$ al momento dell&#8217;acquisto di un biglietto.<\/p>\n<h2>Posso giocare a Mega Millions dal mio Paese?<\/h2>\n<p>I biglietti Mega Millions possono attualmente essere acquistati con i metodi tradizionali in 42 stati degli Stati Uniti, il che significa che \u00e8 possibile acquistarli presso qualsiasi rivenditore di lotteria locale. Tuttavia, \u00e8 possibile giocare a questa lotteria anche da qualsiasi altro luogo del mondo. Questo \u00e8 possibile utilizzando RedFoxLotto, dove \u00e8 possibile acquistare online i biglietti per tutte le lotterie pi\u00f9 popolari del pianeta, inclusi i biglietti della lotteria Mega Millions.<\/p>\n","protected":false},"excerpt":{"rendered":"<p>Mega Millions Lotto \u00e8 una delle lotterie pi\u00f9 famose degli Stati Uniti. Offre diverse modalit\u00e0 di vincita e un ENORME jackpot, che pu\u00f2 variare da 10 a 600 MILIONI di dollari! Nel 2012, un totale di otto persone hanno vinto il jackpot di questa lotteria. Tuttavia, nel 2018 \u00e8 stato vinto un jackpot Mega Millions&hellip;<\/p>\n","protected":false},"author":1,"featured_media":91,"parent":0,"menu_order":1,"comment_status":"closed","ping_status":"closed","template":"","meta":{"footnotes":""},"class_list":["post-232","page","type-page","status-publish","has-post-thumbnail","hentry"],"yoast_head":"<!-- This site is optimized with the Yoast SEO plugin v25.9 - https:\/\/yoast.com\/wordpress\/plugins\/seo\/ -->\n<title>Acquista un biglietto Mega Millions online e vinci enormi jackpot!<\/title>\n<meta name=\"description\" content=\"Puoi acquistare un biglietto Mega Millions online, non importa dove vivi!\" \/>\n<meta name=\"robots\" content=\"index, follow, max-snippet:-1, max-image-preview:large, max-video-preview:-1\" \/>\n<link rel=\"canonical\" href=\"https:\/\/megamillionsticketonline.com\/it\/\" \/>\n<meta property=\"og:locale\" content=\"it_IT\" \/>\n<meta property=\"og:type\" content=\"article\" \/>\n<meta property=\"og:title\" content=\"Acquista un biglietto Mega Millions online e vinci enormi jackpot!\" \/>\n<meta property=\"og:description\" content=\"Puoi acquistare un biglietto Mega Millions online, non importa dove vivi!\" \/>\n<meta property=\"og:url\" content=\"https:\/\/megamillionsticketonline.com\/it\/\" \/>\n<meta property=\"og:image\" content=\"https:\/\/megamillionsticketonline.com\/wp-content\/uploads\/2022\/03\/2020-landscape-1.png\" \/>\n\t<meta property=\"og:image:width\" content=\"1200\" \/>\n\t<meta property=\"og:image:height\" content=\"769\" \/>\n\t<meta property=\"og:image:type\" content=\"image\/png\" \/>\n<meta name=\"twitter:card\" content=\"summary_large_image\" \/>\n<meta name=\"twitter:label1\" content=\"Tempo di lettura stimato\" \/>\n\t<meta name=\"twitter:data1\" content=\"4 minuti\" \/>\n<script type=\"application\/ld+json\" class=\"yoast-schema-graph\">{\"@context\":\"https:\/\/schema.org\",\"@graph\":[{\"@type\":\"WebPage\",\"@id\":\"https:\/\/megamillionsticketonline.com\/it\/\",\"url\":\"https:\/\/megamillionsticketonline.com\/it\/\",\"name\":\"Acquista un biglietto Mega Millions online e vinci enormi jackpot!\",\"isPartOf\":{\"@id\":\"https:\/\/megamillionsticketonline.com\/it\/#website\"},\"primaryImageOfPage\":{\"@id\":\"https:\/\/megamillionsticketonline.com\/it\/#primaryimage\"},\"image\":{\"@id\":\"https:\/\/megamillionsticketonline.com\/it\/#primaryimage\"},\"thumbnailUrl\":\"https:\/\/megamillionsticketonline.com\/wp-content\/uploads\/2022\/03\/2020-landscape-1.png\",\"datePublished\":\"2025-04-26T10:19:54+00:00\",\"description\":\"Puoi acquistare un biglietto Mega Millions online, non importa dove vivi!\",\"inLanguage\":\"it-IT\",\"potentialAction\":[{\"@type\":\"ReadAction\",\"target\":[\"https:\/\/megamillionsticketonline.com\/it\/\"]}]},{\"@type\":\"ImageObject\",\"inLanguage\":\"it-IT\",\"@id\":\"https:\/\/megamillionsticketonline.com\/it\/#primaryimage\",\"url\":\"https:\/\/megamillionsticketonline.com\/wp-content\/uploads\/2022\/03\/2020-landscape-1.png\",\"contentUrl\":\"https:\/\/megamillionsticketonline.com\/wp-content\/uploads\/2022\/03\/2020-landscape-1.png\",\"width\":1200,\"height\":769},{\"@type\":\"WebSite\",\"@id\":\"https:\/\/megamillionsticketonline.com\/it\/#website\",\"url\":\"https:\/\/megamillionsticketonline.com\/it\/\",\"name\":\"\",\"description\":\"\",\"potentialAction\":[{\"@type\":\"SearchAction\",\"target\":{\"@type\":\"EntryPoint\",\"urlTemplate\":\"https:\/\/megamillionsticketonline.com\/it\/?s={search_term_string}\"},\"query-input\":{\"@type\":\"PropertyValueSpecification\",\"valueRequired\":true,\"valueName\":\"search_term_string\"}}],\"inLanguage\":\"it-IT\"}]}<\/script>\n<!-- \/ Yoast SEO plugin. -->","yoast_head_json":{"title":"Acquista un biglietto Mega Millions online e vinci enormi jackpot!","description":"Puoi acquistare un biglietto Mega Millions online, non importa dove vivi!","robots":{"index":"index","follow":"follow","max-snippet":"max-snippet:-1","max-image-preview":"max-image-preview:large","max-video-preview":"max-video-preview:-1"},"canonical":"https:\/\/megamillionsticketonline.com\/it\/","og_locale":"it_IT","og_type":"article","og_title":"Acquista un biglietto Mega Millions online e vinci enormi jackpot!","og_description":"Puoi acquistare un biglietto Mega Millions online, non importa dove vivi!","og_url":"https:\/\/megamillionsticketonline.com\/it\/","og_image":[{"width":1200,"height":769,"url":"https:\/\/megamillionsticketonline.com\/wp-content\/uploads\/2022\/03\/2020-landscape-1.png","type":"image\/png"}],"twitter_card":"summary_large_image","twitter_misc":{"Tempo di lettura stimato":"4 minuti"},"schema":{"@context":"https:\/\/schema.org","@graph":[{"@type":"WebPage","@id":"https:\/\/megamillionsticketonline.com\/it\/","url":"https:\/\/megamillionsticketonline.com\/it\/","name":"Acquista un biglietto Mega Millions online e vinci enormi jackpot!","isPartOf":{"@id":"https:\/\/megamillionsticketonline.com\/it\/#website"},"primaryImageOfPage":{"@id":"https:\/\/megamillionsticketonline.com\/it\/#primaryimage"},"image":{"@id":"https:\/\/megamillionsticketonline.com\/it\/#primaryimage"},"thumbnailUrl":"https:\/\/megamillionsticketonline.com\/wp-content\/uploads\/2022\/03\/2020-landscape-1.png","datePublished":"2025-04-26T10:19:54+00:00","description":"Puoi acquistare un biglietto Mega Millions online, non importa dove vivi!","inLanguage":"it-IT","potentialAction":[{"@type":"ReadAction","target":["https:\/\/megamillionsticketonline.com\/it\/"]}]},{"@type":"ImageObject","inLanguage":"it-IT","@id":"https:\/\/megamillionsticketonline.com\/it\/#primaryimage","url":"https:\/\/megamillionsticketonline.com\/wp-content\/uploads\/2022\/03\/2020-landscape-1.png","contentUrl":"https:\/\/megamillionsticketonline.com\/wp-content\/uploads\/2022\/03\/2020-landscape-1.png","width":1200,"height":769},{"@type":"WebSite","@id":"https:\/\/megamillionsticketonline.com\/it\/#website","url":"https:\/\/megamillionsticketonline.com\/it\/","name":"","description":"","potentialAction":[{"@type":"SearchAction","target":{"@type":"EntryPoint","urlTemplate":"https:\/\/megamillionsticketonline.com\/it\/?s={search_term_string}"},"query-input":{"@type":"PropertyValueSpecification","valueRequired":true,"valueName":"search_term_string"}}],"inLanguage":"it-IT"}]}},"_links":{"self":[{"href":"https:\/\/megamillionsticketonline.com\/it\/wp-json\/wp\/v2\/pages\/232","targetHints":{"allow":["GET"]}}],"collection":[{"href":"https:\/\/megamillionsticketonline.com\/it\/wp-json\/wp\/v2\/pages"}],"about":[{"href":"https:\/\/megamillionsticketonline.com\/it\/wp-json\/wp\/v2\/types\/page"}],"author":[{"embeddable":true,"href":"https:\/\/megamillionsticketonline.com\/it\/wp-json\/wp\/v2\/users\/1"}],"replies":[{"embeddable":true,"href":"https:\/\/megamillionsticketonline.com\/it\/wp-json\/wp\/v2\/comments?post=232"}],"version-history":[{"count":0,"href":"https:\/\/megamillionsticketonline.com\/it\/wp-json\/wp\/v2\/pages\/232\/revisions"}],"wp:featuredmedia":[{"embeddable":true,"href":"https:\/\/megamillionsticketonline.com\/it\/wp-json\/wp\/v2\/media\/91"}],"wp:attachment":[{"href":"https:\/\/megamillionsticketonline.com\/it\/wp-json\/wp\/v2\/media?parent=232"}],"curies":[{"name":"wp","href":"https:\/\/api.w.org\/{rel}","templated":true}]}}