{"id":560,"date":"2025-08-23T22:33:23","date_gmt":"2025-08-23T21:33:23","guid":{"rendered":"https:\/\/megamillionsticketonline.com\/otthon\/"},"modified":"2025-08-23T22:33:23","modified_gmt":"2025-08-23T21:33:23","slug":"otthon","status":"publish","type":"page","link":"https:\/\/megamillionsticketonline.com\/hu\/","title":{"rendered":"Otthon"},"content":{"rendered":"<p>A Mega Millions Lotto az egyik legh\u00edresebb lott\u00f3 az Egyes\u00fclt \u00c1llamokban. T\u00f6bbf\u00e9le nyer\u00e9si m\u00f3dot k\u00edn\u00e1l, \u00e9s hatalmas jackpot nyerem\u00e9nyt k\u00edn\u00e1l, amely 10 \u00e9s 600 milli\u00f3 doll\u00e1r k\u00f6z\u00f6tt lehet! 2012-ben \u00f6sszesen nyolc ember nyerte meg a lott\u00f3 jackpotj\u00e1t. Azonban **a megd\u00f6bbent\u0151, 1550 milli\u00f3 doll\u00e1ros Mega Millions jackpotot** nyertek 2018-ban \u2013 ez vil\u00e1grekord a lott\u00f3nyerem\u00e9nyekben!<\/p>\n<p>A Mega Millions lott\u00f3 \u00e1ltal k\u00edn\u00e1lt jackpotok p\u00e1ratlanok, olyan nagys\u00e1grend\u0171ek, mint amit m\u00e1s lott\u00f3k k\u00edn\u00e1lnak a cs\u00facsid\u0151szakukban. B\u00e1r a j\u00e1t\u00e9kosok t\u00f6bbs\u00e9ge az Egyes\u00fclt \u00c1llamokb\u00f3l sz\u00e1rmazik, \u00e9s a lott\u00f3t az orsz\u00e1g lakosai sz\u00e1m\u00e1ra tervezt\u00e9k, a vil\u00e1g b\u00e1rmely pontj\u00e1r\u00f3l j\u00e1tszhat\u00f3! <strong><span style=\"text-decoration: underline;\"><a href=\"https:\/\/redfoxlotto.com\/?ref=A8564250A2&amp;medium=memicom\" target=\"_blank\" rel=\"noopener\">V\u00e1s\u00e1rolhatsz Mega Millions szelv\u00e9nyeket online a RedFoxLotto seg\u00edts\u00e9g\u00e9vel &#8211; kattints ide a megtekint\u00e9shez &#8211;<\/a><\/span><\/strong> ez a c\u00e9g felaj\u00e1nlja, hogy az USA-ban megv\u00e1s\u00e1rolja a szelv\u00e9nyeket az \u00d6n nev\u00e9ben, majd tov\u00e1bb\u00edtja azokat \u00d6nnek.<\/p>\n<p>Jegyszolg\u00e1ltat\u00e1sukkal mostant\u00f3l r\u00e9szt vehet <span style=\"text-decoration: underline;\"><a href=\"http:\/\/www.onlinelotto365.com\" target=\"_blank\" rel=\"noopener\">b\u00e1rmely nemzetk\u00f6zi online lott\u00f3n<\/a><\/span> &#8211; t\u00f6bb mint 30 nemzetk\u00f6zi lott\u00f3n k\u00edn\u00e1lj\u00e1k szolg\u00e1ltat\u00e1sukat. Ez sokkal nagyobb es\u00e9lyt ad arra, hogy hatalmas \u00f6sszegeket nyerjen a Mega Millions-on, mint a helyi lott\u00f3n.<\/p>\n<h2>Sz\u00f3val, hogyan is m\u0171k\u00f6dik?<\/h2>\n<p>Val\u00f3j\u00e1ban 5 egyszer\u0171 l\u00e9p\u00e9st kell v\u00e9grehajtania, \u00e9s e-mailben megkapja a Mega Millions lott\u00f3szelv\u00e9ny\u00e9t:<\/p>\n<ul>\n<li>V\u00e1lassza ki a Mega Millions lott\u00f3t az oldals\u00f3 oszlopban tal\u00e1lhat\u00f3 list\u00e1b\u00f3l, vagy kattintson a cikk feletti widgetre<\/li>\n<li>Adja meg a szerencsesz\u00e1mait, vagy hagyja, hogy a szoftver tegye meg ezt \u00d6n helyett (a v\u00e9letlensz\u00e1m-gener\u00e1tor, az \u00fagynevezett &#8222;Gyors V\u00e1laszt\u00e1s&#8221; seg\u00edts\u00e9g\u00e9vel)<\/li>\n<li>V\u00e1lassza ki a sorok \u00e9s sorsol\u00e1sok sz\u00e1m\u00e1t, amelyekre lott\u00f3szelv\u00e9nyt szeretne v\u00e1s\u00e1rolni<\/li>\n<li>Miut\u00e1n teljes\u00edtette a rendel\u00e9s\u00e9t, a RedFoxLotto egyik \u00fcgyn\u00f6ke megv\u00e1s\u00e1rolja a megrendelt szelv\u00e9nyt az \u00d6n nev\u00e9ben \u00e9s a nev\u00e9vel<\/li>\n<li>A szelv\u00e9ny\u00e9t k\u00e9s\u0151bb az \u00fcgyf\u00e9lfi\u00f3kj\u00e1ban tal\u00e1lja meg<\/li>\n<\/ul>\n<p>A RedFoxLotto szolg\u00e1ltat\u00e1sait vil\u00e1gszerte emberek milli\u00f3i haszn\u00e1lj\u00e1k. J\u00e1t\u00e9kosaik t\u00f6bb milli\u00f3 doll\u00e1rt nyertek, \u00e9s soha nem volt probl\u00e9m\u00e1juk a nyerem\u00e9nyek k\u00e9zbes\u00edt\u00e9s\u00e9vel. A szelv\u00e9nyen a kiv\u00e1lasztott sz\u00e1mok felett a teljes neve szerepel. A p\u00e9nzeszk\u00f6z\u00f6k el\u0151zetes \u00e9rtes\u00edt\u00e9s n\u00e9lk\u00fcli kifizet\u00e9se nem lehets\u00e9ges, pont.<\/p>\n<h2>A Mega Millions nem az egyetlen j\u00e1t\u00e9k, amelyre a RedFoxLotto lott\u00f3szelv\u00e9nyeket k\u00edn\u00e1l<\/h2>\n<p>R\u00e9szt vehet olyan lott\u00f3kon is, mint a PowerBall Lotto, az El Gordo, a Superenalotto, az Euro Millions Lottery \u00e9s sok m\u00e1s. A nagy el\u0151ny az, hogy amikor szerencs\u00e9snek \u00e9rzi mag\u00e1t, mindig tal\u00e1l legal\u00e1bb egy vagy t\u00f6bb lott\u00f3 jackpotot, ami igaz\u00e1n nagy. Ha a nagyobb nyerem\u00e9ny\u00e9rt j\u00e1tszik an\u00e9lk\u00fcl, hogy t\u00f6bbet fizetne a szelv\u00e9ny\u00e9rt (\u00f6sszehasonl\u00edtva egy kisebb jackpottal rendelkez\u0151 lott\u00f3val), akkor megn\u0151 az es\u00e9lye a nagy p\u00e9nz megnyer\u00e9s\u00e9re!<\/p>\n<h2>Mega Millions Lott\u00f3 nyerem\u00e9nysorsol\u00e1sok<\/h2>\n<p>A nyerem\u00e9nysorsol\u00e1sokat hetente k\u00e9t napon tartj\u00e1k \u2013 minden kedden \u00e9s p\u00e9nteken 23:00 \u00f3rakor (keleti id\u0151 szerint). Minden alkalommal 5 feh\u00e9r goly\u00f3t h\u00faznak ki egy dobb\u00f3l, amely \u00f6sszesen 59 goly\u00f3t tartalmaz. Ezenk\u00edv\u00fcl egy sz\u00e1mot h\u00faznak ki egy 46 s\u00e1rga goly\u00f3b\u00f3l \u00e1ll\u00f3 dobb\u00f3l. A s\u00e1rga goly\u00f3kat &#8222;MegaBalls&#8221;-nak is nevezik.<\/p>\n<p>A sorsol\u00e1sokat a Georgia \u00e1llambeli Atlant\u00e1ban tal\u00e1lhat\u00f3 WSB-TV k\u00f6zvet\u00edti. Nem kell agg\u00f3dnia amiatt, hogy lemarad a nyerem\u00e9ny\u00e9r\u0151l, miut\u00e1n online v\u00e1s\u00e1rolt Mega Millions szelv\u00e9nyt &#8211; a RedFoxLotto szolg\u00e1ltat\u00e1sai k\u00f6z\u00f6tt szerepel az e-mailben t\u00f6rt\u00e9n\u0151 nyerem\u00e9ny\u00e9rtes\u00edt\u00e9s!<\/p>\n<h2>Nyer\u00e9si m\u00f3dok<\/h2>\n<p>A Mega Millions 9 k\u00fcl\u00f6nb\u00f6z\u0151 nyerem\u00e9nyszintet k\u00edn\u00e1l. A jackpot, m\u00e1s n\u00e9ven a F\u0151nyerem\u00e9ny megnyer\u00e9s\u00e9hez el kell tal\u00e1lnia az 5 feh\u00e9r goly\u00f3s sz\u00e1mot, valamint a Mega goly\u00f3t. Ennek es\u00e9lye k\u00f6r\u00fclbel\u00fcl 1 a 175 711 536,0000-hez. Amint l\u00e1thatja, ez kicsi az es\u00e9ly, de nem lehetetlen. V\u00e9g\u00fcl is valakinek meg kell nyernie a lott\u00f3t, igaz?<\/p>\n<p>Az \u00e1tlagos f\u0151nyerem\u00e9ny k\u00f6r\u00fclbel\u00fcl 60 milli\u00f3 doll\u00e1r, \u00e9s ha nyer, a lott\u00f3nyerem\u00e9nyt t\u00f6bb \u00e9ven kereszt\u00fcl fizetik ki \u00d6nnek. Alternat\u00edv megold\u00e1sk\u00e9nt v\u00e1laszthatja azt is, hogy a nyerem\u00e9nyt teljes eg\u00e9sz\u00e9ben, egy \u00f6sszegben kapja meg, de akkor a kifizet\u00e9s valamivel alacsonyabb lesz.<\/p>\n<p>A f\u0151d\u00edj mellett tov\u00e1bbi 8 nyerem\u00e9ny is megnyerhet\u0151 a Megamillions lott\u00f3n. B\u00e1rmelyik nyerem\u00e9ny elnyer\u00e9s\u00e9nek \u00f6sszes\u00edtett es\u00e9lye 1 a 39,89-hez.<\/p>\n<p>Az al\u00e1bbiakban megtal\u00e1lja a lehets\u00e9ges Mega Millions p\u00e9nznyerem\u00e9nyekr\u0151l \u00e9s a megnyer\u00e9s\u00fck felt\u00e9teleir\u0151l sz\u00f3l\u00f3 teljes \u00e1ttekint\u00e9st:<\/p>\n<ul>\n<li>5 Feh\u00e9r Goly\u00f3 + A Mega Goly\u00f3 \u2013 A F\u0151nyerem\u00e9ny (Jackpot)<\/li>\n<li>5 Feh\u00e9r Goly\u00f3 &#8211; \u00a0250 000 $<\/li>\n<li>4 Feh\u00e9r Goly\u00f3 + A Mega Goly\u00f3 &#8211; 10 000 $<\/li>\n<li>4 Feh\u00e9r Goly\u00f3 &#8211; 150 $<\/li>\n<li>3 Feh\u00e9r Goly\u00f3 + A Mega Goly\u00f3 &#8211; 150 $<\/li>\n<li>3 Feh\u00e9r Goly\u00f3 &#8211; \u00a07 $<\/li>\n<li>2 Feh\u00e9r Goly\u00f3 + A Mega Goly\u00f3 &#8211; 10 $<\/li>\n<li>1 Feh\u00e9r Goly\u00f3 + A Mega Goly\u00f3 &#8211;\u00a03 $<\/li>\n<li>A Mega Goly\u00f3 \u00f6nmag\u00e1ban &#8211; 2 $<\/li>\n<\/ul>\n<p>A Mega Millions Lotto egy tov\u00e1bbi funkci\u00f3t is k\u00edn\u00e1l \u2013 a MegaPlier-t. Minden sorsol\u00e1s el\u0151tt egy MegaPlier ker\u00fcl megrendez\u00e9sre.Az r szorz\u00f3t v\u00e1lasztj\u00e1k ki a k\u00f6vetkez\u0151 sorsol\u00e1sra, ami lehet 2x 3x vagy 4x. Ezt a szorz\u00f3t ezut\u00e1n az \u00f6sszes megnyert nyerem\u00e9nyre alkalmazz\u00e1k, kiv\u00e9ve a jackpotot. Ahhoz, hogy kihaszn\u00e1lhassa ezt a funkci\u00f3t, 1 doll\u00e1rt kell hozz\u00e1adnia a szelv\u00e9ny v\u00e1s\u00e1rl\u00e1sakor.<\/p>\n<h2>J\u00e1tszhatok Mega Millions lott\u00f3n az orsz\u00e1gomb\u00f3l?<\/h2>\n<p>A Mega Millions szelv\u00e9nyek jelenleg hagyom\u00e1nyos m\u00f3don v\u00e1s\u00e1rolhat\u00f3k meg az USA 42 \u00e1llam\u00e1ban, ami azt jelenti, hogy b\u00e1rmelyik helyi lott\u00f3\u00e1rusn\u00e1l v\u00e1s\u00e1rolhat szelv\u00e9nyt. Azonban a vil\u00e1g b\u00e1rmely m\u00e1s pontj\u00e1r\u00f3l is j\u00e1tszhat ezen a lott\u00f3n. Ezt a RedFoxLotto seg\u00edts\u00e9g\u00e9vel teheti meg, ahol online v\u00e1s\u00e1rolhat szelv\u00e9nyeket a bolyg\u00f3 \u00f6sszes legn\u00e9pszer\u0171bb lott\u00f3j\u00e1ra, bele\u00e9rtve a Megamillions lott\u00f3szelv\u00e9nyeket is.<\/p>\n","protected":false},"excerpt":{"rendered":"<p>A Mega Millions Lotto az egyik legh\u00edresebb lott\u00f3 az Egyes\u00fclt \u00c1llamokban. T\u00f6bbf\u00e9le nyer\u00e9si m\u00f3dot k\u00edn\u00e1l, \u00e9s hatalmas jackpot nyerem\u00e9nyt k\u00edn\u00e1l, amely 10 \u00e9s 600 milli\u00f3 doll\u00e1r k\u00f6z\u00f6tt lehet! 2012-ben \u00f6sszesen nyolc ember nyerte meg a lott\u00f3 jackpotj\u00e1t. Azonban **a megd\u00f6bbent\u0151, 1550 milli\u00f3 doll\u00e1ros Mega Millions jackpotot** nyertek 2018-ban \u2013 ez vil\u00e1grekord a lott\u00f3nyerem\u00e9nyekben! A Mega&hellip;<\/p>\n","protected":false},"author":1,"featured_media":561,"parent":0,"menu_order":1,"comment_status":"closed","ping_status":"closed","template":"","meta":{"footnotes":""},"class_list":["post-560","page","type-page","status-publish","has-post-thumbnail","hentry"],"yoast_head":"<!-- This site is optimized with the Yoast SEO plugin v25.9 - https:\/\/yoast.com\/wordpress\/plugins\/seo\/ -->\n<title>Szerezz Mega Millions szelv\u00e9nyt online \u00e9s nyerj hatalmas jackpotokat!<\/title>\n<meta name=\"description\" content=\"Online is v\u00e1s\u00e1rolhatsz Mega Millions szelv\u00e9nyt - Nem sz\u00e1m\u00edt, hol laksz!\" \/>\n<meta name=\"robots\" content=\"index, follow, max-snippet:-1, max-image-preview:large, max-video-preview:-1\" \/>\n<link rel=\"canonical\" href=\"https:\/\/megamillionsticketonline.com\/hu\/\" \/>\n<meta property=\"og:locale\" content=\"hu_HU\" \/>\n<meta property=\"og:type\" content=\"article\" \/>\n<meta property=\"og:title\" content=\"Szerezz Mega Millions szelv\u00e9nyt online \u00e9s nyerj hatalmas jackpotokat!\" \/>\n<meta property=\"og:description\" content=\"Online is v\u00e1s\u00e1rolhatsz Mega Millions szelv\u00e9nyt - Nem sz\u00e1m\u00edt, hol laksz!\" \/>\n<meta property=\"og:url\" content=\"https:\/\/megamillionsticketonline.com\/hu\/\" \/>\n<meta property=\"og:image\" content=\"https:\/\/megamillionsticketonline.com\/wp-content\/uploads\/2022\/03\/2020-landscape-1.png\" \/>\n\t<meta property=\"og:image:width\" content=\"1200\" \/>\n\t<meta property=\"og:image:height\" content=\"769\" \/>\n\t<meta property=\"og:image:type\" content=\"image\/png\" \/>\n<meta name=\"twitter:card\" content=\"summary_large_image\" \/>\n<meta name=\"twitter:label1\" content=\"Becs\u00fclt olvas\u00e1si id\u0151\" \/>\n\t<meta name=\"twitter:data1\" content=\"5 perc\" \/>\n<script type=\"application\/ld+json\" class=\"yoast-schema-graph\">{\"@context\":\"https:\/\/schema.org\",\"@graph\":[{\"@type\":\"WebPage\",\"@id\":\"https:\/\/megamillionsticketonline.com\/hu\/\",\"url\":\"https:\/\/megamillionsticketonline.com\/hu\/\",\"name\":\"Szerezz Mega Millions szelv\u00e9nyt online \u00e9s nyerj hatalmas jackpotokat!\",\"isPartOf\":{\"@id\":\"https:\/\/megamillionsticketonline.com\/hu\/#website\"},\"primaryImageOfPage\":{\"@id\":\"https:\/\/megamillionsticketonline.com\/hu\/#primaryimage\"},\"image\":{\"@id\":\"https:\/\/megamillionsticketonline.com\/hu\/#primaryimage\"},\"thumbnailUrl\":\"https:\/\/megamillionsticketonline.com\/wp-content\/uploads\/2022\/03\/2020-landscape-1.png\",\"datePublished\":\"2025-08-23T21:33:23+00:00\",\"description\":\"Online is v\u00e1s\u00e1rolhatsz Mega Millions szelv\u00e9nyt - Nem sz\u00e1m\u00edt, hol laksz!\",\"inLanguage\":\"hu\",\"potentialAction\":[{\"@type\":\"ReadAction\",\"target\":[\"https:\/\/megamillionsticketonline.com\/hu\/\"]}]},{\"@type\":\"ImageObject\",\"inLanguage\":\"hu\",\"@id\":\"https:\/\/megamillionsticketonline.com\/hu\/#primaryimage\",\"url\":\"https:\/\/megamillionsticketonline.com\/wp-content\/uploads\/2022\/03\/2020-landscape-1.png\",\"contentUrl\":\"https:\/\/megamillionsticketonline.com\/wp-content\/uploads\/2022\/03\/2020-landscape-1.png\",\"width\":1200,\"height\":769},{\"@type\":\"WebSite\",\"@id\":\"https:\/\/megamillionsticketonline.com\/hu\/#website\",\"url\":\"https:\/\/megamillionsticketonline.com\/hu\/\",\"name\":\"\",\"description\":\"\",\"potentialAction\":[{\"@type\":\"SearchAction\",\"target\":{\"@type\":\"EntryPoint\",\"urlTemplate\":\"https:\/\/megamillionsticketonline.com\/hu\/?s={search_term_string}\"},\"query-input\":{\"@type\":\"PropertyValueSpecification\",\"valueRequired\":true,\"valueName\":\"search_term_string\"}}],\"inLanguage\":\"hu\"}]}<\/script>\n<!-- \/ Yoast SEO plugin. -->","yoast_head_json":{"title":"Szerezz Mega Millions szelv\u00e9nyt online \u00e9s nyerj hatalmas jackpotokat!","description":"Online is v\u00e1s\u00e1rolhatsz Mega Millions szelv\u00e9nyt - Nem sz\u00e1m\u00edt, hol laksz!","robots":{"index":"index","follow":"follow","max-snippet":"max-snippet:-1","max-image-preview":"max-image-preview:large","max-video-preview":"max-video-preview:-1"},"canonical":"https:\/\/megamillionsticketonline.com\/hu\/","og_locale":"hu_HU","og_type":"article","og_title":"Szerezz Mega Millions szelv\u00e9nyt online \u00e9s nyerj hatalmas jackpotokat!","og_description":"Online is v\u00e1s\u00e1rolhatsz Mega Millions szelv\u00e9nyt - Nem sz\u00e1m\u00edt, hol laksz!","og_url":"https:\/\/megamillionsticketonline.com\/hu\/","og_image":[{"width":1200,"height":769,"url":"https:\/\/megamillionsticketonline.com\/wp-content\/uploads\/2022\/03\/2020-landscape-1.png","type":"image\/png"}],"twitter_card":"summary_large_image","twitter_misc":{"Becs\u00fclt olvas\u00e1si id\u0151":"5 perc"},"schema":{"@context":"https:\/\/schema.org","@graph":[{"@type":"WebPage","@id":"https:\/\/megamillionsticketonline.com\/hu\/","url":"https:\/\/megamillionsticketonline.com\/hu\/","name":"Szerezz Mega Millions szelv\u00e9nyt online \u00e9s nyerj hatalmas jackpotokat!","isPartOf":{"@id":"https:\/\/megamillionsticketonline.com\/hu\/#website"},"primaryImageOfPage":{"@id":"https:\/\/megamillionsticketonline.com\/hu\/#primaryimage"},"image":{"@id":"https:\/\/megamillionsticketonline.com\/hu\/#primaryimage"},"thumbnailUrl":"https:\/\/megamillionsticketonline.com\/wp-content\/uploads\/2022\/03\/2020-landscape-1.png","datePublished":"2025-08-23T21:33:23+00:00","description":"Online is v\u00e1s\u00e1rolhatsz Mega Millions szelv\u00e9nyt - Nem sz\u00e1m\u00edt, hol laksz!","inLanguage":"hu","potentialAction":[{"@type":"ReadAction","target":["https:\/\/megamillionsticketonline.com\/hu\/"]}]},{"@type":"ImageObject","inLanguage":"hu","@id":"https:\/\/megamillionsticketonline.com\/hu\/#primaryimage","url":"https:\/\/megamillionsticketonline.com\/wp-content\/uploads\/2022\/03\/2020-landscape-1.png","contentUrl":"https:\/\/megamillionsticketonline.com\/wp-content\/uploads\/2022\/03\/2020-landscape-1.png","width":1200,"height":769},{"@type":"WebSite","@id":"https:\/\/megamillionsticketonline.com\/hu\/#website","url":"https:\/\/megamillionsticketonline.com\/hu\/","name":"","description":"","potentialAction":[{"@type":"SearchAction","target":{"@type":"EntryPoint","urlTemplate":"https:\/\/megamillionsticketonline.com\/hu\/?s={search_term_string}"},"query-input":{"@type":"PropertyValueSpecification","valueRequired":true,"valueName":"search_term_string"}}],"inLanguage":"hu"}]}},"_links":{"self":[{"href":"https:\/\/megamillionsticketonline.com\/hu\/wp-json\/wp\/v2\/pages\/560","targetHints":{"allow":["GET"]}}],"collection":[{"href":"https:\/\/megamillionsticketonline.com\/hu\/wp-json\/wp\/v2\/pages"}],"about":[{"href":"https:\/\/megamillionsticketonline.com\/hu\/wp-json\/wp\/v2\/types\/page"}],"author":[{"embeddable":true,"href":"https:\/\/megamillionsticketonline.com\/hu\/wp-json\/wp\/v2\/users\/1"}],"replies":[{"embeddable":true,"href":"https:\/\/megamillionsticketonline.com\/hu\/wp-json\/wp\/v2\/comments?post=560"}],"version-history":[{"count":0,"href":"https:\/\/megamillionsticketonline.com\/hu\/wp-json\/wp\/v2\/pages\/560\/revisions"}],"wp:featuredmedia":[{"embeddable":true,"href":"https:\/\/megamillionsticketonline.com\/hu\/wp-json\/wp\/v2\/media\/561"}],"wp:attachment":[{"href":"https:\/\/megamillionsticketonline.com\/hu\/wp-json\/wp\/v2\/media?parent=560"}],"curies":[{"name":"wp","href":"https:\/\/api.w.org\/{rel}","templated":true}]}}