{"id":554,"date":"2025-08-23T22:28:28","date_gmt":"2025-08-23T21:28:28","guid":{"rendered":"https:\/\/megamillionsticketonline.com\/dom\/"},"modified":"2025-08-23T22:28:28","modified_gmt":"2025-08-23T21:28:28","slug":"dom","status":"publish","type":"page","link":"https:\/\/megamillionsticketonline.com\/hr\/","title":{"rendered":"Dom"},"content":{"rendered":"<p>Mega Millions Lotto jedna je od najpoznatijih lutrija u SAD-u. Nudi nekoliko na\u010dina za pobjedu i OGROMNU nagradu Jackpot, koja mo\u017ee iznositi od 10 do 600 MILIJUNA DOLARA! U 2012. godini ukupno je osam ljudi osvojilo jackpot na ovoj lutriji. Me\u0111utim, **zapanjuju\u0107i jackpot Mega Millionsa od 1550 milijuna dolara osvojen je 2018. godine** &#8211; svjetski rekord za nagradu na lutriji!<\/p>\n<p>Jackpotovi koje nudi lutrija Mega Millions su nenadma\u0161ni, po\u010dinju od veli\u010dine koja je jednaka onome \u0161to druge lutrije nude u svojim vrhunskim vremenima. Iako je najve\u0107i broj igra\u010da iz SAD-a, a lutrija je namijenjena stanovnicima ove zemlje, mogu\u0107e ju je igrati s bilo kojeg mjesta u svijetu! <strong><span style=\"text-decoration: underline;\"><a href=\"https:\/\/redfoxlotto.com\/?ref=A8564250A2&amp;medium=memicom\" target=\"_blank\" rel=\"noopener\">Ulaznice za Mega Millions mo\u017eete kupiti online uz pomo\u0107 RedFoxLotta &#8211; kliknite ovdje za posjet &#8211;<\/a><\/span><\/strong> ova tvrtka nudi kupnju ulaznica u va\u0161e ime u SAD-u, a zatim vam ih proslje\u0111uje.<\/p>\n<p>S njihovom uslugom prodaje ulaznica sada mo\u017eete sudjelovati u <span style=\"text-decoration: underline;\"><a href=\"http:\/\/www.onlinelotto365.com\" target=\"_blank\" rel=\"noopener\">bilo kojoj me\u0111unarodnoj online lutriji<\/a><\/span> &#8211; nude svoju uslugu za vi\u0161e od 30 me\u0111unarodnih lutrija. To vam daje puno ve\u0107u \u0161ansu da osvojite ogromne koli\u010dine novca na Mega Millionsu u usporedbi s va\u0161im lokalnim lotom.<\/p>\n<h2>Dakle, kako to funkcionira?<\/h2>\n<p>Zapravo postoji 5 jednostavnih koraka koje trebate napraviti i primit \u0107ete svoju loto kartu Mega Millions e-po\u0161tom:<\/p>\n<ul>\n<li>Odaberite lutriju Mega Millions s popisa u bo\u010dnom stupcu ili kliknite widget iznad ovog \u010dlanka<\/li>\n<li>Unesite svoje sretne brojeve ili pustite da softver to u\u010dini za vas (pomo\u0107u generatora slu\u010dajnih brojeva, tzv. &#8220;Brzi odabir&#8221;)<\/li>\n<li>Odaberite broj linija i izvla\u010denja za koje \u017eelite kupiti loto kartu<\/li>\n<li>Nakon \u0161to dovr\u0161ite narud\u017ebu, agent iz RedFoxLotta \u0107e zatim kupiti kartu koju ste naru\u010dili, u va\u0161e ime i s va\u0161im imenom na njoj<\/li>\n<li>Kasnije \u0107ete svoju kartu prona\u0107i na svom korisni\u010dkom ra\u010dunu<\/li>\n<\/ul>\n<p>Usluge RedFoxLotta koriste milijuni ljudi diljem svijeta. Njihovi igra\u010di osvojili su milijune dolara i nikada nisu imali problema s dostavom svojih nagrada. Karta prikazuje va\u0161e puno ime, iznad odabranih brojeva. Isplata sredstava bez va\u0161e obavijesti nije mogu\u0107a, to\u010dka.<\/p>\n<h2>Mega Millions nije jedina igra za koju RedFoxLotto nudi lutrijske karte<\/h2>\n<p>Mo\u017eete sudjelovati i u lutrijama kao \u0161to su PowerBall Lotto, El Gordo, SuperEnalotto, Euro Millions Lottery i mnoge druge. Velika prednost je \u0161to \u0107ete, kad god imate sre\u0107e, uvijek prona\u0107i barem jedan ili nekoliko loto jackpotova koji su stvarno veliki. Igranje za ve\u0107u nagradu bez pla\u0107anja vi\u0161e za kartu (u usporedbi s lutrijom s manjim jackpotom) pove\u0107ava va\u0161e matemati\u010dke \u0161anse za osvajanje velikog novca!<\/p>\n<h2>Izvla\u010denja nagrada lutrije Mega Millions<\/h2>\n<p>Izvla\u010denja nagrada za ovaj doga\u0111aj odr\u017eavaju se dva dana u tjednu &#8211; svakog utorka i petka u 23:00 sata po isto\u010dnom vremenu. Svaki put se iz bubnja izvla\u010di 5 bijelih kuglica, \u0161to ukupno sadr\u017ei 59 kuglica. Osim toga, izvla\u010di se jedan broj iz bubnja s 46 \u017eutih kuglica. \u017dute kuglice poznate su i kao &#8221;MegaBalls&#8221;.<\/p>\n<p>Izvla\u010denja prenosi WSB-TV, koji se nalazi u Georgiji, Atlanta. Ne morate brinuti da \u0107ete propustiti svoje dobitke nakon \u0161to kupite Mega Millions tiket online &#8211; obavijest o dobitku putem e-po\u0161te uklju\u010dena je u usluge RedFoxLotto!<\/p>\n<h2>Na\u010dini za pobjedu<\/h2>\n<p>Mega Millions nudi 9 razli\u010ditih razina nagrada. Da biste osvojili jackpot, poznat i kao Velika nagrada, morat \u0107ete pogoditi 5 brojeva bijelih kuglica, kao i Mega kuglicu. Izgledi da se to dogodi su oko 1 prema 175.711.536.0000. Kao \u0161to vidite, to su male \u0161anse, ali ne i nemogu\u0107e. Uostalom, netko mora osvojiti lutriju, zar ne?<\/p>\n<p>Prosje\u010dna Velika nagrada iznosi oko 60 milijuna dolara, a u slu\u010daju da pobijedite, va\u0161a loto nagrada bit \u0107e vam ispla\u0107ena tijekom nekoliko godina. Alternativno, mo\u017eete odabrati da primite svoju nagradu u cijelosti u jednokratnom iznosu, ali tada \u0107e isplata biti ne\u0161to ni\u017ea.<\/p>\n<p>Osim glavne nagrade, u Megamillionsu mo\u017eete osvojiti jo\u0161 8 nagrada. Ukupne \u0161anse za osvajanje bilo koje nagrade su 1 prema 39,89.<\/p>\n<p>U nastavku prona\u0111ite potpuni pregled mogu\u0107ih nov\u010danih nagrada Mega Millionsa i uvjeta za njihovo osvajanje:<\/p>\n<ul>\n<li>5 bijelih kuglica + Mega kuglica \u2013 Glavna nagrada (Jackpot)<\/li>\n<li>5 bijelih kuglica &#8211; 250.000 USD<\/li>\n<li>4 bijele kuglice + Mega kuglica &#8211; 10.000 USD<\/li>\n<li>4 bijele kuglice &#8211; 150 USD<\/li>\n<li>3 bijele kuglice + Mega kuglica &#8211; 150 USD<\/li>\n<li>3 bijele kuglice &#8211; 7 USD<\/li>\n<li>2 bijele kuglice + Mega kuglica &#8211; 10 USD<\/li>\n<li>1 bijela kuglica + Mega kuglica &#8211; 3 USD<\/li>\n<li>Samo Mega kuglica &#8211; 2 USD<\/li>\n<\/ul>\n<p>Mega Millions Lotto tako\u0111er nudi dodatnu zna\u010dajku \u2013 MegaPlie. Prije svakog izvla\u010denja, MegaPlier se odabire za sljede\u0107e izvla\u010denje, koje mo\u017ee biti 2x 3x ili 4x. Ovaj mno\u017eitelj se zatim primjenjuje na sve osvojene nagrade, osim na jackpot. Da biste iskoristili ovu zna\u010dajku, morat \u0107ete dodati 1 USD prilikom kupnje listi\u0107a.<\/p>\n<h2>Mogu li igrati Mega Millions iz svoje zemlje?<\/h2>\n<p>Listi\u0107i za Mega Millions trenutno se mogu kupiti na tradicionalan na\u010din u 42 savezne dr\u017eave SAD-a, \u0161to zna\u010di da listi\u0107e mo\u017eete kupiti kod bilo kojeg lokalnog prodava\u010da lutrije. Me\u0111utim, ovu lutriju mo\u017eete igrati i s bilo kojeg drugog mjesta u svijetu. To mo\u017eete u\u010diniti putem RedFoxLotta, gdje mo\u017eete kupiti listi\u0107e online za sve najpopularnije lutrije na Planetu, uklju\u010duju\u0107i listi\u0107e za lutriju Megamillions.<\/p>\n","protected":false},"excerpt":{"rendered":"<p>Mega Millions Lotto jedna je od najpoznatijih lutrija u SAD-u. Nudi nekoliko na\u010dina za pobjedu i OGROMNU nagradu Jackpot, koja mo\u017ee iznositi od 10 do 600 MILIJUNA DOLARA! U 2012. godini ukupno je osam ljudi osvojilo jackpot na ovoj lutriji. Me\u0111utim, **zapanjuju\u0107i jackpot Mega Millionsa od 1550 milijuna dolara osvojen je 2018. godine** &#8211; svjetski&hellip;<\/p>\n","protected":false},"author":1,"featured_media":555,"parent":0,"menu_order":1,"comment_status":"closed","ping_status":"closed","template":"","meta":{"footnotes":""},"class_list":["post-554","page","type-page","status-publish","has-post-thumbnail","hentry"],"yoast_head":"<!-- This site is optimized with the Yoast SEO plugin v25.9 - https:\/\/yoast.com\/wordpress\/plugins\/seo\/ -->\n<title>Nabavite Mega Millions tiket online i osvojite ogromne jackpotove!<\/title>\n<meta name=\"description\" content=\"Mo\u017eete kupiti listi\u0107 za Mega Millions online - Nije va\u017eno gdje \u017eivite!\" \/>\n<meta name=\"robots\" content=\"index, follow, max-snippet:-1, max-image-preview:large, max-video-preview:-1\" \/>\n<link rel=\"canonical\" href=\"https:\/\/megamillionsticketonline.com\/hr\/\" \/>\n<meta property=\"og:locale\" content=\"hr_HR\" \/>\n<meta property=\"og:type\" content=\"article\" \/>\n<meta property=\"og:title\" content=\"Nabavite Mega Millions tiket online i osvojite ogromne jackpotove!\" \/>\n<meta property=\"og:description\" content=\"Mo\u017eete kupiti listi\u0107 za Mega Millions online - Nije va\u017eno gdje \u017eivite!\" \/>\n<meta property=\"og:url\" content=\"https:\/\/megamillionsticketonline.com\/hr\/\" \/>\n<meta property=\"og:image\" content=\"https:\/\/megamillionsticketonline.com\/wp-content\/uploads\/2022\/03\/2020-landscape-1.png\" \/>\n\t<meta property=\"og:image:width\" content=\"1200\" \/>\n\t<meta property=\"og:image:height\" content=\"769\" \/>\n\t<meta property=\"og:image:type\" content=\"image\/png\" \/>\n<meta name=\"twitter:card\" content=\"summary_large_image\" \/>\n<meta name=\"twitter:label1\" content=\"Procijenjeno vrijeme \u010ditanja\" \/>\n\t<meta name=\"twitter:data1\" content=\"4 minute\" \/>\n<script type=\"application\/ld+json\" class=\"yoast-schema-graph\">{\"@context\":\"https:\/\/schema.org\",\"@graph\":[{\"@type\":\"WebPage\",\"@id\":\"https:\/\/megamillionsticketonline.com\/hr\/\",\"url\":\"https:\/\/megamillionsticketonline.com\/hr\/\",\"name\":\"Nabavite Mega Millions tiket online i osvojite ogromne jackpotove!\",\"isPartOf\":{\"@id\":\"https:\/\/megamillionsticketonline.com\/hr\/#website\"},\"primaryImageOfPage\":{\"@id\":\"https:\/\/megamillionsticketonline.com\/hr\/#primaryimage\"},\"image\":{\"@id\":\"https:\/\/megamillionsticketonline.com\/hr\/#primaryimage\"},\"thumbnailUrl\":\"https:\/\/megamillionsticketonline.com\/wp-content\/uploads\/2022\/03\/2020-landscape-1.png\",\"datePublished\":\"2025-08-23T21:28:28+00:00\",\"description\":\"Mo\u017eete kupiti listi\u0107 za Mega Millions online - Nije va\u017eno gdje \u017eivite!\",\"inLanguage\":\"hr\",\"potentialAction\":[{\"@type\":\"ReadAction\",\"target\":[\"https:\/\/megamillionsticketonline.com\/hr\/\"]}]},{\"@type\":\"ImageObject\",\"inLanguage\":\"hr\",\"@id\":\"https:\/\/megamillionsticketonline.com\/hr\/#primaryimage\",\"url\":\"https:\/\/megamillionsticketonline.com\/wp-content\/uploads\/2022\/03\/2020-landscape-1.png\",\"contentUrl\":\"https:\/\/megamillionsticketonline.com\/wp-content\/uploads\/2022\/03\/2020-landscape-1.png\",\"width\":1200,\"height\":769},{\"@type\":\"WebSite\",\"@id\":\"https:\/\/megamillionsticketonline.com\/hr\/#website\",\"url\":\"https:\/\/megamillionsticketonline.com\/hr\/\",\"name\":\"\",\"description\":\"\",\"potentialAction\":[{\"@type\":\"SearchAction\",\"target\":{\"@type\":\"EntryPoint\",\"urlTemplate\":\"https:\/\/megamillionsticketonline.com\/hr\/?s={search_term_string}\"},\"query-input\":{\"@type\":\"PropertyValueSpecification\",\"valueRequired\":true,\"valueName\":\"search_term_string\"}}],\"inLanguage\":\"hr\"}]}<\/script>\n<!-- \/ Yoast SEO plugin. -->","yoast_head_json":{"title":"Nabavite Mega Millions tiket online i osvojite ogromne jackpotove!","description":"Mo\u017eete kupiti listi\u0107 za Mega Millions online - Nije va\u017eno gdje \u017eivite!","robots":{"index":"index","follow":"follow","max-snippet":"max-snippet:-1","max-image-preview":"max-image-preview:large","max-video-preview":"max-video-preview:-1"},"canonical":"https:\/\/megamillionsticketonline.com\/hr\/","og_locale":"hr_HR","og_type":"article","og_title":"Nabavite Mega Millions tiket online i osvojite ogromne jackpotove!","og_description":"Mo\u017eete kupiti listi\u0107 za Mega Millions online - Nije va\u017eno gdje \u017eivite!","og_url":"https:\/\/megamillionsticketonline.com\/hr\/","og_image":[{"width":1200,"height":769,"url":"https:\/\/megamillionsticketonline.com\/wp-content\/uploads\/2022\/03\/2020-landscape-1.png","type":"image\/png"}],"twitter_card":"summary_large_image","twitter_misc":{"Procijenjeno vrijeme \u010ditanja":"4 minute"},"schema":{"@context":"https:\/\/schema.org","@graph":[{"@type":"WebPage","@id":"https:\/\/megamillionsticketonline.com\/hr\/","url":"https:\/\/megamillionsticketonline.com\/hr\/","name":"Nabavite Mega Millions tiket online i osvojite ogromne jackpotove!","isPartOf":{"@id":"https:\/\/megamillionsticketonline.com\/hr\/#website"},"primaryImageOfPage":{"@id":"https:\/\/megamillionsticketonline.com\/hr\/#primaryimage"},"image":{"@id":"https:\/\/megamillionsticketonline.com\/hr\/#primaryimage"},"thumbnailUrl":"https:\/\/megamillionsticketonline.com\/wp-content\/uploads\/2022\/03\/2020-landscape-1.png","datePublished":"2025-08-23T21:28:28+00:00","description":"Mo\u017eete kupiti listi\u0107 za Mega Millions online - Nije va\u017eno gdje \u017eivite!","inLanguage":"hr","potentialAction":[{"@type":"ReadAction","target":["https:\/\/megamillionsticketonline.com\/hr\/"]}]},{"@type":"ImageObject","inLanguage":"hr","@id":"https:\/\/megamillionsticketonline.com\/hr\/#primaryimage","url":"https:\/\/megamillionsticketonline.com\/wp-content\/uploads\/2022\/03\/2020-landscape-1.png","contentUrl":"https:\/\/megamillionsticketonline.com\/wp-content\/uploads\/2022\/03\/2020-landscape-1.png","width":1200,"height":769},{"@type":"WebSite","@id":"https:\/\/megamillionsticketonline.com\/hr\/#website","url":"https:\/\/megamillionsticketonline.com\/hr\/","name":"","description":"","potentialAction":[{"@type":"SearchAction","target":{"@type":"EntryPoint","urlTemplate":"https:\/\/megamillionsticketonline.com\/hr\/?s={search_term_string}"},"query-input":{"@type":"PropertyValueSpecification","valueRequired":true,"valueName":"search_term_string"}}],"inLanguage":"hr"}]}},"_links":{"self":[{"href":"https:\/\/megamillionsticketonline.com\/hr\/wp-json\/wp\/v2\/pages\/554","targetHints":{"allow":["GET"]}}],"collection":[{"href":"https:\/\/megamillionsticketonline.com\/hr\/wp-json\/wp\/v2\/pages"}],"about":[{"href":"https:\/\/megamillionsticketonline.com\/hr\/wp-json\/wp\/v2\/types\/page"}],"author":[{"embeddable":true,"href":"https:\/\/megamillionsticketonline.com\/hr\/wp-json\/wp\/v2\/users\/1"}],"replies":[{"embeddable":true,"href":"https:\/\/megamillionsticketonline.com\/hr\/wp-json\/wp\/v2\/comments?post=554"}],"version-history":[{"count":0,"href":"https:\/\/megamillionsticketonline.com\/hr\/wp-json\/wp\/v2\/pages\/554\/revisions"}],"wp:featuredmedia":[{"embeddable":true,"href":"https:\/\/megamillionsticketonline.com\/hr\/wp-json\/wp\/v2\/media\/555"}],"wp:attachment":[{"href":"https:\/\/megamillionsticketonline.com\/hr\/wp-json\/wp\/v2\/media?parent=554"}],"curies":[{"name":"wp","href":"https:\/\/api.w.org\/{rel}","templated":true}]}}