{"id":230,"date":"2025-04-26T11:17:31","date_gmt":"2025-04-26T10:17:31","guid":{"rendered":"https:\/\/megamillionsticketonline.com\/maison\/"},"modified":"2025-04-26T11:17:31","modified_gmt":"2025-04-26T10:17:31","slug":"maison","status":"publish","type":"page","link":"https:\/\/megamillionsticketonline.com\/fr\/","title":{"rendered":"Maison"},"content":{"rendered":"<p>Le Mega Millions Lotto est l&rsquo;une des loteries les plus c\u00e9l\u00e8bres des \u00c9tats-Unis. Il propose plusieurs fa\u00e7ons de gagner et un jackpot \u00c9NORME, allant de 10 \u00e0 600 MILLIONS de dollars\u00a0! En 2012, huit personnes ont remport\u00e9 le jackpot de cette loterie. Cependant, un jackpot Mega Millions stup\u00e9fiant de 1\u00a0550 millions de dollars a \u00e9t\u00e9 remport\u00e9 en 2018\u00a0\u2013 un record mondial pour un prix de loterie\u00a0!<\/p>\n<p>Les jackpots offerts par la loterie Mega Millions sont incomparables et leur montant initial est \u00e9quivalent \u00e0 celui des autres loteries aux heures de pointe. Bien que la plupart des joueurs viennent des \u00c9tats-Unis et que la loterie soit con\u00e7ue pour les r\u00e9sidents de ce pays, il est possible d&rsquo;y jouer depuis n&rsquo;importe o\u00f9 dans le monde\u00a0! <strong><span style=\"text-decoration: underline;\"><a href=\"https:\/\/redfoxlotto.com\/?ref=A8564250A2&amp;medium=memicom\" target=\"_blank\" rel=\"noopener\">Vous pouvez acheter des billets Mega Millions en ligne gr\u00e2ce \u00e0 RedFoxLotto (cliquez ici pour visiter).<\/a><\/span><\/strong> Cette soci\u00e9t\u00e9 se charge d&rsquo;acheter les billets pour vous aux \u00c9tats-Unis et de vous les faire parvenir.<\/p>\n<p>Gr\u00e2ce \u00e0 leur service de billetterie, vous pouvez d\u00e9sormais participer \u00e0 <span style=\"text-decoration: underline;\"><a href=\"http:\/\/www.onlinelotto365.com\" target=\"_blank\" rel=\"noopener\">n&rsquo;importe quelle loterie internationale en ligne<\/a><\/span>. Ils proposent leurs services pour plus de 30 loteries internationales. Vous avez ainsi de bien meilleures chances de gagner d&rsquo;\u00e9normes sommes d&rsquo;argent au Mega Millions qu&rsquo;\u00e0 votre loto local.<\/p>\n<h2>Comment \u00e7a marche\u00a0?<\/h2>\n<p>En 5 \u00e9tapes simples, vous recevrez votre ticket de loterie Mega Millions par e-mail\u00a0:<\/p>\n<ul>\n<li>Choisissez la loterie Mega Millions dans la liste de la colonne lat\u00e9rale ou cliquez sur le widget au-dessus de cet article.<\/li>\n<li>Saisissez vos num\u00e9ros f\u00e9tiches ou laissez le logiciel le faire pour vous (gr\u00e2ce au g\u00e9n\u00e9rateur de nombres al\u00e9atoires, appel\u00e9 \u00ab\u00a0Quick Pick\u00a0\u00bb).<\/li>\n<li>S\u00e9lectionnez le nombre de lignes et de tirages pour lesquels vous souhaitez acheter un ticket.<\/li>\n<li>Une fois votre commande finalis\u00e9e, un agent de RedFoxLotto ach\u00e8tera le ticket command\u00e9 en votre nom et \u00e0 votre nom.<\/li>\n<li>Vous retrouverez ensuite votre ticket dans votre compte client.<\/li>\n<\/ul>\n<p>Les services de RedFoxLotto sont utilis\u00e9s par des millions de personnes \u00e0 travers le monde. Leurs joueurs ont gagn\u00e9 des millions de dollars et n&rsquo;ont jamais eu de probl\u00e8me pour recevoir leurs gains. Le ticket affiche votre nom complet au-dessus des num\u00e9ros choisis. Il est impossible de retirer des fonds sans votre avis, point final.<\/p>\n<h2>Le Mega Millions n&rsquo;est pas le seul jeu pour lequel RedFoxLotto propose des tickets de loterie<\/h2>\n<p>Vous pouvez \u00e9galement participer \u00e0 des loteries telles que le PowerBall Lotto, El Gordo, le Superenalotto, l&rsquo;Euro Millions et bien d&rsquo;autres. Le gros avantage est que, lorsque vous vous sentez chanceux, vous trouverez toujours au moins un ou plusieurs jackpots de loterie tr\u00e8s importants. Jouer pour le gros lot sans payer plus cher pour le ticket (par rapport \u00e0 une loterie avec un jackpot plus petit) augmente vos chances de gagner gros\u00a0!<\/p>\n<h2>Tirages au sort du Mega Millions<\/h2>\n<p>Les tirages au sort de cet \u00e9v\u00e9nement ont lieu deux jours par semaine\u00a0: tous les mardis et vendredis \u00e0 23\u00a0h (heure de l&rsquo;Est). \u00c0 chaque tirage, 5\u00a0boules blanches sont tir\u00e9es d&rsquo;un tambour contenant 59\u00a0boules. De plus, un num\u00e9ro est tir\u00e9 d&rsquo;un tambour de 46 boules jaunes. Les boules jaunes sont aussi appel\u00e9es \u00ab\u00a0MegaBalls\u00a0\u00bb.<\/p>\n<p>Les tirages sont diffus\u00e9s par WSB-TV, bas\u00e9e \u00e0 Atlanta, en G\u00e9orgie. Ne craignez plus de rater vos gains apr\u00e8s avoir achet\u00e9 un ticket Mega Millions en ligne\u00a0: la notification par e-mail est incluse dans les services de RedFoxLotto\u00a0!<\/p>\n<h2>Fa\u00e7ons de gagner<\/h2>\n<p>Mega Millions propose 9 niveaux de gains diff\u00e9rents. Pour remporter le jackpot, aussi appel\u00e9 \u00ab\u00a0Grand Prix\u00a0\u00bb, vous devrez obtenir les 5 bons num\u00e9ros des boules blanches, ainsi que la Mega Ball. Les chances de gagner sont d&rsquo;environ 1 sur 175\u00a0711\u00a0536.0000. Comme vous pouvez le constater, c&rsquo;est peu probable, mais pas impossible. Apr\u00e8s tout, il faut bien que quelqu&rsquo;un gagne \u00e0 la loterie, n&rsquo;est-ce pas\u00a0?<\/p>\n<p>Le gros lot moyen est d&rsquo;environ 60 millions de dollars. En cas de gain, votre gain sera vers\u00e9 sur plusieurs ann\u00e9es. Vous pouvez \u00e9galement choisir de recevoir votre gain en une seule fois, mais le gain sera alors l\u00e9g\u00e8rement inf\u00e9rieur.<\/p>\n<p>Outre le gros lot, huit autres prix sont \u00e0 gagner au Megamillions. Les chances de gagner sont de 1 sur 39,89.<\/p>\n<p>D\u00e9couvrez ci-dessous un aper\u00e7u complet des prix Mega Millions possibles et des conditions pour les gagner\u00a0:<\/p>\n<ul>\n<li>5 boules blanches + la boule Mega \u2013 Le gros lot (jackpot)<\/li>\n<li>5 boules blanches &#8211; 250\u00a0000\u00a0$<\/li>\n<li>4 boules blanches + la boule Mega &#8211; 10\u00a0000\u00a0$<\/li>\n<li>4 boules blanches &#8211; 150\u00a0$<\/li>\n<li>3 boules blanches + la boule Mega &#8211; 150\u00a0$<\/li>\n<li>3 boules blanches &#8211; 7\u00a0$<\/li>\n<li>2 boules blanches + la boule Mega &#8211; 10\u00a0$<\/li>\n<li>1 boule blanche + la boule Mega &#8211; 3\u00a0$<\/li>\n<li>La boule Mega seule &#8211; 2\u00a0$<\/li>\n<\/ul>\n<p>Le loto Mega Millions propose \u00e9galement une fonctionnalit\u00e9 suppl\u00e9mentaire\u00a0: le MegaPlier. Un MegaPlier est lanc\u00e9 avant chaque tirage.r est s\u00e9lectionn\u00e9 pour le tirage suivant, qui peut \u00eatre de 2x, 3x ou 4x. Ce multiplicateur est ensuite appliqu\u00e9 \u00e0 tous les prix remport\u00e9s, \u00e0 l&rsquo;exception du jackpot. Pour profiter de cette fonctionnalit\u00e9, vous devrez ajouter 1 $ \u00e0 l&rsquo;achat d&rsquo;un billet.<\/p>\n<h2>Puis-je jouer au Mega Millions depuis mon pays\u00a0?<\/h2>\n<p>Les billets Mega Millions sont actuellement disponibles \u00e0 l&rsquo;achat traditionnel dans 42 \u00c9tats des \u00c9tats-Unis, ce qui signifie que vous pouvez vous les procurer chez n&rsquo;importe quel d\u00e9taillant de loterie local. Cependant, vous pouvez \u00e9galement jouer \u00e0 cette loterie depuis n&rsquo;importe quel autre endroit du monde. Pour ce faire, utilisez RedFoxLotto, o\u00f9 vous pouvez acheter des billets en ligne pour toutes les loteries les plus populaires de la plan\u00e8te, y compris les billets de loterie Megamillions.<\/p>\n","protected":false},"excerpt":{"rendered":"<p>Le Mega Millions Lotto est l&rsquo;une des loteries les plus c\u00e9l\u00e8bres des \u00c9tats-Unis. Il propose plusieurs fa\u00e7ons de gagner et un jackpot \u00c9NORME, allant de 10 \u00e0 600 MILLIONS de dollars\u00a0! En 2012, huit personnes ont remport\u00e9 le jackpot de cette loterie. Cependant, un jackpot Mega Millions stup\u00e9fiant de 1\u00a0550 millions de dollars a \u00e9t\u00e9&hellip;<\/p>\n","protected":false},"author":1,"featured_media":90,"parent":0,"menu_order":1,"comment_status":"closed","ping_status":"closed","template":"","meta":{"footnotes":""},"class_list":["post-230","page","type-page","status-publish","has-post-thumbnail","hentry"],"yoast_head":"<!-- This site is optimized with the Yoast SEO plugin v25.9 - https:\/\/yoast.com\/wordpress\/plugins\/seo\/ -->\n<title>Obtenez un billet Mega Millions en ligne et gagnez d&#039;\u00e9normes jackpots\u00a0!<\/title>\n<meta name=\"description\" content=\"Vous pouvez acheter un billet Mega Millions en ligne - Peu importe o\u00f9 vous vivez !\" \/>\n<meta name=\"robots\" content=\"index, follow, max-snippet:-1, max-image-preview:large, max-video-preview:-1\" \/>\n<link rel=\"canonical\" href=\"https:\/\/megamillionsticketonline.com\/fr\/\" \/>\n<meta property=\"og:locale\" content=\"fr_FR\" \/>\n<meta property=\"og:type\" content=\"article\" \/>\n<meta property=\"og:title\" content=\"Obtenez un billet Mega Millions en ligne et gagnez d&#039;\u00e9normes jackpots\u00a0!\" \/>\n<meta property=\"og:description\" content=\"Vous pouvez acheter un billet Mega Millions en ligne - Peu importe o\u00f9 vous vivez !\" \/>\n<meta property=\"og:url\" content=\"https:\/\/megamillionsticketonline.com\/fr\/\" \/>\n<meta property=\"og:image\" content=\"https:\/\/megamillionsticketonline.com\/wp-content\/uploads\/2022\/03\/2020-landscape-1.png\" \/>\n\t<meta property=\"og:image:width\" content=\"1200\" \/>\n\t<meta property=\"og:image:height\" content=\"769\" \/>\n\t<meta property=\"og:image:type\" content=\"image\/png\" \/>\n<meta name=\"twitter:card\" content=\"summary_large_image\" \/>\n<meta name=\"twitter:label1\" content=\"Dur\u00e9e de lecture estim\u00e9e\" \/>\n\t<meta name=\"twitter:data1\" content=\"4 minutes\" \/>\n<script type=\"application\/ld+json\" class=\"yoast-schema-graph\">{\"@context\":\"https:\/\/schema.org\",\"@graph\":[{\"@type\":\"WebPage\",\"@id\":\"https:\/\/megamillionsticketonline.com\/fr\/\",\"url\":\"https:\/\/megamillionsticketonline.com\/fr\/\",\"name\":\"Obtenez un billet Mega Millions en ligne et gagnez d'\u00e9normes jackpots\u00a0!\",\"isPartOf\":{\"@id\":\"https:\/\/megamillionsticketonline.com\/fr\/#website\"},\"primaryImageOfPage\":{\"@id\":\"https:\/\/megamillionsticketonline.com\/fr\/#primaryimage\"},\"image\":{\"@id\":\"https:\/\/megamillionsticketonline.com\/fr\/#primaryimage\"},\"thumbnailUrl\":\"https:\/\/megamillionsticketonline.com\/wp-content\/uploads\/2022\/03\/2020-landscape-1.png\",\"datePublished\":\"2025-04-26T10:17:31+00:00\",\"description\":\"Vous pouvez acheter un billet Mega Millions en ligne - Peu importe o\u00f9 vous vivez !\",\"inLanguage\":\"fr-FR\",\"potentialAction\":[{\"@type\":\"ReadAction\",\"target\":[\"https:\/\/megamillionsticketonline.com\/fr\/\"]}]},{\"@type\":\"ImageObject\",\"inLanguage\":\"fr-FR\",\"@id\":\"https:\/\/megamillionsticketonline.com\/fr\/#primaryimage\",\"url\":\"https:\/\/megamillionsticketonline.com\/wp-content\/uploads\/2022\/03\/2020-landscape-1.png\",\"contentUrl\":\"https:\/\/megamillionsticketonline.com\/wp-content\/uploads\/2022\/03\/2020-landscape-1.png\",\"width\":1200,\"height\":769},{\"@type\":\"WebSite\",\"@id\":\"https:\/\/megamillionsticketonline.com\/fr\/#website\",\"url\":\"https:\/\/megamillionsticketonline.com\/fr\/\",\"name\":\"\",\"description\":\"\",\"potentialAction\":[{\"@type\":\"SearchAction\",\"target\":{\"@type\":\"EntryPoint\",\"urlTemplate\":\"https:\/\/megamillionsticketonline.com\/fr\/?s={search_term_string}\"},\"query-input\":{\"@type\":\"PropertyValueSpecification\",\"valueRequired\":true,\"valueName\":\"search_term_string\"}}],\"inLanguage\":\"fr-FR\"}]}<\/script>\n<!-- \/ Yoast SEO plugin. -->","yoast_head_json":{"title":"Obtenez un billet Mega Millions en ligne et gagnez d'\u00e9normes jackpots\u00a0!","description":"Vous pouvez acheter un billet Mega Millions en ligne - Peu importe o\u00f9 vous vivez !","robots":{"index":"index","follow":"follow","max-snippet":"max-snippet:-1","max-image-preview":"max-image-preview:large","max-video-preview":"max-video-preview:-1"},"canonical":"https:\/\/megamillionsticketonline.com\/fr\/","og_locale":"fr_FR","og_type":"article","og_title":"Obtenez un billet Mega Millions en ligne et gagnez d'\u00e9normes jackpots\u00a0!","og_description":"Vous pouvez acheter un billet Mega Millions en ligne - Peu importe o\u00f9 vous vivez !","og_url":"https:\/\/megamillionsticketonline.com\/fr\/","og_image":[{"width":1200,"height":769,"url":"https:\/\/megamillionsticketonline.com\/wp-content\/uploads\/2022\/03\/2020-landscape-1.png","type":"image\/png"}],"twitter_card":"summary_large_image","twitter_misc":{"Dur\u00e9e de lecture estim\u00e9e":"4 minutes"},"schema":{"@context":"https:\/\/schema.org","@graph":[{"@type":"WebPage","@id":"https:\/\/megamillionsticketonline.com\/fr\/","url":"https:\/\/megamillionsticketonline.com\/fr\/","name":"Obtenez un billet Mega Millions en ligne et gagnez d'\u00e9normes jackpots\u00a0!","isPartOf":{"@id":"https:\/\/megamillionsticketonline.com\/fr\/#website"},"primaryImageOfPage":{"@id":"https:\/\/megamillionsticketonline.com\/fr\/#primaryimage"},"image":{"@id":"https:\/\/megamillionsticketonline.com\/fr\/#primaryimage"},"thumbnailUrl":"https:\/\/megamillionsticketonline.com\/wp-content\/uploads\/2022\/03\/2020-landscape-1.png","datePublished":"2025-04-26T10:17:31+00:00","description":"Vous pouvez acheter un billet Mega Millions en ligne - Peu importe o\u00f9 vous vivez !","inLanguage":"fr-FR","potentialAction":[{"@type":"ReadAction","target":["https:\/\/megamillionsticketonline.com\/fr\/"]}]},{"@type":"ImageObject","inLanguage":"fr-FR","@id":"https:\/\/megamillionsticketonline.com\/fr\/#primaryimage","url":"https:\/\/megamillionsticketonline.com\/wp-content\/uploads\/2022\/03\/2020-landscape-1.png","contentUrl":"https:\/\/megamillionsticketonline.com\/wp-content\/uploads\/2022\/03\/2020-landscape-1.png","width":1200,"height":769},{"@type":"WebSite","@id":"https:\/\/megamillionsticketonline.com\/fr\/#website","url":"https:\/\/megamillionsticketonline.com\/fr\/","name":"","description":"","potentialAction":[{"@type":"SearchAction","target":{"@type":"EntryPoint","urlTemplate":"https:\/\/megamillionsticketonline.com\/fr\/?s={search_term_string}"},"query-input":{"@type":"PropertyValueSpecification","valueRequired":true,"valueName":"search_term_string"}}],"inLanguage":"fr-FR"}]}},"_links":{"self":[{"href":"https:\/\/megamillionsticketonline.com\/fr\/wp-json\/wp\/v2\/pages\/230","targetHints":{"allow":["GET"]}}],"collection":[{"href":"https:\/\/megamillionsticketonline.com\/fr\/wp-json\/wp\/v2\/pages"}],"about":[{"href":"https:\/\/megamillionsticketonline.com\/fr\/wp-json\/wp\/v2\/types\/page"}],"author":[{"embeddable":true,"href":"https:\/\/megamillionsticketonline.com\/fr\/wp-json\/wp\/v2\/users\/1"}],"replies":[{"embeddable":true,"href":"https:\/\/megamillionsticketonline.com\/fr\/wp-json\/wp\/v2\/comments?post=230"}],"version-history":[{"count":0,"href":"https:\/\/megamillionsticketonline.com\/fr\/wp-json\/wp\/v2\/pages\/230\/revisions"}],"wp:featuredmedia":[{"embeddable":true,"href":"https:\/\/megamillionsticketonline.com\/fr\/wp-json\/wp\/v2\/media\/90"}],"wp:attachment":[{"href":"https:\/\/megamillionsticketonline.com\/fr\/wp-json\/wp\/v2\/media?parent=230"}],"curies":[{"name":"wp","href":"https:\/\/api.w.org\/{rel}","templated":true}]}}