{"id":226,"date":"2025-04-26T11:12:07","date_gmt":"2025-04-26T10:12:07","guid":{"rendered":"https:\/\/megamillionsticketonline.com\/kotiin\/"},"modified":"2025-04-26T11:12:07","modified_gmt":"2025-04-26T10:12:07","slug":"kotiin","status":"publish","type":"page","link":"https:\/\/megamillionsticketonline.com\/fi\/","title":{"rendered":"Kotiin"},"content":{"rendered":"<p>Mega Millions Lotto on yksi Yhdysvaltojen kuuluisimmista lottopeleist\u00e4. Siin\u00e4 on useita voittotapoja ja VALTAVA j\u00e4ttipotti, joka voi olla 10\u2013600 miljoonaa dollaria! Vuonna 2012 yhteens\u00e4 kahdeksan ihmist\u00e4 voitti t\u00e4m\u00e4n lottopelin j\u00e4ttipotin. Kuitenkin **vuonna 2018** voitettiin h\u00e4mm\u00e4stytt\u00e4v\u00e4 **1550 miljoonan dollarin** Mega Millions -j\u00e4ttipotti \u2013 maailmanenn\u00e4tys lottovoitoille!<\/p>\n<p>Mega Millions -loton tarjoamat j\u00e4ttipotit ovat vertaansa vailla, ja ne alkavat koosta, joka on sama kuin muiden lottojen tarjoamat j\u00e4ttipotit huippuaikoinaan. Vaikka suurin osa pelaajista on Yhdysvalloista ja lotto on suunniteltu t\u00e4m\u00e4n maan asukkaille, sit\u00e4 on mahdollista pelata mist\u00e4 p\u00e4in maailmaa tahansa! <strong><span style=\"text-decoration: underline;\"><a href=\"https:\/\/redfoxlotto.com\/?ref=A8564250A2&amp;medium=memicom\" target=\"_blank\" rel=\"noopener\">Voit ostaa Mega Millions -lippuja verkosta RedFoxLoton avulla \u2013 napsauta t\u00e4st\u00e4 vieraillaksesi \u2013<\/a><\/span><\/strong> t\u00e4m\u00e4 yritys tarjoaa ostaa liput puolestasi Yhdysvalloissa ja toimittaa ne sitten sinulle.<\/p>\n<p>Lippupalvelunsa avulla voit nyt osallistua <span style=\"text-decoration: underline;\"><a href=\"http:\/\/www.onlinelotto365.com\" target=\"_blank\" rel=\"noopener\">mihin tahansa kansainv\u00e4liseen lottoon verkossa<\/a><\/span> \u2013 he tarjoavat palveluaan yli 30 kansainv\u00e4liseen lottoon. T\u00e4m\u00e4 antaa sinulle paljon paremmat mahdollisuudet voittaa valtavia summia rahaa Mega Millionsissa verrattuna paikalliseen lottoosi.<\/p>\n<h2>Miten se siis toimii?<\/h2>\n<p>Mega Millions -lottokuponkisi l\u00e4hetet\u00e4\u00e4n sinulle s\u00e4hk\u00f6postitse viidess\u00e4 helpossa vaiheessa:<\/p>\n<ul>\n<li>Valitse Mega Millions -lotto sivupalstan luettelosta tai napsauta t\u00e4m\u00e4n artikkelin yl\u00e4puolella olevaa widgetti\u00e4<\/li>\n<li>Sy\u00f6t\u00e4 onnennumerosi tai anna ohjelmiston tehd\u00e4 se puolestasi (satunnaislukugeneraattorin, ns. &#8221;Pikavalinnan&#8221; avulla)<\/li>\n<li>Valitse rivien ja arvontajen lukum\u00e4\u00e4r\u00e4, joille haluat ostaa lottokupongin<\/li>\n<li>Kun olet tehnyt tilauksesi, RedFoxLoton edustaja ostaa tilaamasi lipun puolestasi ja nimell\u00e4si varustettuna<\/li>\n<li>L\u00f6yd\u00e4t lippusi my\u00f6hemmin asiakastililt\u00e4si<\/li>\n<\/ul>\n<p>RedFoxLoton palveluita k\u00e4ytt\u00e4v\u00e4t miljoonat ihmiset ymp\u00e4ri maailmaa. Heid\u00e4n pelaajansa ovat voittaneet miljoonia dollareita, eik\u00e4 heill\u00e4 ole koskaan ollut ongelmia palkintojensa toimittamisessa. Lipussa n\u00e4kyy koko nimesi valittujen numeroiden yl\u00e4puolella. Varojen kotiuttaminen ilman erillist\u00e4 ilmoitusta ei ole mahdollista, piste.<\/p>\n<h2>Mega Millions ei ole ainoa peli, johon RedFoxLotto tarjoaa arpalipuja<\/h2>\n<p>Voit my\u00f6s osallistua lottoihin, kuten PowerBall Lotto, El Gordo, Superenalotto, Euro Millions Lottery ja monet muut. Suuri etu on se, ett\u00e4 aina kun tunnet olosi onnekkaaksi, l\u00f6yd\u00e4t aina ainakin yhden tai useamman lottop\u00e4\u00e4voiton, joka on todella suuri. Suuremman palkinnon tavoittelu maksamatta enemm\u00e4n lipusta (verrattuna lottoon, jossa on pienempi p\u00e4\u00e4potti) lis\u00e4\u00e4 matemaattisia mahdollisuuksiasi voittaa suuria summia!<\/p>\n<h2>Mega Millions Loton arvonnat<\/h2>\n<p>T\u00e4m\u00e4n tapahtuman arvonnat pidet\u00e4\u00e4n kahtena p\u00e4iv\u00e4n\u00e4 viikossa \u2013 joka tiistai ja perjantai klo 23.00 it\u00e4ist\u00e4 aikaa. Joka kerta arvotaan 5 valkoista palloa rummusta, jossa on yhteens\u00e4 59 palloa. Lis\u00e4ksi arvotaan yksi numero 46 keltaisen pallon rummusta. Keltaisia \u200b\u200bpalloja kutsutaan my\u00f6s nimell\u00e4 &#8221;MegaBalls&#8221;.<\/p>\n<p>Arvonnat l\u00e4hett\u00e4\u00e4 WSB-TV, joka sijaitsee Georgiassa, Atlantassa. Sinun ei tarvitse huolehtia voittojen menett\u00e4misest\u00e4 ostettuasi Mega Millions -lipun verkosta \u2013 voiton ilmoitus s\u00e4hk\u00f6postitse sis\u00e4ltyy RedFoxLotto-palveluihin!<\/p>\n<h2>Voittotavat<\/h2>\n<p>Mega Millions tarjoaa 9 eri voittotasoa. Voittaaksesi j\u00e4ttipotin, joka tunnetaan my\u00f6s nimell\u00e4 P\u00e4\u00e4palkinto, sinun on saatava 5 valkoisen pallon numeroa oikein sek\u00e4 Mega Ball. T\u00e4m\u00e4n todenn\u00e4k\u00f6isyys on noin 1:175 711 536,0000. Kuten n\u00e4et, se on ep\u00e4todenn\u00e4k\u00f6inen, mutta ei mahdoton. Loppujen lopuksi jonkun on voitettava lotossa, eik\u00f6 niin?<\/p>\n<p>Keskim\u00e4\u00e4r\u00e4inen p\u00e4\u00e4palkinto on noin 60 miljoonaa dollaria, ja jos voitat, lottovoittosi maksetaan sinulle useiden vuosien aikana. Vaihtoehtoisesti voit valita voiton vastaanottamisen kokonaisuudessaan kertasummana, mutta silloin maksu on jonkin verran pienempi.<\/p>\n<p>P\u00e4\u00e4palkinnon lis\u00e4ksi Megamillionsissa voi voittaa kahdeksan muuta palkintoa. Mink\u00e4 tahansa palkinnon voittotodenn\u00e4k\u00f6isyys on 1\/39,89.<\/p>\n<p>L\u00f6yd\u00e4t t\u00e4ydellisen yleiskatsauksen mahdollisista Mega Millions -k\u00e4teispalkinnoista ja niiden voittamiseksi vaadittavista vaatimuksista alta:<\/p>\n<ul>\n<li>5 valkoista palloa + Mega-pallo \u2013 P\u00e4\u00e4palkinto (jackpot)<\/li>\n<li>5 valkoista palloa &#8211; 250 000 dollaria<\/li>\n<li>4 valkoista palloa + Mega-pallo &#8211; 10 000 dollaria<\/li>\n<li>4 valkoista palloa &#8211; 150 dollaria<\/li>\n<li>3 valkoista palloa + Mega-pallo &#8211; 150 dollaria<\/li>\n<li>3 valkoista palloa &#8211; 7 dollaria<\/li>\n<li>2 valkoista palloa + Mega-pallo &#8211; 10 dollaria<\/li>\n<li>1 valkoinen pallo + Mega-pallo &#8211; 3 dollaria<\/li>\n<li>Pelkk\u00e4 Mega-pallo &#8211; 2 dollaria<\/li>\n<\/ul>\n<p>Mega Millions -lotto tarjoaa my\u00f6s lis\u00e4ominaisuuden \u2013 MegaPlierin. Ennen jokaista arvontaa suoritetaan MegaPlier.Seuraavassa arvontaan valitaan r, joka voi olla joko 2x 3x tai 4x. T\u00e4t\u00e4 kerrointa k\u00e4ytet\u00e4\u00e4n kaikkiin voittoihin, lukuun ottamatta j\u00e4ttipottia. Jotta voit hy\u00f6dynt\u00e4\u00e4 t\u00e4t\u00e4 ominaisuutta, sinun on lis\u00e4tt\u00e4v\u00e4 1 dollari ostaessasi lipun.<\/p>\n<h2>Voinko pelata Mega Millionsia omasta maastani?<\/h2>\n<p>Mega Millions -lippuja voi t\u00e4ll\u00e4 hetkell\u00e4 ostaa perinteisell\u00e4 tavalla 42 Yhdysvaltojen osavaltiossa, mik\u00e4 tarkoittaa, ett\u00e4 voit ostaa lippuja mist\u00e4 tahansa paikallisesta lottoliikkeest\u00e4. Voit kuitenkin pelata t\u00e4t\u00e4 lottoa my\u00f6s mist\u00e4 tahansa muualta maailmasta. T\u00e4m\u00e4 onnistuu k\u00e4ytt\u00e4m\u00e4ll\u00e4 RedFoxLottoa, josta voit ostaa lippuja verkosta kaikkiin planeetan suosituimpiin lottoihin, mukaan lukien Megamillions-lippuja.<\/p>\n","protected":false},"excerpt":{"rendered":"<p>Mega Millions Lotto on yksi Yhdysvaltojen kuuluisimmista lottopeleist\u00e4. Siin\u00e4 on useita voittotapoja ja VALTAVA j\u00e4ttipotti, joka voi olla 10\u2013600 miljoonaa dollaria! Vuonna 2012 yhteens\u00e4 kahdeksan ihmist\u00e4 voitti t\u00e4m\u00e4n lottopelin j\u00e4ttipotin. Kuitenkin **vuonna 2018** voitettiin h\u00e4mm\u00e4stytt\u00e4v\u00e4 **1550 miljoonan dollarin** Mega Millions -j\u00e4ttipotti \u2013 maailmanenn\u00e4tys lottovoitoille! Mega Millions -loton tarjoamat j\u00e4ttipotit ovat vertaansa vailla, ja ne alkavat&hellip;<\/p>\n","protected":false},"author":1,"featured_media":89,"parent":0,"menu_order":1,"comment_status":"closed","ping_status":"closed","template":"","meta":{"footnotes":""},"class_list":["post-226","page","type-page","status-publish","has-post-thumbnail","hentry"],"yoast_head":"<!-- This site is optimized with the Yoast SEO plugin v25.9 - https:\/\/yoast.com\/wordpress\/plugins\/seo\/ -->\n<title>Hanki Mega Millions -lippu netiss\u00e4 ja voita valtavia j\u00e4ttipotteja!<\/title>\n<meta name=\"description\" content=\"Voit ostaa Mega Millions -lipun netist\u00e4 \u2013 asuinpaikastasi riippumatta!\" \/>\n<meta name=\"robots\" content=\"index, follow, max-snippet:-1, max-image-preview:large, max-video-preview:-1\" \/>\n<link rel=\"canonical\" href=\"https:\/\/megamillionsticketonline.com\/fi\/\" \/>\n<meta property=\"og:locale\" content=\"fi_FI\" \/>\n<meta property=\"og:type\" content=\"article\" \/>\n<meta property=\"og:title\" content=\"Hanki Mega Millions -lippu netiss\u00e4 ja voita valtavia j\u00e4ttipotteja!\" \/>\n<meta property=\"og:description\" content=\"Voit ostaa Mega Millions -lipun netist\u00e4 \u2013 asuinpaikastasi riippumatta!\" \/>\n<meta property=\"og:url\" content=\"https:\/\/megamillionsticketonline.com\/fi\/\" \/>\n<meta property=\"og:image\" content=\"https:\/\/megamillionsticketonline.com\/wp-content\/uploads\/2022\/03\/2020-landscape-1.png\" \/>\n\t<meta property=\"og:image:width\" content=\"1200\" \/>\n\t<meta property=\"og:image:height\" content=\"769\" \/>\n\t<meta property=\"og:image:type\" content=\"image\/png\" \/>\n<meta name=\"twitter:card\" content=\"summary_large_image\" \/>\n<meta name=\"twitter:label1\" content=\"Arvioitu lukuaika\" \/>\n\t<meta name=\"twitter:data1\" content=\"3 minuuttia\" \/>\n<script type=\"application\/ld+json\" class=\"yoast-schema-graph\">{\"@context\":\"https:\/\/schema.org\",\"@graph\":[{\"@type\":\"WebPage\",\"@id\":\"https:\/\/megamillionsticketonline.com\/fi\/\",\"url\":\"https:\/\/megamillionsticketonline.com\/fi\/\",\"name\":\"Hanki Mega Millions -lippu netiss\u00e4 ja voita valtavia j\u00e4ttipotteja!\",\"isPartOf\":{\"@id\":\"https:\/\/megamillionsticketonline.com\/fi\/#website\"},\"primaryImageOfPage\":{\"@id\":\"https:\/\/megamillionsticketonline.com\/fi\/#primaryimage\"},\"image\":{\"@id\":\"https:\/\/megamillionsticketonline.com\/fi\/#primaryimage\"},\"thumbnailUrl\":\"https:\/\/megamillionsticketonline.com\/wp-content\/uploads\/2022\/03\/2020-landscape-1.png\",\"datePublished\":\"2025-04-26T10:12:07+00:00\",\"description\":\"Voit ostaa Mega Millions -lipun netist\u00e4 \u2013 asuinpaikastasi riippumatta!\",\"inLanguage\":\"fi\",\"potentialAction\":[{\"@type\":\"ReadAction\",\"target\":[\"https:\/\/megamillionsticketonline.com\/fi\/\"]}]},{\"@type\":\"ImageObject\",\"inLanguage\":\"fi\",\"@id\":\"https:\/\/megamillionsticketonline.com\/fi\/#primaryimage\",\"url\":\"https:\/\/megamillionsticketonline.com\/wp-content\/uploads\/2022\/03\/2020-landscape-1.png\",\"contentUrl\":\"https:\/\/megamillionsticketonline.com\/wp-content\/uploads\/2022\/03\/2020-landscape-1.png\",\"width\":1200,\"height\":769},{\"@type\":\"WebSite\",\"@id\":\"https:\/\/megamillionsticketonline.com\/fi\/#website\",\"url\":\"https:\/\/megamillionsticketonline.com\/fi\/\",\"name\":\"\",\"description\":\"\",\"potentialAction\":[{\"@type\":\"SearchAction\",\"target\":{\"@type\":\"EntryPoint\",\"urlTemplate\":\"https:\/\/megamillionsticketonline.com\/fi\/?s={search_term_string}\"},\"query-input\":{\"@type\":\"PropertyValueSpecification\",\"valueRequired\":true,\"valueName\":\"search_term_string\"}}],\"inLanguage\":\"fi\"}]}<\/script>\n<!-- \/ Yoast SEO plugin. -->","yoast_head_json":{"title":"Hanki Mega Millions -lippu netiss\u00e4 ja voita valtavia j\u00e4ttipotteja!","description":"Voit ostaa Mega Millions -lipun netist\u00e4 \u2013 asuinpaikastasi riippumatta!","robots":{"index":"index","follow":"follow","max-snippet":"max-snippet:-1","max-image-preview":"max-image-preview:large","max-video-preview":"max-video-preview:-1"},"canonical":"https:\/\/megamillionsticketonline.com\/fi\/","og_locale":"fi_FI","og_type":"article","og_title":"Hanki Mega Millions -lippu netiss\u00e4 ja voita valtavia j\u00e4ttipotteja!","og_description":"Voit ostaa Mega Millions -lipun netist\u00e4 \u2013 asuinpaikastasi riippumatta!","og_url":"https:\/\/megamillionsticketonline.com\/fi\/","og_image":[{"width":1200,"height":769,"url":"https:\/\/megamillionsticketonline.com\/wp-content\/uploads\/2022\/03\/2020-landscape-1.png","type":"image\/png"}],"twitter_card":"summary_large_image","twitter_misc":{"Arvioitu lukuaika":"3 minuuttia"},"schema":{"@context":"https:\/\/schema.org","@graph":[{"@type":"WebPage","@id":"https:\/\/megamillionsticketonline.com\/fi\/","url":"https:\/\/megamillionsticketonline.com\/fi\/","name":"Hanki Mega Millions -lippu netiss\u00e4 ja voita valtavia j\u00e4ttipotteja!","isPartOf":{"@id":"https:\/\/megamillionsticketonline.com\/fi\/#website"},"primaryImageOfPage":{"@id":"https:\/\/megamillionsticketonline.com\/fi\/#primaryimage"},"image":{"@id":"https:\/\/megamillionsticketonline.com\/fi\/#primaryimage"},"thumbnailUrl":"https:\/\/megamillionsticketonline.com\/wp-content\/uploads\/2022\/03\/2020-landscape-1.png","datePublished":"2025-04-26T10:12:07+00:00","description":"Voit ostaa Mega Millions -lipun netist\u00e4 \u2013 asuinpaikastasi riippumatta!","inLanguage":"fi","potentialAction":[{"@type":"ReadAction","target":["https:\/\/megamillionsticketonline.com\/fi\/"]}]},{"@type":"ImageObject","inLanguage":"fi","@id":"https:\/\/megamillionsticketonline.com\/fi\/#primaryimage","url":"https:\/\/megamillionsticketonline.com\/wp-content\/uploads\/2022\/03\/2020-landscape-1.png","contentUrl":"https:\/\/megamillionsticketonline.com\/wp-content\/uploads\/2022\/03\/2020-landscape-1.png","width":1200,"height":769},{"@type":"WebSite","@id":"https:\/\/megamillionsticketonline.com\/fi\/#website","url":"https:\/\/megamillionsticketonline.com\/fi\/","name":"","description":"","potentialAction":[{"@type":"SearchAction","target":{"@type":"EntryPoint","urlTemplate":"https:\/\/megamillionsticketonline.com\/fi\/?s={search_term_string}"},"query-input":{"@type":"PropertyValueSpecification","valueRequired":true,"valueName":"search_term_string"}}],"inLanguage":"fi"}]}},"_links":{"self":[{"href":"https:\/\/megamillionsticketonline.com\/fi\/wp-json\/wp\/v2\/pages\/226","targetHints":{"allow":["GET"]}}],"collection":[{"href":"https:\/\/megamillionsticketonline.com\/fi\/wp-json\/wp\/v2\/pages"}],"about":[{"href":"https:\/\/megamillionsticketonline.com\/fi\/wp-json\/wp\/v2\/types\/page"}],"author":[{"embeddable":true,"href":"https:\/\/megamillionsticketonline.com\/fi\/wp-json\/wp\/v2\/users\/1"}],"replies":[{"embeddable":true,"href":"https:\/\/megamillionsticketonline.com\/fi\/wp-json\/wp\/v2\/comments?post=226"}],"version-history":[{"count":0,"href":"https:\/\/megamillionsticketonline.com\/fi\/wp-json\/wp\/v2\/pages\/226\/revisions"}],"wp:featuredmedia":[{"embeddable":true,"href":"https:\/\/megamillionsticketonline.com\/fi\/wp-json\/wp\/v2\/media\/89"}],"wp:attachment":[{"href":"https:\/\/megamillionsticketonline.com\/fi\/wp-json\/wp\/v2\/media?parent=226"}],"curies":[{"name":"wp","href":"https:\/\/api.w.org\/{rel}","templated":true}]}}