{"id":556,"date":"2025-08-23T22:29:33","date_gmt":"2025-08-23T21:29:33","guid":{"rendered":"https:\/\/megamillionsticketonline.com\/avaleht\/"},"modified":"2025-08-23T22:29:33","modified_gmt":"2025-08-23T21:29:33","slug":"avaleht","status":"publish","type":"page","link":"https:\/\/megamillionsticketonline.com\/et\/","title":{"rendered":"Avaleht"},"content":{"rendered":"<p>Mega Millions Lotto on \u00fcks kuulsamaid loteriisid USA-s. Sellel on mitu v\u00f5iduv\u00f5imalust ja SUURT jackpoti auhinda, mis v\u00f5ib ulatuda 10-st kuni 600 miljoni dollarini! Aastal 2012 v\u00f5itis selle loterii jackpoti kokku kaheksa inimest. Kuid **2018. aastal v\u00f5ideti vapustav Mega Millionsi jackpot 1550 miljonit dollarit** \u2013 see on loteriiv\u00f5itude maailmarekord!<\/p>\n<p>Mega Millionsi loterii pakutavad jackpotid on v\u00f5rratud, need algavad suurusest, mis on v\u00f5rdne teiste loteriide pakutavate tippaegadega. Kuigi suurim hulk m\u00e4ngijaid on p\u00e4rit USA-st ja loterii on m\u00f5eldud selle riigi elanikele, on seda v\u00f5imalik m\u00e4ngida k\u00f5ikjal maailmas! <strong><span style=\"text-decoration: underline;\"><a href=\"https:\/\/redfoxlotto.com\/?ref=A8564250A2&amp;medium=memicom\" target=\"_blank\" rel=\"noopener\">Saate Mega Millionsi pileteid osta veebis RedFoxLotto abiga \u2013 k\u00fclastage seda lehte siin \u2013<\/a><\/span><\/strong> see ettev\u00f5te pakub piletite ostmist teie nimel USA-s ja seej\u00e4rel edastab need teile.<\/p>\n<p>Nende piletiteenuse abil saate n\u00fc\u00fcd osaleda <span style=\"text-decoration: underline;\"><a href=\"http:\/\/www.onlinelotto365.com\" target=\"_blank\" rel=\"noopener\">igas rahvusvahelises veebiloteriis<\/a><\/span> \u2013 nad pakuvad oma teenust enam kui 30 rahvusvahelise loterii jaoks. See annab teile palju parema v\u00f5imaluse v\u00f5ita Mega Millionsis tohutuid summasid v\u00f5rreldes kohaliku lotoga.<\/p>\n<h2>Kuidas see siis t\u00f6\u00f6tab?<\/h2>\n<p>Tegelikult on vaja teha 5 lihtsat sammu ja teie Mega Millionsi loteriipilet saadetakse teile e-postiga:<\/p>\n<ul>\n<li>Valige k\u00fclgmises veerus olevast loendist Mega Millionsi loterii v\u00f5i kl\u00f5psake selle artikli kohal oleval vidinal<\/li>\n<li>Sisestage oma \u00f5nnenumbrid v\u00f5i laske tarkvaral see teie eest teha (juhuslike numbrite generaatori, nn kiirvaliku abil)<\/li>\n<li>Valige liinide ja loosimiste arv, millele soovite loteriipiletit osta<\/li>\n<li>P\u00e4rast tellimuse vormistamist ostab RedFoxLotto agent teie nimel ja teie nimega teie tellitud pileti<\/li>\n<li>Hiljem leiate oma pileti oma kliendikontolt<\/li>\n<\/ul>\n<p>RedFoxLotto teenuseid kasutavad miljonid inimesed \u00fcle maailma. Nende m\u00e4ngijad on v\u00f5itnud miljoneid dollareid ja neil pole kunagi olnud probleeme auhindade kohaletoimetamisega. Piletil on valitud numbrite peal teie t\u00e4isnimi. Raha v\u00e4ljav\u00f5tmine ilma teie ette teatamata pole v\u00f5imalik, punkt.<\/p>\n<h2>Mega Millions pole ainus m\u00e4ng, mille loteriipileteid RedFoxLotto pakub<\/h2>\n<p>Samuti saate osaleda loteriides nagu PowerBall Lotto, El Gordo, Superenalotto, Euro Millions Lottery ja paljudes teistes. Suur eelis on see, et alati, kui teil veab, leiate alati v\u00e4hemalt \u00fche v\u00f5i mitu loteriijackpotti, mis on t\u00f5eliselt suured. Suurema auhinna nimel m\u00e4ngimine ilma pileti eest rohkem maksmata (v\u00f5rreldes v\u00e4iksema jackpotiga loteriiga) suurendab teie matemaatilisi v\u00f5imalusi v\u00f5ita suurt raha!<\/p>\n<h2>Mega Millions Loterii loosimised<\/h2>\n<p>Selle \u00fcrituse loosimised toimuvad kahel p\u00e4eval n\u00e4dalas \u2013 igal teisip\u00e4eval ja reedel kell 23.00 idaranniku aja j\u00e4rgi. Iga kord loositakse trumlist, millel on kokku 59 palli, v\u00e4lja 5 valget palli. Lisaks loositakse \u00fcks number 46 kollase palliga trumlist. Kollaseid palle tuntakse ka kui &#8220;MegaPalle&#8221;.<\/p>\n<p>Loosimisi kannab \u00fcle WSB-TV, mis asub Georgias Atlantas. P\u00e4rast Mega Millionsi pileti ostmist veebist ei pea te muretsema oma v\u00f5itude kaotamise p\u00e4rast \u2013 RedFoxLotto teenuste hulka kuulub v\u00f5iduteade e-posti teel!<\/p>\n<h2>V\u00f5iduv\u00f5imalused<\/h2>\n<p>Mega Millions pakub 9 erinevat auhinnataset. Jackpoti ehk peaauhinna v\u00f5itmiseks peate \u00f5igesti tabama 5 valge palli numbrit ja Mega palli. Selle t\u00f5en\u00e4osus on umbes 1:175 711 536,0000. Nagu n\u00e4ete, on see v\u00e4ike lootus, aga mitte v\u00f5imatu. L\u00f5ppude l\u00f5puks peab keegi loterii v\u00f5itma, eks?<\/p>\n<p>Keskmine peaauhind on umbes 60 miljonit dollarit ja v\u00f5idu korral makstakse teie lotov\u00f5it teile v\u00e4lja mitme aasta jooksul. Teise v\u00f5imalusena v\u00f5ite valida oma auhinna t\u00e4ieliku k\u00e4ttesaamise \u00fchekordse summana, kuid siis on v\u00e4ljamakse m\u00f5nev\u00f5rra v\u00e4iksem.<\/p>\n<p>Lisaks peaauhinnale on Megamillionsil v\u00f5imalik v\u00f5ita veel 8 auhinda. Iga auhinna v\u00f5itmise \u00fcldine t\u00f5en\u00e4osus on 1:39,89.<\/p>\n<p>T\u00e4ieliku \u00fclevaate v\u00f5imalikest Mega Millionsi rahalistest auhindadest ja nende v\u00f5itmise tingimustest leiate altpoolt:<\/p>\n<ul>\n<li>5 valget palli + Megapall \u2013 peav\u00f5it (jackpot)<\/li>\n<li>5 valget palli \u2013 250 000 dollarit<\/li>\n<li>4 valget palli + Megapall \u2013 10 000 dollarit<\/li>\n<li>4 valget palli \u2013 150 dollarit<\/li>\n<li>3 valget palli + Megapall \u2013 150 dollarit<\/li>\n<li>3 valget palli \u2013 7 dollarit<\/li>\n<li>2 valget palli + Megapall \u2013 10 dollarit<\/li>\n<li>1 valge pall + Megapall \u2013 3 dollarit<\/li>\n<li>Ainult Megapall \u2013 2 dollarit<\/li>\n<\/ul>\n<p>Mega Millionsi loto pakub ka lisafunktsiooni \u2013 MegaPlier. Enne iga loosimist toimub MegaPlier.J\u00e4rgmise loosimise jaoks valitakse r, mis v\u00f5ib olla kas 2x 3x v\u00f5i 4x. See kordaja rakendatakse seej\u00e4rel k\u00f5igile v\u00f5idetud auhindadele, v\u00e4lja arvatud jackpot. Selle funktsiooni kasutamiseks peate pileti ostmisel lisama 1 dollari.<\/p>\n<h2>Kas ma saan oma riigist Mega Millionsi m\u00e4ngida?<\/h2>\n<p>Mega Millionsi pileteid saab praegu traditsioonilisel viisil osta 42 USA osariigis, mis t\u00e4hendab, et pileteid saab osta igast kohalikust loteriim\u00fc\u00fcjast. Siiski saate seda loteriid m\u00e4ngida ka mujal maailmas. Seda saab teha RedFoxLotto abil, kus saate veebis osta pileteid k\u00f5igile planeedi populaarseimatele loteriidele, sealhulgas Megamillionsi loteriipiletitele.<\/p>\n","protected":false},"excerpt":{"rendered":"<p>Mega Millions Lotto on \u00fcks kuulsamaid loteriisid USA-s. Sellel on mitu v\u00f5iduv\u00f5imalust ja SUURT jackpoti auhinda, mis v\u00f5ib ulatuda 10-st kuni 600 miljoni dollarini! Aastal 2012 v\u00f5itis selle loterii jackpoti kokku kaheksa inimest. Kuid **2018. aastal v\u00f5ideti vapustav Mega Millionsi jackpot 1550 miljonit dollarit** \u2013 see on loteriiv\u00f5itude maailmarekord! Mega Millionsi loterii pakutavad jackpotid on&hellip;<\/p>\n","protected":false},"author":1,"featured_media":557,"parent":0,"menu_order":1,"comment_status":"closed","ping_status":"closed","template":"","meta":{"footnotes":""},"class_list":["post-556","page","type-page","status-publish","has-post-thumbnail","hentry"],"yoast_head":"<!-- This site is optimized with the Yoast SEO plugin v25.9 - https:\/\/yoast.com\/wordpress\/plugins\/seo\/ -->\n<title>Hankige veebist Mega Millionsi pilet ja v\u00f5idage suuri jackpote!<\/title>\n<meta name=\"description\" content=\"Mega Millionsi pileti saad osta veebist \u2013 pole vahet, kus sa elad!\" \/>\n<meta name=\"robots\" content=\"index, follow, max-snippet:-1, max-image-preview:large, max-video-preview:-1\" \/>\n<link rel=\"canonical\" href=\"https:\/\/megamillionsticketonline.com\/et\/\" \/>\n<meta property=\"og:locale\" content=\"et_EE\" \/>\n<meta property=\"og:type\" content=\"article\" \/>\n<meta property=\"og:title\" content=\"Hankige veebist Mega Millionsi pilet ja v\u00f5idage suuri jackpote!\" \/>\n<meta property=\"og:description\" content=\"Mega Millionsi pileti saad osta veebist \u2013 pole vahet, kus sa elad!\" \/>\n<meta property=\"og:url\" content=\"https:\/\/megamillionsticketonline.com\/et\/\" \/>\n<meta property=\"og:image\" content=\"https:\/\/megamillionsticketonline.com\/wp-content\/uploads\/2022\/03\/2020-landscape-1.png\" \/>\n\t<meta property=\"og:image:width\" content=\"1200\" \/>\n\t<meta property=\"og:image:height\" content=\"769\" \/>\n\t<meta property=\"og:image:type\" content=\"image\/png\" \/>\n<meta name=\"twitter:card\" content=\"summary_large_image\" \/>\n<meta name=\"twitter:label1\" content=\"Est. reading time\" \/>\n\t<meta name=\"twitter:data1\" content=\"4 minutit\" \/>\n<script type=\"application\/ld+json\" class=\"yoast-schema-graph\">{\"@context\":\"https:\/\/schema.org\",\"@graph\":[{\"@type\":\"WebPage\",\"@id\":\"https:\/\/megamillionsticketonline.com\/et\/\",\"url\":\"https:\/\/megamillionsticketonline.com\/et\/\",\"name\":\"Hankige veebist Mega Millionsi pilet ja v\u00f5idage suuri jackpote!\",\"isPartOf\":{\"@id\":\"https:\/\/megamillionsticketonline.com\/et\/#website\"},\"primaryImageOfPage\":{\"@id\":\"https:\/\/megamillionsticketonline.com\/et\/#primaryimage\"},\"image\":{\"@id\":\"https:\/\/megamillionsticketonline.com\/et\/#primaryimage\"},\"thumbnailUrl\":\"https:\/\/megamillionsticketonline.com\/wp-content\/uploads\/2022\/03\/2020-landscape-1.png\",\"datePublished\":\"2025-08-23T21:29:33+00:00\",\"description\":\"Mega Millionsi pileti saad osta veebist \u2013 pole vahet, kus sa elad!\",\"inLanguage\":\"et\",\"potentialAction\":[{\"@type\":\"ReadAction\",\"target\":[\"https:\/\/megamillionsticketonline.com\/et\/\"]}]},{\"@type\":\"ImageObject\",\"inLanguage\":\"et\",\"@id\":\"https:\/\/megamillionsticketonline.com\/et\/#primaryimage\",\"url\":\"https:\/\/megamillionsticketonline.com\/wp-content\/uploads\/2022\/03\/2020-landscape-1.png\",\"contentUrl\":\"https:\/\/megamillionsticketonline.com\/wp-content\/uploads\/2022\/03\/2020-landscape-1.png\",\"width\":1200,\"height\":769},{\"@type\":\"WebSite\",\"@id\":\"https:\/\/megamillionsticketonline.com\/et\/#website\",\"url\":\"https:\/\/megamillionsticketonline.com\/et\/\",\"name\":\"\",\"description\":\"\",\"potentialAction\":[{\"@type\":\"SearchAction\",\"target\":{\"@type\":\"EntryPoint\",\"urlTemplate\":\"https:\/\/megamillionsticketonline.com\/et\/?s={search_term_string}\"},\"query-input\":{\"@type\":\"PropertyValueSpecification\",\"valueRequired\":true,\"valueName\":\"search_term_string\"}}],\"inLanguage\":\"et\"}]}<\/script>\n<!-- \/ Yoast SEO plugin. -->","yoast_head_json":{"title":"Hankige veebist Mega Millionsi pilet ja v\u00f5idage suuri jackpote!","description":"Mega Millionsi pileti saad osta veebist \u2013 pole vahet, kus sa elad!","robots":{"index":"index","follow":"follow","max-snippet":"max-snippet:-1","max-image-preview":"max-image-preview:large","max-video-preview":"max-video-preview:-1"},"canonical":"https:\/\/megamillionsticketonline.com\/et\/","og_locale":"et_EE","og_type":"article","og_title":"Hankige veebist Mega Millionsi pilet ja v\u00f5idage suuri jackpote!","og_description":"Mega Millionsi pileti saad osta veebist \u2013 pole vahet, kus sa elad!","og_url":"https:\/\/megamillionsticketonline.com\/et\/","og_image":[{"width":1200,"height":769,"url":"https:\/\/megamillionsticketonline.com\/wp-content\/uploads\/2022\/03\/2020-landscape-1.png","type":"image\/png"}],"twitter_card":"summary_large_image","twitter_misc":{"Est. reading time":"4 minutit"},"schema":{"@context":"https:\/\/schema.org","@graph":[{"@type":"WebPage","@id":"https:\/\/megamillionsticketonline.com\/et\/","url":"https:\/\/megamillionsticketonline.com\/et\/","name":"Hankige veebist Mega Millionsi pilet ja v\u00f5idage suuri jackpote!","isPartOf":{"@id":"https:\/\/megamillionsticketonline.com\/et\/#website"},"primaryImageOfPage":{"@id":"https:\/\/megamillionsticketonline.com\/et\/#primaryimage"},"image":{"@id":"https:\/\/megamillionsticketonline.com\/et\/#primaryimage"},"thumbnailUrl":"https:\/\/megamillionsticketonline.com\/wp-content\/uploads\/2022\/03\/2020-landscape-1.png","datePublished":"2025-08-23T21:29:33+00:00","description":"Mega Millionsi pileti saad osta veebist \u2013 pole vahet, kus sa elad!","inLanguage":"et","potentialAction":[{"@type":"ReadAction","target":["https:\/\/megamillionsticketonline.com\/et\/"]}]},{"@type":"ImageObject","inLanguage":"et","@id":"https:\/\/megamillionsticketonline.com\/et\/#primaryimage","url":"https:\/\/megamillionsticketonline.com\/wp-content\/uploads\/2022\/03\/2020-landscape-1.png","contentUrl":"https:\/\/megamillionsticketonline.com\/wp-content\/uploads\/2022\/03\/2020-landscape-1.png","width":1200,"height":769},{"@type":"WebSite","@id":"https:\/\/megamillionsticketonline.com\/et\/#website","url":"https:\/\/megamillionsticketonline.com\/et\/","name":"","description":"","potentialAction":[{"@type":"SearchAction","target":{"@type":"EntryPoint","urlTemplate":"https:\/\/megamillionsticketonline.com\/et\/?s={search_term_string}"},"query-input":{"@type":"PropertyValueSpecification","valueRequired":true,"valueName":"search_term_string"}}],"inLanguage":"et"}]}},"_links":{"self":[{"href":"https:\/\/megamillionsticketonline.com\/et\/wp-json\/wp\/v2\/pages\/556","targetHints":{"allow":["GET"]}}],"collection":[{"href":"https:\/\/megamillionsticketonline.com\/et\/wp-json\/wp\/v2\/pages"}],"about":[{"href":"https:\/\/megamillionsticketonline.com\/et\/wp-json\/wp\/v2\/types\/page"}],"author":[{"embeddable":true,"href":"https:\/\/megamillionsticketonline.com\/et\/wp-json\/wp\/v2\/users\/1"}],"replies":[{"embeddable":true,"href":"https:\/\/megamillionsticketonline.com\/et\/wp-json\/wp\/v2\/comments?post=556"}],"version-history":[{"count":0,"href":"https:\/\/megamillionsticketonline.com\/et\/wp-json\/wp\/v2\/pages\/556\/revisions"}],"wp:featuredmedia":[{"embeddable":true,"href":"https:\/\/megamillionsticketonline.com\/et\/wp-json\/wp\/v2\/media\/557"}],"wp:attachment":[{"href":"https:\/\/megamillionsticketonline.com\/et\/wp-json\/wp\/v2\/media?parent=556"}],"curies":[{"name":"wp","href":"https:\/\/api.w.org\/{rel}","templated":true}]}}