{"id":237,"date":"2025-04-26T11:23:20","date_gmt":"2025-04-26T10:23:20","guid":{"rendered":"https:\/\/megamillionsticketonline.com\/hogar\/"},"modified":"2025-04-26T11:23:20","modified_gmt":"2025-04-26T10:23:20","slug":"hogar","status":"publish","type":"page","link":"https:\/\/megamillionsticketonline.com\/es\/","title":{"rendered":"Hogar"},"content":{"rendered":"<p>Mega Millions Lotto es una de las loter\u00edas m\u00e1s famosas de Estados Unidos. Ofrece varias maneras de ganar y un enorme premio mayor, que puede oscilar entre $10 y $600 millones. En 2012, ocho personas ganaron el premio mayor de esta loter\u00eda. Sin embargo, en 2018 se gan\u00f3 un asombroso premio mayor de $1550 millones: \u00a1un r\u00e9cord mundial para un premio de loter\u00eda!<\/p>\n<p>Los premios mayores que ofrece Mega Millions son inigualables, comenzando con un monto similar al que ofrecen otras loter\u00edas en sus horas pico. Si bien la mayor\u00eda de los jugadores son de Estados Unidos y la loter\u00eda est\u00e1 dise\u00f1ada para residentes de este pa\u00eds, \u00a1es posible jugar desde cualquier parte del mundo! <strong><span style=\"text-decoration: underline;\"><a href=\"https:\/\/redfoxlotto.com\/?ref=A8564250A2&amp;medium=memicom\" target=\"_blank\" rel=\"noopener\">Puede comprar boletos de Mega Millions en l\u00ednea con la ayuda de RedFoxLotto (haga clic aqu\u00ed para visitarlo).<\/a><\/span><\/strong> Esta empresa se encarga de comprar los boletos en su nombre en EE. UU. y luego se los env\u00eda.<\/p>\n<p>Con su servicio de venta de boletos, ahora puede participar en <span style=\"text-decoration: underline;\"><a href=\"http:\/\/www.onlinelotto365.com\" target=\"_blank\" rel=\"noopener\">cualquier loter\u00eda internacional en l\u00ednea<\/a><\/span>. Ofrecen su servicio para m\u00e1s de 30 loter\u00edas internacionales. Esto le brinda una oportunidad mucho mayor de ganar grandes cantidades de dinero en Mega Millions que en su loter\u00eda local. \u00bfC\u00f3mo funciona?<br \/>\nSon 5 sencillos pasos para recibir tu billete de Mega Millions por correo electr\u00f3nico:<\/p>\n<ul>\n<li>Elige la loter\u00eda Mega Millions de la lista en la columna lateral o haz clic en el widget que aparece sobre este art\u00edculo.<\/li>\n<li>Introduce tus n\u00fameros de la suerte o deja que el software lo haga por ti (mediante el generador de n\u00fameros aleatorios, llamado \u00abQuick Pick\u00bb).<\/li>\n<li>Selecciona el n\u00famero de l\u00edneas y sorteos para los que quieres comprar un billete.<\/li>\n<li>Despu\u00e9s de completar tu pedido, un agente de RedFoxLotto comprar\u00e1 el billete que has pedido, en tu nombre y con tu nombre.<\/li>\n<li>M\u00e1s tarde encontrar\u00e1s tu billete en tu cuenta de cliente.<\/li>\n<\/ul>\n<p>Millones de personas en todo el mundo utilizan los servicios de RedFoxLotto. Sus jugadores han ganado millones de d\u00f3lares y nunca han tenido problemas para recibir sus premios. El boleto muestra tu nombre completo, encima de los n\u00fameros elegidos. No es posible retirar fondos sin previo aviso.<\/p>\n<h2>Mega Millions no es el \u00fanico juego para el que RedFoxLotto ofrece boletos de loter\u00eda<\/h2>\n<p>Tambi\u00e9n puedes participar en loter\u00edas como PowerBall Lotto, El Gordo, Superenalotto, Euro Millions y muchas otras. La gran ventaja es que, cuando te sientas afortunado, siempre encontrar\u00e1s al menos uno o varios botes de loter\u00eda realmente grandes. Jugar por el premio mayor sin pagar m\u00e1s por el boleto (en comparaci\u00f3n con una loter\u00eda con un bote menor) aumenta tus posibilidades matem\u00e1ticas de ganar mucho dinero.<\/p>\n<h2>Sorteos de la Loter\u00eda Mega Millions<\/h2>\n<p>Los sorteos de este evento se realizan dos d\u00edas a la semana: martes y viernes a las 23:00 h, hora del este. Cada vez, se extraen 5 bolas blancas de un bombo, que contiene un total de 59 bolas. Adem\u00e1s, se extrae un n\u00famero de un bombo de 46 bolas amarillas. Las bolas amarillas tambi\u00e9n se conocen como \u00abMegaBalls\u00bb.<\/p>\n<p>Los sorteos son transmitidos por WSB-TV, ubicada en Atlanta, Georgia. No tiene que preocuparse por perder sus ganancias despu\u00e9s de comprar un boleto de Mega Millions en l\u00ednea: \u00a1la notificaci\u00f3n de su premio por correo electr\u00f3nico est\u00e1 incluida en los servicios de RedFoxLotto!<\/p>\n<h2>Formas de Ganar<\/h2>\n<p>Mega Millions ofrece 9 niveles de premios diferentes. Para ganar el premio mayor, tambi\u00e9n conocido como el Gran Premio, deber\u00e1 acertar los 5 n\u00fameros de las bolas blancas, adem\u00e1s de la Mega Ball. La probabilidad de que esto suceda es de aproximadamente 1 en 175.711.536.0000. Como puede ver, es una posibilidad remota, pero no imposible. Despu\u00e9s de todo, alguien tiene que ganar la loter\u00eda, \u00bfverdad?<\/p>\n<p>El Gran Premio promedio es de aproximadamente $60 millones y, en caso de ganar, el premio de loter\u00eda se pagar\u00e1 a lo largo de varios a\u00f1os. Tambi\u00e9n puede optar por recibir el premio completo en un solo pago, pero en ese caso el pago ser\u00e1 ligeramente menor.<\/p>\n<p>Adem\u00e1s del Gran Premio, hay 8 premios m\u00e1s que se pueden ganar en Megamillions. La probabilidad general de ganar cualquier premio es de 1 en 39.89.<\/p>\n<p>A continuaci\u00f3n, encontrar\u00e1 un resumen completo de los posibles premios en efectivo de Mega Millions y los requisitos para ganarlos:<\/p>\n<ul>\n<li>5 Bolas Blancas + La Mega Bola: El Gran Premio (Bote)<\/li>\n<li>5 Bolas Blancas: $250,000<\/li>\n<li>4 Bolas Blancas + La Mega Bola: $10,000<\/li>\n<li>4 Bolas Blancas: $150<\/li>\n<li>3 Bolas Blancas + La Mega Bola: $150<\/li>\n<li>3 Bolas Blancas: $7<\/li>\n<li>2 Bolas Blancas + La Mega Bola: $10<\/li>\n<li>1 Bola Blanca + La Mega Bola: $3<\/li>\n<li>Solo la Mega Bola: $2<\/li>\n<\/ul>\n<p>La loter\u00eda Mega Millions tambi\u00e9n ofrece una funci\u00f3n adicional: el MegaPlier. Antes de cada sorteo, se realiza un MegaPlier.Se selecciona r para el siguiente sorteo, que puede ser 2x, 3x o 4x. Este multiplicador se aplica a todos los premios ganados, excepto al bote. Para aprovechar esta funci\u00f3n, deber\u00e1 agregar $1 al comprar un boleto.<\/p>\n<h2>\u00bfPuedo jugar a Mega Millions desde mi pa\u00eds?<\/h2>\n<p>Actualmente, los boletos de Mega Millions se pueden comprar de forma tradicional en 42 estados de EE. UU., lo que significa que puede adquirirlos en cualquier loter\u00eda local. Sin embargo, tambi\u00e9n puede jugar a esta loter\u00eda desde cualquier lugar del mundo. Puede hacerlo a trav\u00e9s de RedFoxLotto, donde puede comprar boletos en l\u00ednea para todas las loter\u00edas m\u00e1s populares del planeta, incluyendo los boletos de la loter\u00eda Megamillions.<\/p>\n","protected":false},"excerpt":{"rendered":"<p>Mega Millions Lotto es una de las loter\u00edas m\u00e1s famosas de Estados Unidos. Ofrece varias maneras de ganar y un enorme premio mayor, que puede oscilar entre $10 y $600 millones. En 2012, ocho personas ganaron el premio mayor de esta loter\u00eda. Sin embargo, en 2018 se gan\u00f3 un asombroso premio mayor de $1550 millones:&hellip;<\/p>\n","protected":false},"author":1,"featured_media":96,"parent":0,"menu_order":1,"comment_status":"closed","ping_status":"closed","template":"","meta":{"footnotes":""},"class_list":["post-237","page","type-page","status-publish","has-post-thumbnail","hentry"],"yoast_head":"<!-- This site is optimized with the Yoast SEO plugin v25.9 - https:\/\/yoast.com\/wordpress\/plugins\/seo\/ -->\n<title>\u00a1Obt\u00e9n un boleto de Mega Millions en l\u00ednea y gana enormes botes!<\/title>\n<meta name=\"description\" content=\"Puedes comprar un boleto de Mega Millions en l\u00ednea: \u00a1no importa d\u00f3nde vivas!\" \/>\n<meta name=\"robots\" content=\"index, follow, max-snippet:-1, max-image-preview:large, max-video-preview:-1\" \/>\n<link rel=\"canonical\" href=\"https:\/\/megamillionsticketonline.com\/es\/\" \/>\n<meta property=\"og:locale\" content=\"es_ES\" \/>\n<meta property=\"og:type\" content=\"article\" \/>\n<meta property=\"og:title\" content=\"\u00a1Obt\u00e9n un boleto de Mega Millions en l\u00ednea y gana enormes botes!\" \/>\n<meta property=\"og:description\" content=\"Puedes comprar un boleto de Mega Millions en l\u00ednea: \u00a1no importa d\u00f3nde vivas!\" \/>\n<meta property=\"og:url\" content=\"https:\/\/megamillionsticketonline.com\/es\/\" \/>\n<meta property=\"og:image\" content=\"https:\/\/megamillionsticketonline.com\/wp-content\/uploads\/2022\/03\/2020-landscape-1.png\" \/>\n\t<meta property=\"og:image:width\" content=\"1200\" \/>\n\t<meta property=\"og:image:height\" content=\"769\" \/>\n\t<meta property=\"og:image:type\" content=\"image\/png\" \/>\n<meta name=\"twitter:card\" content=\"summary_large_image\" \/>\n<meta name=\"twitter:label1\" content=\"Tiempo de lectura\" \/>\n\t<meta name=\"twitter:data1\" content=\"5 minutos\" \/>\n<script type=\"application\/ld+json\" class=\"yoast-schema-graph\">{\"@context\":\"https:\/\/schema.org\",\"@graph\":[{\"@type\":\"WebPage\",\"@id\":\"https:\/\/megamillionsticketonline.com\/es\/\",\"url\":\"https:\/\/megamillionsticketonline.com\/es\/\",\"name\":\"\u00a1Obt\u00e9n un boleto de Mega Millions en l\u00ednea y gana enormes botes!\",\"isPartOf\":{\"@id\":\"https:\/\/megamillionsticketonline.com\/es\/#website\"},\"primaryImageOfPage\":{\"@id\":\"https:\/\/megamillionsticketonline.com\/es\/#primaryimage\"},\"image\":{\"@id\":\"https:\/\/megamillionsticketonline.com\/es\/#primaryimage\"},\"thumbnailUrl\":\"https:\/\/megamillionsticketonline.com\/wp-content\/uploads\/2022\/03\/2020-landscape-1.png\",\"datePublished\":\"2025-04-26T10:23:20+00:00\",\"description\":\"Puedes comprar un boleto de Mega Millions en l\u00ednea: \u00a1no importa d\u00f3nde vivas!\",\"inLanguage\":\"es\",\"potentialAction\":[{\"@type\":\"ReadAction\",\"target\":[\"https:\/\/megamillionsticketonline.com\/es\/\"]}]},{\"@type\":\"ImageObject\",\"inLanguage\":\"es\",\"@id\":\"https:\/\/megamillionsticketonline.com\/es\/#primaryimage\",\"url\":\"https:\/\/megamillionsticketonline.com\/wp-content\/uploads\/2022\/03\/2020-landscape-1.png\",\"contentUrl\":\"https:\/\/megamillionsticketonline.com\/wp-content\/uploads\/2022\/03\/2020-landscape-1.png\",\"width\":1200,\"height\":769},{\"@type\":\"WebSite\",\"@id\":\"https:\/\/megamillionsticketonline.com\/es\/#website\",\"url\":\"https:\/\/megamillionsticketonline.com\/es\/\",\"name\":\"\",\"description\":\"\",\"potentialAction\":[{\"@type\":\"SearchAction\",\"target\":{\"@type\":\"EntryPoint\",\"urlTemplate\":\"https:\/\/megamillionsticketonline.com\/es\/?s={search_term_string}\"},\"query-input\":{\"@type\":\"PropertyValueSpecification\",\"valueRequired\":true,\"valueName\":\"search_term_string\"}}],\"inLanguage\":\"es\"}]}<\/script>\n<!-- \/ Yoast SEO plugin. -->","yoast_head_json":{"title":"\u00a1Obt\u00e9n un boleto de Mega Millions en l\u00ednea y gana enormes botes!","description":"Puedes comprar un boleto de Mega Millions en l\u00ednea: \u00a1no importa d\u00f3nde vivas!","robots":{"index":"index","follow":"follow","max-snippet":"max-snippet:-1","max-image-preview":"max-image-preview:large","max-video-preview":"max-video-preview:-1"},"canonical":"https:\/\/megamillionsticketonline.com\/es\/","og_locale":"es_ES","og_type":"article","og_title":"\u00a1Obt\u00e9n un boleto de Mega Millions en l\u00ednea y gana enormes botes!","og_description":"Puedes comprar un boleto de Mega Millions en l\u00ednea: \u00a1no importa d\u00f3nde vivas!","og_url":"https:\/\/megamillionsticketonline.com\/es\/","og_image":[{"width":1200,"height":769,"url":"https:\/\/megamillionsticketonline.com\/wp-content\/uploads\/2022\/03\/2020-landscape-1.png","type":"image\/png"}],"twitter_card":"summary_large_image","twitter_misc":{"Tiempo de lectura":"5 minutos"},"schema":{"@context":"https:\/\/schema.org","@graph":[{"@type":"WebPage","@id":"https:\/\/megamillionsticketonline.com\/es\/","url":"https:\/\/megamillionsticketonline.com\/es\/","name":"\u00a1Obt\u00e9n un boleto de Mega Millions en l\u00ednea y gana enormes botes!","isPartOf":{"@id":"https:\/\/megamillionsticketonline.com\/es\/#website"},"primaryImageOfPage":{"@id":"https:\/\/megamillionsticketonline.com\/es\/#primaryimage"},"image":{"@id":"https:\/\/megamillionsticketonline.com\/es\/#primaryimage"},"thumbnailUrl":"https:\/\/megamillionsticketonline.com\/wp-content\/uploads\/2022\/03\/2020-landscape-1.png","datePublished":"2025-04-26T10:23:20+00:00","description":"Puedes comprar un boleto de Mega Millions en l\u00ednea: \u00a1no importa d\u00f3nde vivas!","inLanguage":"es","potentialAction":[{"@type":"ReadAction","target":["https:\/\/megamillionsticketonline.com\/es\/"]}]},{"@type":"ImageObject","inLanguage":"es","@id":"https:\/\/megamillionsticketonline.com\/es\/#primaryimage","url":"https:\/\/megamillionsticketonline.com\/wp-content\/uploads\/2022\/03\/2020-landscape-1.png","contentUrl":"https:\/\/megamillionsticketonline.com\/wp-content\/uploads\/2022\/03\/2020-landscape-1.png","width":1200,"height":769},{"@type":"WebSite","@id":"https:\/\/megamillionsticketonline.com\/es\/#website","url":"https:\/\/megamillionsticketonline.com\/es\/","name":"","description":"","potentialAction":[{"@type":"SearchAction","target":{"@type":"EntryPoint","urlTemplate":"https:\/\/megamillionsticketonline.com\/es\/?s={search_term_string}"},"query-input":{"@type":"PropertyValueSpecification","valueRequired":true,"valueName":"search_term_string"}}],"inLanguage":"es"}]}},"_links":{"self":[{"href":"https:\/\/megamillionsticketonline.com\/es\/wp-json\/wp\/v2\/pages\/237","targetHints":{"allow":["GET"]}}],"collection":[{"href":"https:\/\/megamillionsticketonline.com\/es\/wp-json\/wp\/v2\/pages"}],"about":[{"href":"https:\/\/megamillionsticketonline.com\/es\/wp-json\/wp\/v2\/types\/page"}],"author":[{"embeddable":true,"href":"https:\/\/megamillionsticketonline.com\/es\/wp-json\/wp\/v2\/users\/1"}],"replies":[{"embeddable":true,"href":"https:\/\/megamillionsticketonline.com\/es\/wp-json\/wp\/v2\/comments?post=237"}],"version-history":[{"count":0,"href":"https:\/\/megamillionsticketonline.com\/es\/wp-json\/wp\/v2\/pages\/237\/revisions"}],"wp:featuredmedia":[{"embeddable":true,"href":"https:\/\/megamillionsticketonline.com\/es\/wp-json\/wp\/v2\/media\/96"}],"wp:attachment":[{"href":"https:\/\/megamillionsticketonline.com\/es\/wp-json\/wp\/v2\/media?parent=237"}],"curies":[{"name":"wp","href":"https:\/\/api.w.org\/{rel}","templated":true}]}}