{"id":218,"date":"2025-04-26T11:06:04","date_gmt":"2025-04-26T10:06:04","guid":{"rendered":"https:\/\/megamillionsticketonline.com\/heim\/"},"modified":"2025-04-26T11:06:04","modified_gmt":"2025-04-26T10:06:04","slug":"heim","status":"publish","type":"page","link":"https:\/\/megamillionsticketonline.com\/de\/","title":{"rendered":"Heim"},"content":{"rendered":"<p>Mega Millions Lotto ist eine der bekanntesten Lotterien in den USA. Es bietet mehrere Gewinnm\u00f6glichkeiten und einen RIESIGEN Jackpot, der zwischen 10 und 600 Millionen US-Dollar liegen kann! Allein im Jahr 2012 gewannen acht Personen den Jackpot dieser Lotterie. 2018 wurde der <strong>atemberaubende Mega Millions Jackpot von 1550 Millionen US-Dollar<\/strong> geknackt \u2013 ein Weltrekord f\u00fcr einen Lotteriegewinn!<\/p>\n<p>Die Jackpots der Mega Millions sind un\u00fcbertroffen und beginnen bei einer H\u00f6he, die denen anderer Lotterien in Spitzenzeiten entspricht. Obwohl die meisten Spieler aus den USA kommen und die Lotterie f\u00fcr Einwohner dieses Landes konzipiert ist, kann man von \u00fcberall auf der Welt spielen! <strong><span style=\"text-decoration: underline;\"><a href=\"https:\/\/redfoxlotto.com\/?ref=A8564250A2&amp;medium=memicom\" target=\"_blank\" rel=\"noopener\">Sie k\u00f6nnen Mega Millions-Lose online bei RedFoxLotto kaufen \u2013 klicken Sie hier, um die Seite zu besuchen \u2013<\/a><\/span><\/strong>. Dieses Unternehmen kauft die Lose in Ihrem Namen in den USA und leitet sie Ihnen anschlie\u00dfend zu.<\/p>\n<p>Mit diesem Losservice k\u00f6nnen Sie nun an <span style=\"text-decoration: underline;\"><a href=\"http:\/\/www.onlinelotto365.com\" target=\"_blank\" rel=\"noopener\">jeder internationalen Lotterie online<\/a><\/span> teilnehmen \u2013 das Unternehmen bietet seinen Service f\u00fcr \u00fcber 30 internationale Lotterien an. Dadurch haben Sie bei Mega Millions deutlich bessere Chancen, enorme Geldbetr\u00e4ge zu gewinnen als bei Ihrem lokalen Lotto.<\/p>\n<h2>Wie funktioniert es?<\/h2>\n<p>In nur f\u00fcnf einfachen Schritten erhalten Sie Ihren Mega Millions-Lottoschein per E-Mail:<\/p>\n<ul>\n<li>W\u00e4hlen Sie die Mega Millions-Lotterie aus der Liste in der Seitenspalte oder klicken Sie auf das Widget \u00fcber diesem Artikel.<\/li>\n<li>Geben Sie Ihre Gl\u00fcckszahlen ein oder lassen Sie die Software dies f\u00fcr Sie tun (durch den Zufallszahlengenerator, den sogenannten \u201eQuick Pick\u201c).<\/li>\n<li>W\u00e4hlen Sie die Anzahl der Tippreihen und Ziehungen aus, f\u00fcr die Sie einen Lottoschein kaufen m\u00f6chten.<\/li>\n<li>Nachdem Sie Ihre Bestellung abgeschlossen haben, kauft ein Mitarbeiter von RedFoxLotto den von Ihnen bestellten Schein in Ihrem Namen und unter Ihrem Namen.<\/li>\n<li>Sie finden Ihren Schein sp\u00e4ter in Ihrem Kundenkonto.<\/li>\n<\/ul>\n<p>Millionen von Menschen weltweit nutzen die Dienste von RedFoxLotto. Unsere Spieler haben Millionen von Dollar gewonnen und hatten nie Probleme mit der Zustellung ihrer Gewinne. Auf dem Los steht Ihr vollst\u00e4ndiger Name \u00fcber den gew\u00e4hlten Zahlen. Eine unberechtigte Auszahlung ist nicht m\u00f6glich.<\/p>\n<h2>Mega Millions ist nicht das einzige Spiel, f\u00fcr das RedFoxLotto Lose anbietet.<\/h2>\n<p>Sie k\u00f6nnen auch an Lotterien wie PowerBall Lotto, El Gordo, Superenalotto, Euro Millions Lotterie und vielen anderen teilnehmen. Der gro\u00dfe Vorteil: Wann immer Sie Gl\u00fcck haben, finden Sie mindestens einen oder mehrere richtig hohe Jackpots. Wenn Sie um den h\u00f6heren Gewinn spielen, ohne mehr f\u00fcr das Los zu bezahlen (im Vergleich zu einer Lotterie mit einem kleineren Jackpot), erh\u00f6hen sich Ihre mathematischen Gewinnchancen!<\/p>\n<h2>Mega Millions Lotterie-Gewinnspiele<\/h2>\n<p>Die Gewinnspiele finden zweimal w\u00f6chentlich statt \u2013 jeden Dienstag und Freitag um 23:00 Uhr Eastern Time. Jedes Mal werden f\u00fcnf wei\u00dfe Kugeln aus einer Trommel mit insgesamt 59 Kugeln gezogen. Zus\u00e4tzlich wird eine Zahl aus einer Trommel mit 46 gelben Kugeln gezogen. Gelbe Kugeln werden auch \u201eMegaBalls\u201c genannt.<\/p>\n<p>Die Ziehungen werden von WSB-TV mit Sitz in Atlanta, Georgia, \u00fcbertragen. Sie m\u00fcssen sich keine Sorgen machen, Ihre Gewinne zu verpassen, wenn Sie ein Mega Millions-Los online kaufen \u2013 eine Gewinnbenachrichtigung per E-Mail ist im Service von RedFoxLotto inbegriffen!<\/p>\n<h2>Gewinnm\u00f6glichkeiten<\/h2>\n<p>Mega Millions bietet 9 verschiedene Gewinnstufen. Um den Jackpot, auch bekannt als Hauptpreis, zu gewinnen, m\u00fcssen Sie die 5 wei\u00dfen Zahlen sowie den Mega Ball richtig tippen. Die Wahrscheinlichkeit daf\u00fcr liegt bei etwa 1 zu 175.711.536.0000. Wie Sie sehen, ist es zwar unwahrscheinlich, aber nicht unm\u00f6glich. Schlie\u00dflich muss jemand im Lotto gewinnen, oder?<\/p>\n<p>Der durchschnittliche Hauptgewinn betr\u00e4gt rund 60 Millionen US-Dollar. Im Falle eines Gewinns wird Ihnen Ihr Lottogewinn \u00fcber mehrere Jahre ausgezahlt. Alternativ k\u00f6nnen Sie sich Ihren Gewinn auch als Einmalzahlung auszahlen lassen, die Auszahlung f\u00e4llt dann allerdings etwas geringer aus.<\/p>\n<p>Neben dem Hauptgewinn gibt es bei Megamillions acht weitere Preise zu gewinnen. Die Gewinnchancen liegen bei 1:39,89.<\/p>\n<p>Eine vollst\u00e4ndige \u00dcbersicht \u00fcber die m\u00f6glichen Mega Millions-Gewinne und die Gewinnvoraussetzungen finden Sie unten:<\/p>\n<ul>\n<li>5 wei\u00dfe Kugeln + Mega Ball \u2013 Hauptgewinn (Jackpot)<\/li>\n<li>5 wei\u00dfe Kugeln \u2013 250.000 $<\/li>\n<li>4 wei\u00dfe Kugeln + Mega Ball \u2013 10.000 $<\/li>\n<li>4 wei\u00dfe Kugeln \u2013 150 $<\/li>\n<li>3 wei\u00dfe Kugeln + Mega Ball \u2013 150 $<\/li>\n<li>3 wei\u00dfe Kugeln \u2013 7 $<\/li>\n<li>2 wei\u00dfe Kugeln + Mega Ball \u2013 10 $<\/li>\n<li>1 wei\u00dfe Kugel + Mega Ball \u2013 3 $<\/li>\n<li>Der Mega Ball allein \u2013 2 $<\/li>\n<\/ul>\n<p>Mega Millions Lotto bietet au\u00dferdem eine zus\u00e4tzliche Funktion: den MegaPlier. Vor jeder Ziehung wird ein MegaPlier durchgef\u00fchrt.F\u00fcr die n\u00e4chste Ziehung wird ein Multiplikator ausgew\u00e4hlt, der entweder 2x, 3x oder 4x sein kann. Dieser Multiplikator wird auf alle Gewinne au\u00dfer dem Jackpot angewendet. Um diese Funktion nutzen zu k\u00f6nnen, m\u00fcssen Sie beim Kauf eines Loses 1 $ hinzuf\u00fcgen.<\/p>\n<h2>Kann ich Mega Millions von meinem Land aus spielen?<\/h2>\n<p>Mega Millions-Lose k\u00f6nnen derzeit in 42 Bundesstaaten der USA auf herk\u00f6mmliche Weise erworben werden, d. h. Sie k\u00f6nnen Lose bei jedem lokalen Lotterieh\u00e4ndler kaufen. Sie k\u00f6nnen diese Lotterie aber auch von jedem anderen Ort der Welt aus spielen. Nutzen Sie dazu RedFoxLotto, wo Sie Lose f\u00fcr alle beliebten Lotterien der Welt online kaufen k\u00f6nnen, einschlie\u00dflich Megamillions-Lose.<\/p>\n","protected":false},"excerpt":{"rendered":"<p>Mega Millions Lotto ist eine der bekanntesten Lotterien in den USA. Es bietet mehrere Gewinnm\u00f6glichkeiten und einen RIESIGEN Jackpot, der zwischen 10 und 600 Millionen US-Dollar liegen kann! Allein im Jahr 2012 gewannen acht Personen den Jackpot dieser Lotterie. 2018 wurde der atemberaubende Mega Millions Jackpot von 1550 Millionen US-Dollar geknackt \u2013 ein Weltrekord f\u00fcr&hellip;<\/p>\n","protected":false},"author":1,"featured_media":219,"parent":0,"menu_order":1,"comment_status":"closed","ping_status":"closed","template":"","meta":{"footnotes":""},"class_list":["post-218","page","type-page","status-publish","has-post-thumbnail","hentry"],"yoast_head":"<!-- This site is optimized with the Yoast SEO plugin v25.9 - https:\/\/yoast.com\/wordpress\/plugins\/seo\/ -->\n<title>Holen Sie sich online ein Mega Millions-Los und gewinnen Sie riesige Jackpots!<\/title>\n<meta name=\"description\" content=\"Sie k\u00f6nnen ein Mega Millions-Los online kaufen \u2013 egal, wo Sie wohnen!\" \/>\n<meta name=\"robots\" content=\"index, follow, max-snippet:-1, max-image-preview:large, max-video-preview:-1\" \/>\n<link rel=\"canonical\" href=\"https:\/\/megamillionsticketonline.com\/de\/\" \/>\n<meta property=\"og:locale\" content=\"de_DE\" \/>\n<meta property=\"og:type\" content=\"article\" \/>\n<meta property=\"og:title\" content=\"Holen Sie sich online ein Mega Millions-Los und gewinnen Sie riesige Jackpots!\" \/>\n<meta property=\"og:description\" content=\"Sie k\u00f6nnen ein Mega Millions-Los online kaufen \u2013 egal, wo Sie wohnen!\" \/>\n<meta property=\"og:url\" content=\"https:\/\/megamillionsticketonline.com\/de\/\" \/>\n<meta property=\"og:image\" content=\"https:\/\/megamillionsticketonline.com\/wp-content\/uploads\/2022\/03\/2020-landscape-1.png\" \/>\n\t<meta property=\"og:image:width\" content=\"1200\" \/>\n\t<meta property=\"og:image:height\" content=\"769\" \/>\n\t<meta property=\"og:image:type\" content=\"image\/png\" \/>\n<meta name=\"twitter:card\" content=\"summary_large_image\" \/>\n<meta name=\"twitter:label1\" content=\"Gesch\u00e4tzte Lesezeit\" \/>\n\t<meta name=\"twitter:data1\" content=\"4\u00a0Minuten\" \/>\n<script type=\"application\/ld+json\" class=\"yoast-schema-graph\">{\"@context\":\"https:\/\/schema.org\",\"@graph\":[{\"@type\":\"WebPage\",\"@id\":\"https:\/\/megamillionsticketonline.com\/de\/\",\"url\":\"https:\/\/megamillionsticketonline.com\/de\/\",\"name\":\"Holen Sie sich online ein Mega Millions-Los und gewinnen Sie riesige Jackpots!\",\"isPartOf\":{\"@id\":\"https:\/\/megamillionsticketonline.com\/de\/#website\"},\"primaryImageOfPage\":{\"@id\":\"https:\/\/megamillionsticketonline.com\/de\/#primaryimage\"},\"image\":{\"@id\":\"https:\/\/megamillionsticketonline.com\/de\/#primaryimage\"},\"thumbnailUrl\":\"https:\/\/megamillionsticketonline.com\/wp-content\/uploads\/2022\/03\/2020-landscape-1.png\",\"datePublished\":\"2025-04-26T10:06:04+00:00\",\"description\":\"Sie k\u00f6nnen ein Mega Millions-Los online kaufen \u2013 egal, wo Sie wohnen!\",\"inLanguage\":\"de\",\"potentialAction\":[{\"@type\":\"ReadAction\",\"target\":[\"https:\/\/megamillionsticketonline.com\/de\/\"]}]},{\"@type\":\"ImageObject\",\"inLanguage\":\"de\",\"@id\":\"https:\/\/megamillionsticketonline.com\/de\/#primaryimage\",\"url\":\"https:\/\/megamillionsticketonline.com\/wp-content\/uploads\/2022\/03\/2020-landscape-1.png\",\"contentUrl\":\"https:\/\/megamillionsticketonline.com\/wp-content\/uploads\/2022\/03\/2020-landscape-1.png\",\"width\":1200,\"height\":769},{\"@type\":\"WebSite\",\"@id\":\"https:\/\/megamillionsticketonline.com\/de\/#website\",\"url\":\"https:\/\/megamillionsticketonline.com\/de\/\",\"name\":\"\",\"description\":\"\",\"potentialAction\":[{\"@type\":\"SearchAction\",\"target\":{\"@type\":\"EntryPoint\",\"urlTemplate\":\"https:\/\/megamillionsticketonline.com\/de\/?s={search_term_string}\"},\"query-input\":{\"@type\":\"PropertyValueSpecification\",\"valueRequired\":true,\"valueName\":\"search_term_string\"}}],\"inLanguage\":\"de\"}]}<\/script>\n<!-- \/ Yoast SEO plugin. -->","yoast_head_json":{"title":"Holen Sie sich online ein Mega Millions-Los und gewinnen Sie riesige Jackpots!","description":"Sie k\u00f6nnen ein Mega Millions-Los online kaufen \u2013 egal, wo Sie wohnen!","robots":{"index":"index","follow":"follow","max-snippet":"max-snippet:-1","max-image-preview":"max-image-preview:large","max-video-preview":"max-video-preview:-1"},"canonical":"https:\/\/megamillionsticketonline.com\/de\/","og_locale":"de_DE","og_type":"article","og_title":"Holen Sie sich online ein Mega Millions-Los und gewinnen Sie riesige Jackpots!","og_description":"Sie k\u00f6nnen ein Mega Millions-Los online kaufen \u2013 egal, wo Sie wohnen!","og_url":"https:\/\/megamillionsticketonline.com\/de\/","og_image":[{"width":1200,"height":769,"url":"https:\/\/megamillionsticketonline.com\/wp-content\/uploads\/2022\/03\/2020-landscape-1.png","type":"image\/png"}],"twitter_card":"summary_large_image","twitter_misc":{"Gesch\u00e4tzte Lesezeit":"4\u00a0Minuten"},"schema":{"@context":"https:\/\/schema.org","@graph":[{"@type":"WebPage","@id":"https:\/\/megamillionsticketonline.com\/de\/","url":"https:\/\/megamillionsticketonline.com\/de\/","name":"Holen Sie sich online ein Mega Millions-Los und gewinnen Sie riesige Jackpots!","isPartOf":{"@id":"https:\/\/megamillionsticketonline.com\/de\/#website"},"primaryImageOfPage":{"@id":"https:\/\/megamillionsticketonline.com\/de\/#primaryimage"},"image":{"@id":"https:\/\/megamillionsticketonline.com\/de\/#primaryimage"},"thumbnailUrl":"https:\/\/megamillionsticketonline.com\/wp-content\/uploads\/2022\/03\/2020-landscape-1.png","datePublished":"2025-04-26T10:06:04+00:00","description":"Sie k\u00f6nnen ein Mega Millions-Los online kaufen \u2013 egal, wo Sie wohnen!","inLanguage":"de","potentialAction":[{"@type":"ReadAction","target":["https:\/\/megamillionsticketonline.com\/de\/"]}]},{"@type":"ImageObject","inLanguage":"de","@id":"https:\/\/megamillionsticketonline.com\/de\/#primaryimage","url":"https:\/\/megamillionsticketonline.com\/wp-content\/uploads\/2022\/03\/2020-landscape-1.png","contentUrl":"https:\/\/megamillionsticketonline.com\/wp-content\/uploads\/2022\/03\/2020-landscape-1.png","width":1200,"height":769},{"@type":"WebSite","@id":"https:\/\/megamillionsticketonline.com\/de\/#website","url":"https:\/\/megamillionsticketonline.com\/de\/","name":"","description":"","potentialAction":[{"@type":"SearchAction","target":{"@type":"EntryPoint","urlTemplate":"https:\/\/megamillionsticketonline.com\/de\/?s={search_term_string}"},"query-input":{"@type":"PropertyValueSpecification","valueRequired":true,"valueName":"search_term_string"}}],"inLanguage":"de"}]}},"_links":{"self":[{"href":"https:\/\/megamillionsticketonline.com\/de\/wp-json\/wp\/v2\/pages\/218","targetHints":{"allow":["GET"]}}],"collection":[{"href":"https:\/\/megamillionsticketonline.com\/de\/wp-json\/wp\/v2\/pages"}],"about":[{"href":"https:\/\/megamillionsticketonline.com\/de\/wp-json\/wp\/v2\/types\/page"}],"author":[{"embeddable":true,"href":"https:\/\/megamillionsticketonline.com\/de\/wp-json\/wp\/v2\/users\/1"}],"replies":[{"embeddable":true,"href":"https:\/\/megamillionsticketonline.com\/de\/wp-json\/wp\/v2\/comments?post=218"}],"version-history":[{"count":0,"href":"https:\/\/megamillionsticketonline.com\/de\/wp-json\/wp\/v2\/pages\/218\/revisions"}],"wp:featuredmedia":[{"embeddable":true,"href":"https:\/\/megamillionsticketonline.com\/de\/wp-json\/wp\/v2\/media\/219"}],"wp:attachment":[{"href":"https:\/\/megamillionsticketonline.com\/de\/wp-json\/wp\/v2\/media?parent=218"}],"curies":[{"name":"wp","href":"https:\/\/api.w.org\/{rel}","templated":true}]}}