{"id":228,"date":"2025-04-26T11:15:41","date_gmt":"2025-04-26T10:15:41","guid":{"rendered":"https:\/\/megamillionsticketonline.com\/hjem\/"},"modified":"2025-04-26T11:15:41","modified_gmt":"2025-04-26T10:15:41","slug":"hjem","status":"publish","type":"page","link":"https:\/\/megamillionsticketonline.com\/da\/","title":{"rendered":"Hjem"},"content":{"rendered":"<p>Mega Millions Lotto er et af de mest ber\u00f8mte lotterier i USA. Det har flere m\u00e5der at vinde p\u00e5 og en K\u00c6MPE jackpotpr\u00e6mie, som kan v\u00e6re alt fra $10 til $600 MILLIONER! I \u00e5r 2012 vandt i alt otte personer jackpotpr\u00e6mien i dette lotteri. Imidlertid blev en svimlende Mega Millions jackpot p\u00e5 $1550 millioner vundet i 2018 &#8211; en verdensrekord for en lotteripr\u00e6mie!<\/p>\n<p>Jackpotsene, der tilbydes af Mega Millions-lotteriet, er uovertrufne, de starter p\u00e5 en st\u00f8rrelse, der svarer til, hvad andre lotterier tilbyder i deres spidsbelastningsperioder. Selvom det st\u00f8rste antal spillere er fra USA, og lotteriet er designet til indbyggere i dette land, er det muligt at spille det fra hvor som helst i verden! <strong><span style=\"text-decoration: underline;\"><a href=\"https:\/\/redfoxlotto.com\/?ref=A8564250A2&amp;medium=memicom\" target=\"_blank\" rel=\"noopener\">Du kan k\u00f8be Mega Millions-kuponer online ved hj\u00e6lp af RedFoxLotto &#8211; klik her for at bes\u00f8ge &#8211;<\/a><\/span><\/strong> dette firma tilbyder at k\u00f8be kuponer p\u00e5 dine vegne i USA og videresender dem derefter til dig.<\/p>\n<p>Med deres billetservice kan du nu deltage i <span style=\"text-decoration: underline;\"><a href=\"http:\/\/www.onlinelotto365.com\" target=\"_blank\" rel=\"noopener\">ethvert internationalt lotteri online<\/a><\/span> &#8211; de tilbyder deres service til over 30 internationale lotterier. Det giver dig en langt bedre chance for at vinde enorme m\u00e6ngder penge hos Mega Millions sammenlignet med dit lokale lotteri.<\/p>\n<h2>S\u00e5 hvordan fungerer det?<\/h2>\n<p>Der er faktisk 5 nemme trin, der skal udf\u00f8res, og du vil f\u00e5 din Mega Millions lottokupon sendt til dig via e-mail:<\/p>\n<ul>\n<li>V\u00e6lg Mega Millions lotto fra listen i sidekolonnen, eller klik p\u00e5 widgetten over denne artikel<\/li>\n<li>Indtast dine lykketal, eller lad softwaren g\u00f8re det for dig (via tilf\u00e6ldighedstalgeneratoren, den s\u00e5kaldte &#8220;Quick Pick&#8221;)<\/li>\n<li>V\u00e6lg antallet af linjer og tr\u00e6kninger, du vil k\u00f8be en lottokupon til<\/li>\n<li>N\u00e5r du har gennemf\u00f8rt din ordre, vil en agent fra RedFoxLotto derefter k\u00f8be den kupon, du har bestilt, p\u00e5 dine vegne og med dit navn p\u00e5 den<\/li>\n<li>Du finder senere din kupon p\u00e5 din kundekonto<\/li>\n<\/ul>\n<p>RedFoxLottos tjenester bruges af millioner af mennesker over hele kloden. Deres spillere har vundet millioner af dollars og har aldrig haft problemer med at f\u00e5 deres pr\u00e6mier leveret. Lodkuponen viser dit fulde navn oven p\u00e5 de valgte tal. Det er ikke muligt at h\u00e6ve penge uden din varsel, punktum.<\/p>\n<h2>Mega Millions er ikke det eneste spil, RedFoxLotto tilbyder lotterikuponer til<\/h2>\n<p>Du kan ogs\u00e5 deltage i lotterier som PowerBall Lotto, El Gordo, Superenalotto, Euro Millions Lottery og mange andre. Den store fordel er, at n\u00e5r du f\u00f8ler dig heldig, vil du altid opdage, at mindst en eller flere lotto-jackpots er virkelig store. At spille om den st\u00f8rre gevinst uden at betale mere for kuponen (sammenlignet med et lotteri med en mindre jackpot) \u00f8ger dine matematiske chancer for at vinde store penge!<\/p>\n<h2>Mega Millions Lotteripr\u00e6mielodtr\u00e6kninger<\/h2>\n<p>Pr\u00e6mielodtr\u00e6kningerne til denne begivenhed afholdes to dage om ugen \u2013 hver tirsdag og fredag \u200b\u200bkl. 23.00 Eastern Time. Hver gang tr\u00e6kkes 5 hvide kugler ud af en tromle, som indeholder i alt 59 kugler. Derudover tr\u00e6kkes et tal fra en tromle med 46 gule kugler. Gule kugler er ogs\u00e5 kendt som &#8220;MegaBalls&#8221;.<\/p>\n<p>Lodtr\u00e6kningerne sendes af WSB-TV, som er placeret i Georgia, Atlanta. Du beh\u00f8ver ikke bekymre dig om at g\u00e5 glip af dine gevinster, n\u00e5r du har k\u00f8bt en Mega Millions-kupon online &#8211; besked om en gevinst via e-mail er inkluderet i RedFoxLottos tjenester!<\/p>\n<h2>M\u00e5der at vinde<\/h2>\n<p>Mega Millions tilbyder 9 forskellige pr\u00e6mieniveauer. For at vinde jackpotten, ogs\u00e5 kendt som hovedpr\u00e6mien, skal du f\u00e5 de 5 hvide kugletal korrekt, s\u00e5vel som Mega Ball. Oddsene for at dette sker er omkring 1 ud af 175.711.536,0000. Som du kan se, er det en lang chance, men ikke umulig. Nogen skal jo vinde i lotteriet, ikke?<\/p>\n<p>Den gennemsnitlige hovedpr\u00e6mie er omkring 60 millioner dollars, og hvis du skulle vinde, vil din lottopr\u00e6mie blive udbetalt til dig over en \u00e5rr\u00e6kke. Alternativt kan du v\u00e6lge at modtage din pr\u00e6mie i sin helhed som et engangsbel\u00f8b, men s\u00e5 vil udbetalingen v\u00e6re noget lavere.<\/p>\n<p>Ud over hovedpr\u00e6mien er der 8 andre pr\u00e6mier, der kan vindes hos Megamillions. De samlede odds for at vinde en pr\u00e6mie er 1 til 39,89.<\/p>\n<p>Find en fuld oversigt over mulige Mega Millions-pengepr\u00e6mier og krav for at vinde dem nedenfor:<\/p>\n<ul>\n<li>5 hvide kugler + Megakuglen \u2013 Hovedpr\u00e6mien (Jackpot)<\/li>\n<li>5 hvide kugler &#8211; $250.000<\/li>\n<li>4 hvide kugler + Megakuglen &#8211; $10.000<\/li>\n<li>4 hvide kugler &#8211; $150<\/li>\n<li>3 hvide kugler + Megakuglen &#8211; $150<\/li>\n<li>3 hvide kugler &#8211; $7<\/li>\n<li>2 hvide kugler + Megakuglen &#8211; $10<\/li>\n<li>1 hvid kugle + Megakuglen &#8211; $3<\/li>\n<li>Alene Megakuglen &#8211; $2<\/li>\n<\/ul>\n<p>Mega Millions Lotto tilbyder ogs\u00e5 en ekstra funktion \u2013 MegaPlier. F\u00f8r hver tr\u00e6kning udf\u00f8res en MegaPlierr er valgt til den f\u00f8lgende tr\u00e6kning, som enten kan v\u00e6re 2x 3x eller 4x. Denne multiplikator anvendes derefter p\u00e5 alle de vundne pr\u00e6mier, undtagen jackpotten. For at drage fordel af denne funktion skal du tilf\u00f8je $1, n\u00e5r du k\u00f8ber en lodseddel.<\/p>\n<h2>Kan jeg spille Mega Millions fra mit land?<\/h2>\n<p>Mega Millions-lodsedler kan i \u00f8jeblikket k\u00f8bes p\u00e5 traditionel vis i 42 stater i USA, hvilket betyder, at du kan k\u00f8be lodsedler hos enhver lokal lotteriforhandler. Du kan dog ogs\u00e5 spille dette lotteri fra ethvert andet sted i verden. Dette kan g\u00f8res ved at bruge RedFoxLotto, hvor du kan k\u00f8be lodsedler online til alle de mest popul\u00e6re lotterier p\u00e5 planeten, inklusive Mega Millions-lodsedler.<\/p>\n","protected":false},"excerpt":{"rendered":"<p>Mega Millions Lotto er et af de mest ber\u00f8mte lotterier i USA. Det har flere m\u00e5der at vinde p\u00e5 og en K\u00c6MPE jackpotpr\u00e6mie, som kan v\u00e6re alt fra $10 til $600 MILLIONER! I \u00e5r 2012 vandt i alt otte personer jackpotpr\u00e6mien i dette lotteri. Imidlertid blev en svimlende Mega Millions jackpot p\u00e5 $1550 millioner vundet&hellip;<\/p>\n","protected":false},"author":1,"featured_media":88,"parent":0,"menu_order":1,"comment_status":"closed","ping_status":"closed","template":"","meta":{"footnotes":""},"class_list":["post-228","page","type-page","status-publish","has-post-thumbnail","hentry"],"yoast_head":"<!-- This site is optimized with the Yoast SEO plugin v25.9 - https:\/\/yoast.com\/wordpress\/plugins\/seo\/ -->\n<title>F\u00e5 en Mega Millions-kupon online og vind store jackpots!<\/title>\n<meta name=\"description\" content=\"Du kan k\u00f8be en Mega Millions-kupon online - det er ligegyldigt, hvor du bor!\" \/>\n<meta name=\"robots\" content=\"index, follow, max-snippet:-1, max-image-preview:large, max-video-preview:-1\" \/>\n<link rel=\"canonical\" href=\"https:\/\/megamillionsticketonline.com\/da\/\" \/>\n<meta property=\"og:locale\" content=\"da_DK\" \/>\n<meta property=\"og:type\" content=\"article\" \/>\n<meta property=\"og:title\" content=\"F\u00e5 en Mega Millions-kupon online og vind store jackpots!\" \/>\n<meta property=\"og:description\" content=\"Du kan k\u00f8be en Mega Millions-kupon online - det er ligegyldigt, hvor du bor!\" \/>\n<meta property=\"og:url\" content=\"https:\/\/megamillionsticketonline.com\/da\/\" \/>\n<meta property=\"og:image\" content=\"https:\/\/megamillionsticketonline.com\/wp-content\/uploads\/2022\/03\/2020-landscape-1.png\" \/>\n\t<meta property=\"og:image:width\" content=\"1200\" \/>\n\t<meta property=\"og:image:height\" content=\"769\" \/>\n\t<meta property=\"og:image:type\" content=\"image\/png\" \/>\n<meta name=\"twitter:card\" content=\"summary_large_image\" \/>\n<meta name=\"twitter:label1\" content=\"Estimeret l\u00e6setid\" \/>\n\t<meta name=\"twitter:data1\" content=\"4 minutter\" \/>\n<script type=\"application\/ld+json\" class=\"yoast-schema-graph\">{\"@context\":\"https:\/\/schema.org\",\"@graph\":[{\"@type\":\"WebPage\",\"@id\":\"https:\/\/megamillionsticketonline.com\/da\/\",\"url\":\"https:\/\/megamillionsticketonline.com\/da\/\",\"name\":\"F\u00e5 en Mega Millions-kupon online og vind store jackpots!\",\"isPartOf\":{\"@id\":\"https:\/\/megamillionsticketonline.com\/da\/#website\"},\"primaryImageOfPage\":{\"@id\":\"https:\/\/megamillionsticketonline.com\/da\/#primaryimage\"},\"image\":{\"@id\":\"https:\/\/megamillionsticketonline.com\/da\/#primaryimage\"},\"thumbnailUrl\":\"https:\/\/megamillionsticketonline.com\/wp-content\/uploads\/2022\/03\/2020-landscape-1.png\",\"datePublished\":\"2025-04-26T10:15:41+00:00\",\"description\":\"Du kan k\u00f8be en Mega Millions-kupon online - det er ligegyldigt, hvor du bor!\",\"inLanguage\":\"da-DK\",\"potentialAction\":[{\"@type\":\"ReadAction\",\"target\":[\"https:\/\/megamillionsticketonline.com\/da\/\"]}]},{\"@type\":\"ImageObject\",\"inLanguage\":\"da-DK\",\"@id\":\"https:\/\/megamillionsticketonline.com\/da\/#primaryimage\",\"url\":\"https:\/\/megamillionsticketonline.com\/wp-content\/uploads\/2022\/03\/2020-landscape-1.png\",\"contentUrl\":\"https:\/\/megamillionsticketonline.com\/wp-content\/uploads\/2022\/03\/2020-landscape-1.png\",\"width\":1200,\"height\":769},{\"@type\":\"WebSite\",\"@id\":\"https:\/\/megamillionsticketonline.com\/da\/#website\",\"url\":\"https:\/\/megamillionsticketonline.com\/da\/\",\"name\":\"\",\"description\":\"\",\"potentialAction\":[{\"@type\":\"SearchAction\",\"target\":{\"@type\":\"EntryPoint\",\"urlTemplate\":\"https:\/\/megamillionsticketonline.com\/da\/?s={search_term_string}\"},\"query-input\":{\"@type\":\"PropertyValueSpecification\",\"valueRequired\":true,\"valueName\":\"search_term_string\"}}],\"inLanguage\":\"da-DK\"}]}<\/script>\n<!-- \/ Yoast SEO plugin. -->","yoast_head_json":{"title":"F\u00e5 en Mega Millions-kupon online og vind store jackpots!","description":"Du kan k\u00f8be en Mega Millions-kupon online - det er ligegyldigt, hvor du bor!","robots":{"index":"index","follow":"follow","max-snippet":"max-snippet:-1","max-image-preview":"max-image-preview:large","max-video-preview":"max-video-preview:-1"},"canonical":"https:\/\/megamillionsticketonline.com\/da\/","og_locale":"da_DK","og_type":"article","og_title":"F\u00e5 en Mega Millions-kupon online og vind store jackpots!","og_description":"Du kan k\u00f8be en Mega Millions-kupon online - det er ligegyldigt, hvor du bor!","og_url":"https:\/\/megamillionsticketonline.com\/da\/","og_image":[{"width":1200,"height":769,"url":"https:\/\/megamillionsticketonline.com\/wp-content\/uploads\/2022\/03\/2020-landscape-1.png","type":"image\/png"}],"twitter_card":"summary_large_image","twitter_misc":{"Estimeret l\u00e6setid":"4 minutter"},"schema":{"@context":"https:\/\/schema.org","@graph":[{"@type":"WebPage","@id":"https:\/\/megamillionsticketonline.com\/da\/","url":"https:\/\/megamillionsticketonline.com\/da\/","name":"F\u00e5 en Mega Millions-kupon online og vind store jackpots!","isPartOf":{"@id":"https:\/\/megamillionsticketonline.com\/da\/#website"},"primaryImageOfPage":{"@id":"https:\/\/megamillionsticketonline.com\/da\/#primaryimage"},"image":{"@id":"https:\/\/megamillionsticketonline.com\/da\/#primaryimage"},"thumbnailUrl":"https:\/\/megamillionsticketonline.com\/wp-content\/uploads\/2022\/03\/2020-landscape-1.png","datePublished":"2025-04-26T10:15:41+00:00","description":"Du kan k\u00f8be en Mega Millions-kupon online - det er ligegyldigt, hvor du bor!","inLanguage":"da-DK","potentialAction":[{"@type":"ReadAction","target":["https:\/\/megamillionsticketonline.com\/da\/"]}]},{"@type":"ImageObject","inLanguage":"da-DK","@id":"https:\/\/megamillionsticketonline.com\/da\/#primaryimage","url":"https:\/\/megamillionsticketonline.com\/wp-content\/uploads\/2022\/03\/2020-landscape-1.png","contentUrl":"https:\/\/megamillionsticketonline.com\/wp-content\/uploads\/2022\/03\/2020-landscape-1.png","width":1200,"height":769},{"@type":"WebSite","@id":"https:\/\/megamillionsticketonline.com\/da\/#website","url":"https:\/\/megamillionsticketonline.com\/da\/","name":"","description":"","potentialAction":[{"@type":"SearchAction","target":{"@type":"EntryPoint","urlTemplate":"https:\/\/megamillionsticketonline.com\/da\/?s={search_term_string}"},"query-input":{"@type":"PropertyValueSpecification","valueRequired":true,"valueName":"search_term_string"}}],"inLanguage":"da-DK"}]}},"_links":{"self":[{"href":"https:\/\/megamillionsticketonline.com\/da\/wp-json\/wp\/v2\/pages\/228","targetHints":{"allow":["GET"]}}],"collection":[{"href":"https:\/\/megamillionsticketonline.com\/da\/wp-json\/wp\/v2\/pages"}],"about":[{"href":"https:\/\/megamillionsticketonline.com\/da\/wp-json\/wp\/v2\/types\/page"}],"author":[{"embeddable":true,"href":"https:\/\/megamillionsticketonline.com\/da\/wp-json\/wp\/v2\/users\/1"}],"replies":[{"embeddable":true,"href":"https:\/\/megamillionsticketonline.com\/da\/wp-json\/wp\/v2\/comments?post=228"}],"version-history":[{"count":0,"href":"https:\/\/megamillionsticketonline.com\/da\/wp-json\/wp\/v2\/pages\/228\/revisions"}],"wp:featuredmedia":[{"embeddable":true,"href":"https:\/\/megamillionsticketonline.com\/da\/wp-json\/wp\/v2\/media\/88"}],"wp:attachment":[{"href":"https:\/\/megamillionsticketonline.com\/da\/wp-json\/wp\/v2\/media?parent=228"}],"curies":[{"name":"wp","href":"https:\/\/api.w.org\/{rel}","templated":true}]}}