{"id":215,"date":"2025-04-26T11:02:55","date_gmt":"2025-04-26T10:02:55","guid":{"rendered":"https:\/\/megamillionsticketonline.com\/domov\/"},"modified":"2025-04-26T11:02:55","modified_gmt":"2025-04-26T10:02:55","slug":"domov","status":"publish","type":"page","link":"https:\/\/megamillionsticketonline.com\/cs\/","title":{"rendered":"Domov"},"content":{"rendered":"<p>Mega Millions Lotto je jednou z nejzn\u00e1m\u011bj\u0161\u00edch loteri\u00ed v USA. Nab\u00edz\u00ed n\u011bkolik zp\u016fsob\u016f, jak vyhr\u00e1t, a OBROVSK\u00dd jackpot, kter\u00fd se m\u016f\u017ee pohybovat od 10 do 600 milion\u016f dolar\u016f! V roce 2012 jackpot t\u00e9to loterie vyhr\u00e1lo celkem osm lid\u00ed. V roce 2018 v\u0161ak byl vyhr\u00e1n ohromuj\u00edc\u00ed jackpot Mega Millions ve v\u00fd\u0161i 1 550 milion\u016f dolar\u016f \u2013 sv\u011btov\u00fd rekord v loterii!<\/p>\n<p>Jackpoty nab\u00edzen\u00e9 loteri\u00ed Mega Millions jsou bezkonkuren\u010dn\u00ed, za\u010d\u00ednaj\u00ed na velikosti, kter\u00e1 se rovn\u00e1 tomu, co nab\u00edzej\u00ed jin\u00e9 loterie v dob\u011b sv\u00e9 \u0161pi\u010dky. I kdy\u017e nejv\u011bt\u0161\u00ed po\u010det hr\u00e1\u010d\u016f poch\u00e1z\u00ed z USA a loterie je ur\u010dena pro obyvatele t\u00e9to zem\u011b, je mo\u017en\u00e9 ji hr\u00e1t odkudkoli na sv\u011bt\u011b! &lt;strong&gt;&lt;span style=&#8220;text-decoration: underline;&#8220;&gt;&lt;a href=&#8220;https:\/\/redfoxlotto.com\/?ref=A8564250A2&amp;amp;medium=memicom&#8220; target=&#8220;_blank&#8220; rel=&#8220;noopener&#8220;&gt;L\u00edstky do Mega Millions si m\u016f\u017eete koupit online s pomoc\u00ed RedFoxLotto &#8211; klikn\u011bte sem pro n\u00e1v\u0161t\u011bvu -&lt;\/a&gt;&lt;\/span&gt;&lt;\/strong&gt; tato spole\u010dnost nab\u00edz\u00ed n\u00e1kup l\u00edstk\u016f za v\u00e1s v USA a pot\u00e9 v\u00e1m je p\u0159epo\u0161le.<\/p>\n<p>S jejich slu\u017ebou prodeje l\u00edstk\u016f se nyn\u00ed m\u016f\u017eete \u00fa\u010dastnit &lt;span style=&#8220;text-decoration: underline;&#8220;&gt;&lt;a href=&#8220;http:\/\/www.onlinelotto365.com&#8220; target=&#8220;_blank&#8220; rel=&#8220;noopener&#8220;&gt;libovoln\u00e9 mezin\u00e1rodn\u00ed loterie online&lt;\/a&gt;&lt;\/span&gt; &#8211; nab\u00edzej\u00ed sv\u00e9 slu\u017eby pro v\u00edce ne\u017e 30 mezin\u00e1rodn\u00edch loteri\u00ed. To v\u00e1m d\u00e1v\u00e1 mnohem v\u011bt\u0161\u00ed \u0161anci vyhr\u00e1t v Mega Millions obrovsk\u00e9 \u010d\u00e1stky pen\u011bz ve srovn\u00e1n\u00ed s va\u0161\u00ed m\u00edstn\u00ed loteri\u00ed.<br \/>\n&lt;h2&gt;Jak to tedy funguje?&lt;\/h2&gt;<br \/>\nPo zasl\u00e1n\u00ed loterijn\u00edho l\u00edstku Mega Millions e-mailem v\u00e1m bude zasl\u00e1n los Mega Millions:<br \/>\n&lt;ul&gt;<br \/>\n&lt;li&gt;Vyberte si loterii Mega Millions ze seznamu v bo\u010dn\u00edm sloupci nebo klikn\u011bte na widget nad t\u00edmto \u010dl\u00e1nkem&lt;\/li&gt;<br \/>\n&lt;li&gt;Zadejte sv\u00e1 \u0161\u0165astn\u00e1 \u010d\u00edsla nebo nechte software, aby to ud\u011blal za v\u00e1s (pomoc\u00ed gener\u00e1toru n\u00e1hodn\u00fdch \u010d\u00edsel, tzv. \u201eRychl\u00fd v\u00fdb\u011br\u201c)&lt;\/li&gt;<br \/>\n&lt;li&gt;Vyberte po\u010det lini\u00ed a tah\u016f, pro kter\u00e9 chcete los koupit&lt;\/li&gt;<br \/>\n&lt;li&gt;Po dokon\u010den\u00ed objedn\u00e1vky v\u00e1m agent z RedFoxLotto zakoup\u00ed v\u00e1mi objednan\u00fd los va\u0161\u00edm jm\u00e9nem a s va\u0161\u00edm jm\u00e9nem.&lt;\/li&gt;<br \/>\n&lt;li&gt;Sv\u016fj los pozd\u011bji najdete ve sv\u00e9m z\u00e1kaznick\u00e9m \u00fa\u010dtu&lt;\/li&gt;<br \/>\n&lt;\/ul&gt;<br \/>\nSlu\u017eby RedFoxLotto vyu\u017e\u00edvaj\u00ed miliony lid\u00ed po cel\u00e9m sv\u011bt\u011b. Jejich hr\u00e1\u010di vyhr\u00e1li miliony dolar\u016f a nikdy nem\u011bli probl\u00e9m s doru\u010den\u00edm sv\u00fdch v\u00fdher. Na losu se zobraz\u00ed va\u0161e cel\u00e9 jm\u00e9no, krom\u011b vybran\u00fdch \u010d\u00edsel. V\u00fdb\u011br pen\u011bz bez va\u0161eho upozorn\u011bn\u00ed nen\u00ed mo\u017en\u00fd, te\u010dka.<br \/>\n&lt;h2&gt;Mega Millions nen\u00ed jedin\u00e1 hra, pro kterou RedFoxLotto nab\u00edz\u00ed losy&lt;\/h2&gt;<br \/>\nM\u016f\u017eete se tak\u00e9 z\u00fa\u010dastnit loteri\u00ed, jako jsou PowerBall Lotto, El Gordo, SuperEnalotto, Euro Millions Lottery a mnoho dal\u0161\u00edch. Velkou v\u00fdhodou je, \u017ee kdykoli budete m\u00edt \u0161t\u011bst\u00ed, v\u017edy zjist\u00edte, \u017ee alespo\u0148 jeden nebo n\u011bkolik jackpot\u016f loterie jsou opravdu velk\u00e9. Hran\u00ed o v\u011bt\u0161\u00ed v\u00fdhru bez placen\u00ed v\u00edce za tiket (ve srovn\u00e1n\u00ed s loteri\u00ed s men\u0161\u00edm jackpotem) zvy\u0161uje va\u0161e matematick\u00e9 \u0161ance na v\u00fdhru velk\u00fdch pen\u011bz!<br \/>\n&lt;h2&gt;Slosov\u00e1n\u00ed o ceny loterie Mega Millions&lt;\/h2&gt;<br \/>\nSlosov\u00e1n\u00ed o ceny pro tuto ud\u00e1lost se konaj\u00ed dva dny v t\u00fddnu \u2013 ka\u017ed\u00e9 \u00fater\u00fd a p\u00e1tek ve 23:00 v\u00fdchodn\u00edho \u010dasu. Poka\u017ed\u00e9 se z bubnu, kter\u00fd obsahuje celkem 59 kuli\u010dek, vylosuje 5 b\u00edl\u00fdch kuli\u010dek. Krom\u011b toho se vylosuje jedno \u010d\u00edslo z bubnu se 46 \u017elut\u00fdmi kuli\u010dkami. \u017dlut\u00e9 kuli\u010dky jsou tak\u00e9 zn\u00e1m\u00e9 jako \u201eMegaBalls\u201c.<\/p>\n<p>Losov\u00e1n\u00ed vys\u00edl\u00e1 stanice WSB-TV se s\u00eddlem v Georgii v Atlant\u011b. Po zakoupen\u00ed tiketu Mega Millions online se nemus\u00edte b\u00e1t, \u017ee byste o svou v\u00fdhru p\u0159i\u0161li \u2013 ozn\u00e1men\u00ed o v\u00fdh\u0159e e-mailem je sou\u010d\u00e1st\u00ed slu\u017eeb RedFoxLotto!<br \/>\n&lt;h2&gt;Zp\u016fsoby, jak vyhr\u00e1t&lt;\/h2&gt;<br \/>\nMega Millions nab\u00edz\u00ed 9 r\u016fzn\u00fdch \u00farovn\u00ed v\u00fdher. Abyste vyhr\u00e1li jackpot, zn\u00e1m\u00fd tak\u00e9 jako Hlavn\u00ed cena, mus\u00edte spr\u00e1vn\u011b uhodnout 5 \u010d\u00edsel b\u00edl\u00fdch kuli\u010dek a tak\u00e9 Mega kuli\u010dku. \u0160ance, \u017ee se to stane, je p\u0159ibli\u017en\u011b 1 ku 175 711 536 0000. Jak vid\u00edte, je to mal\u00e1 \u0161ance, ale ne nemo\u017en\u00e1. Koneckonc\u016f, n\u011bkdo mus\u00ed v loterii vyhr\u00e1t, \u017ee?<\/p>\n<p>Pr\u016fm\u011brn\u00e1 Hlavn\u00ed cena je asi 60 milion\u016f dolar\u016f a v p\u0159\u00edpad\u011b, \u017ee vyhrajete, v\u00e1m bude v\u00fdhra v loterii vypl\u00e1cena po dobu n\u011bkolika let. P\u0159\u00edpadn\u011b si m\u016f\u017eete zvolit, \u017ee svou v\u00fdhru obdr\u017e\u00edte jednor\u00e1zov\u011b v pln\u00e9 v\u00fd\u0161i, ale pak bude v\u00fdplata o n\u011bco ni\u017e\u0161\u00ed.<\/p>\n<p>Krom\u011b hlavn\u00ed ceny lze v Megamillions vyhr\u00e1t dal\u0161\u00edch 8 cen. Celkov\u00e1 \u0161ance na v\u00fdhru jak\u00e9koli ceny je 1 ku 39,89.<\/p>\n<p>\u00dapln\u00fd p\u0159ehled mo\u017en\u00fdch pen\u011b\u017en\u00edch v\u00fdher v loterii Mega Millions a podm\u00ednek pro jejich v\u00fdhru naleznete n\u00ed\u017ee:<br \/>\n&lt;ul&gt;<br \/>\n&lt;li&gt;5 b\u00edl\u00fdch kuli\u010dek + Mega kuli\u010dka \u2013 Hlavn\u00ed cena (Jackpot)&lt;\/li&gt;<br \/>\n&lt;li&gt;5 b\u00edl\u00fdch kuli\u010dek \u2013 250 000 $&lt;\/li&gt;<br \/>\n&lt;li&gt;4 b\u00edl\u00e9 kuli\u010dky + Mega kuli\u010dka \u2013 10 000 $&lt;\/li&gt;<br \/>\n&lt;li&gt;4 b\u00edl\u00e9 kuli\u010dky \u2013 150 $&lt;\/li&gt;<br \/>\n&lt;li&gt;3 b\u00edl\u00e9 kuli\u010dky + Mega kuli\u010dka \u2013 150 $&lt;\/li&gt;<br \/>\n&lt;li&gt;3 b\u00edl\u00e9 kuli\u010dky \u2013 7 $&lt;\/li&gt;<br \/>\n&lt;li&gt;2 b\u00edl\u00e9 kuli\u010dky + Mega kuli\u010dka \u2013 10 $&lt;\/li&gt;<br \/>\n&lt;li&gt;1 b\u00edl\u00e1 kuli\u010dka + Mega kuli\u010dka \u2013 3 $&lt;\/li&gt;<br \/>\n&lt;li&gt;Samotn\u00e1 Mega kuli\u010dka \u2013 2 $&lt;\/li&gt;<br \/>\n&lt;\/ul&gt;<br \/>\nLoterie Mega Millions nab\u00edz\u00ed tak\u00e9 dal\u0161\u00ed funkci \u2013 MegaPlie. P\u0159ed ka\u017ed\u00fdm tahem se provede MegaPlie.Pro n\u00e1sleduj\u00edc\u00ed losov\u00e1n\u00ed, kter\u00e9 m\u016f\u017ee b\u00fdt 2x, 3x nebo 4x, je vybr\u00e1na \u0161ance r. Tento multiplik\u00e1tor se pot\u00e9 pou\u017eije na v\u0161echny vyhran\u00e9 ceny, s v\u00fdjimkou jackpotu. Abyste mohli tuto funkci vyu\u017e\u00edt, mus\u00edte p\u0159i n\u00e1kupu tiketu p\u0159idat 1 dolar.<br \/>\n&lt;h2&gt;Mohu hr\u00e1t Mega Millions ze sv\u00e9 zem\u011b?&lt;\/h2&gt;<br \/>\nT\u00edsn\u011b Mega Millions lze v sou\u010dasn\u00e9 dob\u011b zakoupit tradi\u010dn\u00edm zp\u016fsobem ve 42 st\u00e1tech USA, co\u017e znamen\u00e1, \u017ee si je m\u016f\u017eete zakoupit u kter\u00e9hokoli m\u00edstn\u00edho prodejce loteri\u00ed. Tuto loterii si v\u0161ak m\u016f\u017eete zahr\u00e1t i z jak\u00e9hokoli jin\u00e9ho m\u00edsta na sv\u011bt\u011b. To lze prov\u00e9st pomoc\u00ed RedFoxLotto, kde si m\u016f\u017eete online zakoupit tikety do v\u0161ech nejobl\u00edben\u011bj\u0161\u00edch loteri\u00ed na planet\u011b, v\u010detn\u011b tiket\u016f Megamillions.<\/p>\n","protected":false},"excerpt":{"rendered":"<p>Mega Millions Lotto je jednou z nejzn\u00e1m\u011bj\u0161\u00edch loteri\u00ed v USA. Nab\u00edz\u00ed n\u011bkolik zp\u016fsob\u016f, jak vyhr\u00e1t, a OBROVSK\u00dd jackpot, kter\u00fd se m\u016f\u017ee pohybovat od 10 do 600 milion\u016f dolar\u016f! V roce 2012 jackpot t\u00e9to loterie vyhr\u00e1lo celkem osm lid\u00ed. V roce 2018 v\u0161ak byl vyhr\u00e1n ohromuj\u00edc\u00ed jackpot Mega Millions ve v\u00fd\u0161i 1 550 milion\u016f dolar\u016f \u2013&hellip;<\/p>\n","protected":false},"author":1,"featured_media":87,"parent":0,"menu_order":1,"comment_status":"closed","ping_status":"closed","template":"","meta":{"footnotes":""},"class_list":["post-215","page","type-page","status-publish","has-post-thumbnail","hentry"],"yoast_head":"<!-- This site is optimized with the Yoast SEO plugin v25.9 - https:\/\/yoast.com\/wordpress\/plugins\/seo\/ -->\n<title>Z\u00edskejte online tiket do loterie Mega Millions a vyhrajte obrovsk\u00e9 jackpoty!<\/title>\n<meta name=\"description\" content=\"L\u00edstek do Mega Millions si m\u016f\u017eete koupit online \u2013 nez\u00e1le\u017e\u00ed na tom, kde bydl\u00edte!\" \/>\n<meta name=\"robots\" content=\"index, follow, max-snippet:-1, max-image-preview:large, max-video-preview:-1\" \/>\n<link rel=\"canonical\" href=\"https:\/\/megamillionsticketonline.com\/cs\/\" \/>\n<meta property=\"og:locale\" content=\"cs_CZ\" \/>\n<meta property=\"og:type\" content=\"article\" \/>\n<meta property=\"og:title\" content=\"Z\u00edskejte online tiket do loterie Mega Millions a vyhrajte obrovsk\u00e9 jackpoty!\" \/>\n<meta property=\"og:description\" content=\"L\u00edstek do Mega Millions si m\u016f\u017eete koupit online \u2013 nez\u00e1le\u017e\u00ed na tom, kde bydl\u00edte!\" \/>\n<meta property=\"og:url\" content=\"https:\/\/megamillionsticketonline.com\/cs\/\" \/>\n<meta property=\"og:image\" content=\"https:\/\/megamillionsticketonline.com\/wp-content\/uploads\/2022\/03\/2020-landscape-1.png\" \/>\n\t<meta property=\"og:image:width\" content=\"1200\" \/>\n\t<meta property=\"og:image:height\" content=\"769\" \/>\n\t<meta property=\"og:image:type\" content=\"image\/png\" \/>\n<meta name=\"twitter:card\" content=\"summary_large_image\" \/>\n<meta name=\"twitter:label1\" content=\"Odhadovan\u00e1 doba \u010dten\u00ed\" \/>\n\t<meta name=\"twitter:data1\" content=\"6 minut\" \/>\n<script type=\"application\/ld+json\" class=\"yoast-schema-graph\">{\"@context\":\"https:\/\/schema.org\",\"@graph\":[{\"@type\":\"WebPage\",\"@id\":\"https:\/\/megamillionsticketonline.com\/cs\/\",\"url\":\"https:\/\/megamillionsticketonline.com\/cs\/\",\"name\":\"Z\u00edskejte online tiket do loterie Mega Millions a vyhrajte obrovsk\u00e9 jackpoty!\",\"isPartOf\":{\"@id\":\"https:\/\/megamillionsticketonline.com\/cs\/#website\"},\"primaryImageOfPage\":{\"@id\":\"https:\/\/megamillionsticketonline.com\/cs\/#primaryimage\"},\"image\":{\"@id\":\"https:\/\/megamillionsticketonline.com\/cs\/#primaryimage\"},\"thumbnailUrl\":\"https:\/\/megamillionsticketonline.com\/wp-content\/uploads\/2022\/03\/2020-landscape-1.png\",\"datePublished\":\"2025-04-26T10:02:55+00:00\",\"description\":\"L\u00edstek do Mega Millions si m\u016f\u017eete koupit online \u2013 nez\u00e1le\u017e\u00ed na tom, kde bydl\u00edte!\",\"inLanguage\":\"cs\",\"potentialAction\":[{\"@type\":\"ReadAction\",\"target\":[\"https:\/\/megamillionsticketonline.com\/cs\/\"]}]},{\"@type\":\"ImageObject\",\"inLanguage\":\"cs\",\"@id\":\"https:\/\/megamillionsticketonline.com\/cs\/#primaryimage\",\"url\":\"https:\/\/megamillionsticketonline.com\/wp-content\/uploads\/2022\/03\/2020-landscape-1.png\",\"contentUrl\":\"https:\/\/megamillionsticketonline.com\/wp-content\/uploads\/2022\/03\/2020-landscape-1.png\",\"width\":1200,\"height\":769},{\"@type\":\"WebSite\",\"@id\":\"https:\/\/megamillionsticketonline.com\/cs\/#website\",\"url\":\"https:\/\/megamillionsticketonline.com\/cs\/\",\"name\":\"\",\"description\":\"\",\"potentialAction\":[{\"@type\":\"SearchAction\",\"target\":{\"@type\":\"EntryPoint\",\"urlTemplate\":\"https:\/\/megamillionsticketonline.com\/cs\/?s={search_term_string}\"},\"query-input\":{\"@type\":\"PropertyValueSpecification\",\"valueRequired\":true,\"valueName\":\"search_term_string\"}}],\"inLanguage\":\"cs\"}]}<\/script>\n<!-- \/ Yoast SEO plugin. -->","yoast_head_json":{"title":"Z\u00edskejte online tiket do loterie Mega Millions a vyhrajte obrovsk\u00e9 jackpoty!","description":"L\u00edstek do Mega Millions si m\u016f\u017eete koupit online \u2013 nez\u00e1le\u017e\u00ed na tom, kde bydl\u00edte!","robots":{"index":"index","follow":"follow","max-snippet":"max-snippet:-1","max-image-preview":"max-image-preview:large","max-video-preview":"max-video-preview:-1"},"canonical":"https:\/\/megamillionsticketonline.com\/cs\/","og_locale":"cs_CZ","og_type":"article","og_title":"Z\u00edskejte online tiket do loterie Mega Millions a vyhrajte obrovsk\u00e9 jackpoty!","og_description":"L\u00edstek do Mega Millions si m\u016f\u017eete koupit online \u2013 nez\u00e1le\u017e\u00ed na tom, kde bydl\u00edte!","og_url":"https:\/\/megamillionsticketonline.com\/cs\/","og_image":[{"width":1200,"height":769,"url":"https:\/\/megamillionsticketonline.com\/wp-content\/uploads\/2022\/03\/2020-landscape-1.png","type":"image\/png"}],"twitter_card":"summary_large_image","twitter_misc":{"Odhadovan\u00e1 doba \u010dten\u00ed":"6 minut"},"schema":{"@context":"https:\/\/schema.org","@graph":[{"@type":"WebPage","@id":"https:\/\/megamillionsticketonline.com\/cs\/","url":"https:\/\/megamillionsticketonline.com\/cs\/","name":"Z\u00edskejte online tiket do loterie Mega Millions a vyhrajte obrovsk\u00e9 jackpoty!","isPartOf":{"@id":"https:\/\/megamillionsticketonline.com\/cs\/#website"},"primaryImageOfPage":{"@id":"https:\/\/megamillionsticketonline.com\/cs\/#primaryimage"},"image":{"@id":"https:\/\/megamillionsticketonline.com\/cs\/#primaryimage"},"thumbnailUrl":"https:\/\/megamillionsticketonline.com\/wp-content\/uploads\/2022\/03\/2020-landscape-1.png","datePublished":"2025-04-26T10:02:55+00:00","description":"L\u00edstek do Mega Millions si m\u016f\u017eete koupit online \u2013 nez\u00e1le\u017e\u00ed na tom, kde bydl\u00edte!","inLanguage":"cs","potentialAction":[{"@type":"ReadAction","target":["https:\/\/megamillionsticketonline.com\/cs\/"]}]},{"@type":"ImageObject","inLanguage":"cs","@id":"https:\/\/megamillionsticketonline.com\/cs\/#primaryimage","url":"https:\/\/megamillionsticketonline.com\/wp-content\/uploads\/2022\/03\/2020-landscape-1.png","contentUrl":"https:\/\/megamillionsticketonline.com\/wp-content\/uploads\/2022\/03\/2020-landscape-1.png","width":1200,"height":769},{"@type":"WebSite","@id":"https:\/\/megamillionsticketonline.com\/cs\/#website","url":"https:\/\/megamillionsticketonline.com\/cs\/","name":"","description":"","potentialAction":[{"@type":"SearchAction","target":{"@type":"EntryPoint","urlTemplate":"https:\/\/megamillionsticketonline.com\/cs\/?s={search_term_string}"},"query-input":{"@type":"PropertyValueSpecification","valueRequired":true,"valueName":"search_term_string"}}],"inLanguage":"cs"}]}},"_links":{"self":[{"href":"https:\/\/megamillionsticketonline.com\/cs\/wp-json\/wp\/v2\/pages\/215","targetHints":{"allow":["GET"]}}],"collection":[{"href":"https:\/\/megamillionsticketonline.com\/cs\/wp-json\/wp\/v2\/pages"}],"about":[{"href":"https:\/\/megamillionsticketonline.com\/cs\/wp-json\/wp\/v2\/types\/page"}],"author":[{"embeddable":true,"href":"https:\/\/megamillionsticketonline.com\/cs\/wp-json\/wp\/v2\/users\/1"}],"replies":[{"embeddable":true,"href":"https:\/\/megamillionsticketonline.com\/cs\/wp-json\/wp\/v2\/comments?post=215"}],"version-history":[{"count":0,"href":"https:\/\/megamillionsticketonline.com\/cs\/wp-json\/wp\/v2\/pages\/215\/revisions"}],"wp:featuredmedia":[{"embeddable":true,"href":"https:\/\/megamillionsticketonline.com\/cs\/wp-json\/wp\/v2\/media\/87"}],"wp:attachment":[{"href":"https:\/\/megamillionsticketonline.com\/cs\/wp-json\/wp\/v2\/media?parent=215"}],"curies":[{"name":"wp","href":"https:\/\/api.w.org\/{rel}","templated":true}]}}